{"id":1603,"date":"2021-03-19T19:44:14","date_gmt":"2021-03-19T18:44:14","guid":{"rendered":"http:\/\/www.randocabane.fr\/?page_id=1603"},"modified":"2025-11-26T11:53:09","modified_gmt":"2025-11-26T10:53:09","slug":"en-route-pour-le-vignoble-nantais","status":"publish","type":"page","link":"https:\/\/www.randocabane.fr\/index.php\/en-route-pour-le-vignoble-nantais\/","title":{"rendered":"En route pour le vignoble Nantais !"},"content":{"rendered":"\n<div class=\"wp-block-columns is-layout-flex wp-container-core-columns-is-layout-1 wp-block-columns-is-layout-flex\">\n<div class=\"wp-block-column is-layout-flow wp-block-column-is-layout-flow\" style=\"flex-basis:66.66%\">\n<p>Situ\u00e9 principalement au sud de la Loire \u00e0 quelques kilom\u00e8tres de la ville de Nantes, le vignoble s&#8217;\u00e9tend entre S\u00e8vre et Maine sur plusieurs communes de Vertou \u00e0 Clisson.<\/p>\n\n\n\n<p><\/p>\n\n\n\n<p>Il offre une multitude de paysages diversifi\u00e9s, de nombreux sentiers de randonn\u00e9es, ainsi qu\u2019un patrimoine naturel et culturel tr\u00e8s riche.<\/p>\n<\/div>\n\n\n\n<div class=\"wp-block-column is-layout-flow wp-block-column-is-layout-flow\" style=\"flex-basis:33.33%\">\n<figure class=\"wp-block-image size-medium\"><img loading=\"lazy\" decoding=\"async\" width=\"300\" height=\"236\" src=\"https:\/\/www.randocabane.fr\/wp-content\/uploads\/2021\/03\/map-300x236.jpg\" alt=\"Carte du Vignoble de Nantes\" class=\"wp-image-1933\" srcset=\"https:\/\/www.randocabane.fr\/wp-content\/uploads\/2021\/03\/map-300x236.jpg 300w, https:\/\/www.randocabane.fr\/wp-content\/uploads\/2021\/03\/map-1024x806.jpg 1024w, https:\/\/www.randocabane.fr\/wp-content\/uploads\/2021\/03\/map-768x604.jpg 768w, https:\/\/www.randocabane.fr\/wp-content\/uploads\/2021\/03\/map-1536x1209.jpg 1536w, https:\/\/www.randocabane.fr\/wp-content\/uploads\/2021\/03\/map-2048x1612.jpg 2048w\" sizes=\"auto, (max-width: 300px) 100vw, 300px\" \/><\/figure>\n<\/div>\n<\/div>\n\n\n\n<h2 class=\"wp-block-heading\"><strong>Les acc\u00e8s au vignoble<\/strong><\/h2>\n\n\n\n<div class=\"wp-block-media-text alignwide is-stacked-on-mobile is-vertically-aligned-center\" style=\"grid-template-columns:16% auto\"><figure class=\"wp-block-media-text__media\"><img loading=\"lazy\" decoding=\"async\" width=\"500\" height=\"706\" src=\"https:\/\/www.randocabane.fr\/wp-content\/uploads\/2021\/03\/voiture-rouge2.jpg\" alt=\"Voiture - Vignoble de Nantes\" class=\"wp-image-1983 size-full\" srcset=\"https:\/\/www.randocabane.fr\/wp-content\/uploads\/2021\/03\/voiture-rouge2.jpg 500w, https:\/\/www.randocabane.fr\/wp-content\/uploads\/2021\/03\/voiture-rouge2-212x300.jpg 212w\" sizes=\"auto, (max-width: 500px) 100vw, 500px\" \/><\/figure><div class=\"wp-block-media-text__content\">\n<h3 class=\"wp-block-heading has-text-align-left\">En voiture<\/h3>\n\n\n\n<ul class=\"wp-block-list\">\n<li>Rennes  : 1h 30<\/li>\n\n\n\n<li>Angers : 1h 10<\/li>\n\n\n\n<li>Paris : 3h 50<\/li>\n<\/ul>\n\n\n\n<p>Pour un voyage plus respectueux de l&#8217;environnement pensez au <a href=\"https:\/\/inforoutes.loire-atlantique.fr\/jcms\/navigation\/navigation-principale\/covoiturage\/trouvez-une-aire-de-covoiturage-en-loire-atlantique\/les-aires-de-covoiturage-en-loire-atlantique-fr-p1_37942\" target=\"_blank\" rel=\"noreferrer noopener\">covoiturage<\/a> !<\/p>\n\n\n\n<p>Un parking gratuit et s\u00e9curis\u00e9 est mis \u00e0 disposition sur le site de Saint-Fiacre-sur-Maine. Vous pourrez ainsi laisser votre voiture au cours votre randonn\u00e9e.<\/p>\n<\/div><\/div>\n\n\n\n<hr class=\"wp-block-separator has-css-opacity\"\/>\n\n\n\n<div class=\"wp-block-media-text alignwide has-media-on-the-right is-stacked-on-mobile\" style=\"grid-template-columns:auto 16%\"><div class=\"wp-block-media-text__content\">\n<h3 class=\"wp-block-heading has-text-align-left\">En train<\/h3>\n\n\n\n<ul class=\"wp-block-list\">\n<li>Rennes &#8211; Nantes : 1h 15 en TER<\/li>\n\n\n\n<li>Angers &#8211; Nantes : 45 min<\/li>\n\n\n\n<li>Paris &#8211; Nantes : 2h 30<\/li>\n<\/ul>\n\n\n\n<p>Une fois arriv\u00e9 en gare de Nantes vous pouvez prendre le&nbsp;<a href=\"https:\/\/www.ter.sncf.com\/pays-de-la-loire\/offres\/voyagez-pas-cher\/nantes-clisson\" target=\"_blank\" rel=\"noreferrer noopener\">TER T2<\/a>&nbsp;en direction de Clisson. Il dessert les gares de : Vertou, la Haye-Fouassi\u00e8re, Le Pallet et Clisson. Nous vous proposons ensuite de venir vous chercher \u00e0 votre arriv\u00e9e. Un transfert en Minivan 7 places depuis la gare de Nantes jusqu\u2019\u00e0 votre cabane est \u00e9galement possible. N\u2019h\u00e9sitez pas \u00e0 <a href=\"https:\/\/www.randocabane.fr\/#contact\">nous contacter<\/a> pour que nous organisions cela ensemble&nbsp;!<\/p>\n\n\n\n<h4 class=\"wp-block-heading\">Voyager avec son v\u00e9lo<\/h4>\n\n\n\n<ul class=\"wp-block-list\">\n<li>En train : Un emplacement pour votre v\u00e9lo est \u00e0 r\u00e9server en m\u00eame temps que votre billet.<\/li>\n\n\n\n<li>En TER : Des emplacements en libre service et gratuits sont mis \u00e0 disposition sans r\u00e9servation selon la place disponible.<\/li>\n<\/ul>\n<\/div><figure class=\"wp-block-media-text__media\"><img loading=\"lazy\" decoding=\"async\" width=\"500\" height=\"625\" src=\"https:\/\/www.randocabane.fr\/wp-content\/uploads\/2021\/03\/train-bleu.jpeg\" alt=\"Train\" class=\"wp-image-1778 size-full\" srcset=\"https:\/\/www.randocabane.fr\/wp-content\/uploads\/2021\/03\/train-bleu.jpeg 500w, https:\/\/www.randocabane.fr\/wp-content\/uploads\/2021\/03\/train-bleu-240x300.jpeg 240w\" sizes=\"auto, (max-width: 500px) 100vw, 500px\" \/><\/figure><\/div>\n\n\n\n<hr class=\"wp-block-separator has-css-opacity\"\/>\n\n\n\n<div class=\"wp-block-media-text alignwide is-stacked-on-mobile\" style=\"grid-template-columns:16% auto\"><figure class=\"wp-block-media-text__media\"><img loading=\"lazy\" decoding=\"async\" width=\"500\" height=\"687\" src=\"https:\/\/www.randocabane.fr\/wp-content\/uploads\/2021\/03\/velo-blanc2.jpeg\" alt=\"V\u00e9lo - Vignoble de Nantes\" class=\"wp-image-1985 size-full\" srcset=\"https:\/\/www.randocabane.fr\/wp-content\/uploads\/2021\/03\/velo-blanc2.jpeg 500w, https:\/\/www.randocabane.fr\/wp-content\/uploads\/2021\/03\/velo-blanc2-218x300.jpeg 218w\" sizes=\"auto, (max-width: 500px) 100vw, 500px\" \/><\/figure><div class=\"wp-block-media-text__content\">\n<h3 class=\"wp-block-heading has-text-align-left\">\u00c0 v\u00e9lo<\/h3>\n\n\n\n<ul id=\"block-f74d0d97-dd5e-468a-bcf6-aed5555b8d94\" class=\"wp-block-list\">\n<li>Depuis la Loire \u00e0 V\u00e9lo : Acc\u00e9dez au vignoble par la commune de Saint-Julien-de-Concelles. <\/li>\n\n\n\n<li>Depuis Vend\u00e9e V\u00e9lo : Arriv\u00e9e \u00e0 Clisson par la <a href=\"https:\/\/vendeevelo.vendee.fr\/les-differentes-pistes\/haut-bocage\/45-autour-de-cugand\" target=\"_blank\" rel=\"noreferrer noopener\">boucle 45<\/a> &#8220;Autour de Cugand&#8221;<\/li>\n<\/ul>\n<\/div><\/div>\n\n\n\n<hr class=\"wp-block-separator has-css-opacity\"\/>\n\n\n\n<div class=\"wp-block-media-text alignwide has-media-on-the-right is-stacked-on-mobile\" style=\"grid-template-columns:auto 16%\"><div class=\"wp-block-media-text__content\">\n<h3 class=\"wp-block-heading has-text-align-center\">P\u00e8lerins de Saint-Jacques de Compostelle<\/h3>\n\n\n\n<ul class=\"wp-block-list\">\n<li>Par la voie de la <a href=\"https:\/\/www.compostelle-bretagne.fr\/index.php\/fr\/guide-et-chemin\/voie-de-la-pointe-saint-mathieu#Fiches\" target=\"_blank\" rel=\"noreferrer noopener\">Pointe Saint-Mathieu<\/a> (chemin de Compostelle)<\/li>\n<\/ul>\n<\/div><figure class=\"wp-block-media-text__media\"><img loading=\"lazy\" decoding=\"async\" width=\"600\" height=\"600\" src=\"https:\/\/www.randocabane.fr\/wp-content\/uploads\/2021\/03\/LOGO-ICE.jpg\" alt=\"\" class=\"wp-image-2128 size-full\" srcset=\"https:\/\/www.randocabane.fr\/wp-content\/uploads\/2021\/03\/LOGO-ICE.jpg 600w, https:\/\/www.randocabane.fr\/wp-content\/uploads\/2021\/03\/LOGO-ICE-300x300.jpg 300w, https:\/\/www.randocabane.fr\/wp-content\/uploads\/2021\/03\/LOGO-ICE-150x150.jpg 150w\" sizes=\"auto, (max-width: 600px) 100vw, 600px\" \/><\/figure><\/div>\n\n\n\n<hr class=\"wp-block-separator has-css-opacity\"\/>\n\n\n\n<h3 class=\"wp-block-heading has-text-align-center\">En savoir plus sur nos cabanes : <\/h3>\n\n\n\n<div class=\"wp-block-buttons is-horizontal is-content-justification-center is-layout-flex wp-container-core-buttons-is-layout-1 wp-block-buttons-is-layout-flex\">\n<div class=\"wp-block-button is-style-outline is-style-outline--1\"><a class=\"wp-block-button__link has-white-color has-text-color has-background wp-element-button\" href=\"https:\/\/www.randocabane.fr\/index.php\/les-services-randocabane\/\" style=\"background-color:#94c11f\">Tarifs et services<\/a><\/div>\n<\/div>\n\n\n\n<p class=\"has-text-align-center\">4 cabanes sur le site de St Fiacre sur Maine<\/p>\n\n\n\n\r\n            <style>.wpgmza_table_category { display: none !important; }<\/style><style>.wpgmza_table_marker { display: none; }<\/style><style>.wpgmza_table_title { display: none; }<\/style><style>.wpgmza_table_address { display: none; }<\/style>\r\n            \r\n            \r\n            <a name='map7'><\/a>\r\n            \r\n            \r\n            \r\n            \r\n            <div class=\"wpgmza_map \"  id=\"wpgmza_map_7\" style=\"display:block; overflow:auto; width:100%; height:400px; float:left;\" data-settings='{\"id\":\"7\",\"map_title\":\"Carte acc\\u00e8s\",\"map_width\":\"100\",\"map_height\":\"400\",\"map_start_lat\":\"47.21818450000001\",\"map_start_lng\":\"-1.5413855999999997\",\"map_start_location\":\"\",\"map_start_zoom\":\"10\",\"default_marker\":\"\",\"type\":\"0\",\"alignment\":\"0\",\"directions_enabled\":\"0\",\"styling_enabled\":\"0\",\"styling_json\":\"\",\"active\":\"0\",\"kml\":\"\",\"bicycle\":\"0\",\"traffic\":\"0\",\"dbox\":\"1\",\"dbox_width\":\"100\",\"listmarkers\":\"0\",\"listmarkers_advanced\":\"0\",\"filterbycat\":\"0\",\"ugm_enabled\":\"0\",\"ugm_category_enabled\":\"0\",\"fusion\":\"\",\"map_width_type\":\"%\",\"map_height_type\":\"px\",\"mass_marker_support\":\"0\",\"ugm_access\":\"0\",\"order_markers_by\":\"1\",\"order_markers_choice\":\"1\",\"show_user_location\":\"0\",\"default_to\":\"\",\"other_settings\":{\"map_type\":1,\"sl_stroke_color\":\"#ff0000\",\"sl_fill_color\":\"#ff0000\",\"sl_stroke_opacity\":\"1\",\"sl_fill_opacity\":\"0.5\",\"transport_layer\":false,\"action\":\"wpgmza_save_map\",\"redirect_to\":\"\\\/wp-admin\\\/admin-post.php\",\"map_id\":\"7\",\"http_referer\":\"\\\/wp-admin\\\/admin.php?page=wp-google-maps-menu&amp;action=edit&amp;map_id=7\",\"wpgmza_id\":\"7\",\"wpgmza_start_location\":\"47.21818450000001,-1.5413855999999997\",\"wpgmza_start_zoom\":\"10\",\"wpgmza_dbox_width_type\":\"%\",\"default_from\":\"\",\"directions_behaviour\":\"default\",\"force_google_directions_app\":false,\"directions_route_origin_icon\":\"https:\\\/\\\/www.randocabane.fr\\\/wp-content\\\/plugins\\\/wp-google-maps\\\/images\\\/spotlight-poi2.png\",\"directions_origin_retina\":false,\"directions_route_destination_icon\":\"https:\\\/\\\/www.randocabane.fr\\\/wp-content\\\/plugins\\\/wp-google-maps\\\/images\\\/spotlight-poi2.png\",\"directions_destination_retina\":false,\"directions_route_stroke_color\":\"#4f8df5\",\"directions_route_stroke_weight\":\"4\",\"directions_route_stroke_opacity\":\"0.8\",\"store_locator_enabled\":false,\"store_locator_search_area\":\"radial\",\"wpgmza_store_locator_radius_style\":\"legacy\",\"wpgmza_store_locator_default_radius\":\"10\",\"store_locator_auto_area_max_zoom\":\"\",\"wpgmza_store_locator_restrict\":\"\",\"store_locator_distance\":false,\"wpgmza_store_locator_position\":false,\"store_locator_category\":false,\"wpgmza_store_locator_use_their_location\":false,\"wpgmza_store_locator_bounce\":false,\"upload_default_sl_marker\":\"\",\"retina\":false,\"wpgmza_sl_animation\":\"0\",\"wpgmza_store_locator_hide_before_search\":false,\"store_locator_query_string\":\"\",\"store_locator_default_address\":\"\",\"store_locator_name_search\":false,\"store_locator_name_string\":\"\",\"store_locator_not_found_message\":\"\",\"wpgmza_map_align\":\"1\",\"upload_default_ul_marker\":\"\",\"jump_to_nearest_marker_on_initialization\":false,\"automatically_pan_to_users_location\":false,\"override_users_location_zoom_level\":false,\"override_users_location_zoom_levels\":\"\",\"show_distance_from_location\":false,\"map_max_zoom\":\"21\",\"map_min_zoom\":\"0\",\"click_open_link\":false,\"fit_maps_bounds_to_markers\":false,\"fit_maps_bounds_to_markers_after_filtering\":false,\"hide_point_of_interest\":false,\"wpgmza_zoom_on_marker_click\":false,\"wpgmza_zoom_on_marker_click_slider\":\"\",\"close_infowindow_on_map_click\":false,\"disable_lightbox_images\":false,\"use_Raw_Jpeg_Coordinates\":false,\"polygon_labels\":false,\"enable_advanced_custom_fields_integration\":false,\"enable_toolset_woocommerce_integration\":false,\"only_load_markers_within_viewport\":false,\"iw_primary_color\":\"\",\"iw_accent_color\":\"\",\"iw_text_color\":\"\",\"wpgmza_listmarkers_by\":\"0\",\"wpgmza_marker_listing_position\":false,\"datatable_no_result_message\":\"\",\"remove_search_box_datables\":false,\"dataTable_pagination_style\":\"default\",\"datatable_search_string\":\"\",\"datatable_result_start\":\"\",\"datatable_result_of\":\"\",\"datatable_result_to\":\"\",\"datatable_result_total\":\"\",\"datatable_result_show\":\"\",\"datatable_result_entries\":\"\",\"wpgmza_savemap\":\"Enregistrer la carte \\u00bb\",\"shortcodeAttributes\":{\"id\":\"7\"}}}' data-map-id='7' data-shortcode-attributes='{\"id\":\"7\"}'> <\/div>\r\n            \r\n               \r\n        \n\n\n\n<p><\/p>\n","protected":false},"excerpt":{"rendered":"<p>Situ\u00e9 principalement au sud de la Loire \u00e0 quelques kilom\u00e8tres de la ville de Nantes, le vignoble s&#8217;\u00e9tend entre S\u00e8vre et Maine sur plusieurs communes de Vertou \u00e0 Clisson. Il &#8230;<\/p>\n","protected":false},"author":2,"featured_media":0,"parent":0,"menu_order":3,"comment_status":"closed","ping_status":"closed","template":"","meta":{"footnotes":""},"class_list":["post-1603","page","type-page","status-publish","hentry"],"yoast_head":"<!-- This site is optimized with the Yoast SEO plugin v26.4 - https:\/\/yoast.com\/wordpress\/plugins\/seo\/ -->\n<title>Vignoble - En route pour le vignoble Nantais ! - Randocabane<\/title>\n<meta name=\"description\" content=\"D\u00e9couvrez le vignoble Nantais ! Tous les acc\u00e8s au vignoble de Nantes sont disponible ici : voiture, train et v\u00e9lo, on s&#039;adapte \u00e0 vous.\" \/>\n<meta name=\"robots\" content=\"index, follow, max-snippet:-1, max-image-preview:large, max-video-preview:-1\" \/>\n<link rel=\"canonical\" href=\"https:\/\/www.randocabane.fr\/index.php\/en-route-pour-le-vignoble-nantais\/\" \/>\n<meta property=\"og:locale\" content=\"fr_FR\" \/>\n<meta property=\"og:type\" content=\"article\" \/>\n<meta property=\"og:title\" content=\"Vignoble - En route pour le vignoble Nantais ! - Randocabane\" \/>\n<meta property=\"og:description\" content=\"D\u00e9couvrez le vignoble Nantais ! Tous les acc\u00e8s au vignoble de Nantes sont disponible ici : voiture, train et v\u00e9lo, on s&#039;adapte \u00e0 vous.\" \/>\n<meta property=\"og:url\" content=\"https:\/\/www.randocabane.fr\/index.php\/en-route-pour-le-vignoble-nantais\/\" \/>\n<meta property=\"og:site_name\" content=\"Randocabane\" \/>\n<meta property=\"article:modified_time\" content=\"2025-11-26T10:53:09+00:00\" \/>\n<meta property=\"og:image\" content=\"https:\/\/www.randocabane.fr\/wp-content\/uploads\/2021\/03\/map-300x236.jpg\" \/>\n<meta name=\"twitter:card\" content=\"summary_large_image\" \/>\n<meta name=\"twitter:label1\" content=\"Dur\u00e9e de lecture estim\u00e9e\" \/>\n\t<meta name=\"twitter:data1\" content=\"3 minutes\" \/>\n<script type=\"application\/ld+json\" class=\"yoast-schema-graph\">{\"@context\":\"https:\/\/schema.org\",\"@graph\":[{\"@type\":\"WebPage\",\"@id\":\"https:\/\/www.randocabane.fr\/index.php\/en-route-pour-le-vignoble-nantais\/\",\"url\":\"https:\/\/www.randocabane.fr\/index.php\/en-route-pour-le-vignoble-nantais\/\",\"name\":\"Vignoble - En route pour le vignoble Nantais ! - Randocabane\",\"isPartOf\":{\"@id\":\"https:\/\/www.randocabane.fr\/#website\"},\"primaryImageOfPage\":{\"@id\":\"https:\/\/www.randocabane.fr\/index.php\/en-route-pour-le-vignoble-nantais\/#primaryimage\"},\"image\":{\"@id\":\"https:\/\/www.randocabane.fr\/index.php\/en-route-pour-le-vignoble-nantais\/#primaryimage\"},\"thumbnailUrl\":\"https:\/\/www.randocabane.fr\/wp-content\/uploads\/2021\/03\/map-300x236.jpg\",\"datePublished\":\"2021-03-19T18:44:14+00:00\",\"dateModified\":\"2025-11-26T10:53:09+00:00\",\"description\":\"D\u00e9couvrez le vignoble Nantais ! Tous les acc\u00e8s au vignoble de Nantes sont disponible ici : voiture, train et v\u00e9lo, on s'adapte \u00e0 vous.\",\"breadcrumb\":{\"@id\":\"https:\/\/www.randocabane.fr\/index.php\/en-route-pour-le-vignoble-nantais\/#breadcrumb\"},\"inLanguage\":\"fr-FR\",\"potentialAction\":[{\"@type\":\"ReadAction\",\"target\":[\"https:\/\/www.randocabane.fr\/index.php\/en-route-pour-le-vignoble-nantais\/\"]}]},{\"@type\":\"ImageObject\",\"inLanguage\":\"fr-FR\",\"@id\":\"https:\/\/www.randocabane.fr\/index.php\/en-route-pour-le-vignoble-nantais\/#primaryimage\",\"url\":\"https:\/\/www.randocabane.fr\/wp-content\/uploads\/2021\/03\/map-300x236.jpg\",\"contentUrl\":\"https:\/\/www.randocabane.fr\/wp-content\/uploads\/2021\/03\/map-300x236.jpg\"},{\"@type\":\"BreadcrumbList\",\"@id\":\"https:\/\/www.randocabane.fr\/index.php\/en-route-pour-le-vignoble-nantais\/#breadcrumb\",\"itemListElement\":[{\"@type\":\"ListItem\",\"position\":1,\"name\":\"Accueil\",\"item\":\"https:\/\/www.randocabane.fr\/\"},{\"@type\":\"ListItem\",\"position\":2,\"name\":\"En route pour le vignoble Nantais !\"}]},{\"@type\":\"WebSite\",\"@id\":\"https:\/\/www.randocabane.fr\/#website\",\"url\":\"https:\/\/www.randocabane.fr\/\",\"name\":\"Randocabane\",\"description\":\"De cabane en cabane\",\"publisher\":{\"@id\":\"https:\/\/www.randocabane.fr\/#organization\"},\"potentialAction\":[{\"@type\":\"SearchAction\",\"target\":{\"@type\":\"EntryPoint\",\"urlTemplate\":\"https:\/\/www.randocabane.fr\/?s={search_term_string}\"},\"query-input\":{\"@type\":\"PropertyValueSpecification\",\"valueRequired\":true,\"valueName\":\"search_term_string\"}}],\"inLanguage\":\"fr-FR\"},{\"@type\":\"Organization\",\"@id\":\"https:\/\/www.randocabane.fr\/#organization\",\"name\":\"Randocabane\",\"url\":\"https:\/\/www.randocabane.fr\/\",\"logo\":{\"@type\":\"ImageObject\",\"inLanguage\":\"fr-FR\",\"@id\":\"https:\/\/www.randocabane.fr\/#\/schema\/logo\/image\/\",\"url\":\"https:\/\/www.randocabane.fr\/wp-content\/uploads\/2020\/12\/cropped-logo-randocabane-500.jpg\",\"contentUrl\":\"https:\/\/www.randocabane.fr\/wp-content\/uploads\/2020\/12\/cropped-logo-randocabane-500.jpg\",\"width\":500,\"height\":335,\"caption\":\"Randocabane\"},\"image\":{\"@id\":\"https:\/\/www.randocabane.fr\/#\/schema\/logo\/image\/\"}}]}<\/script>\n<!-- \/ Yoast SEO plugin. -->","yoast_head_json":{"title":"Vignoble - En route pour le vignoble Nantais ! - Randocabane","description":"D\u00e9couvrez le vignoble Nantais ! Tous les acc\u00e8s au vignoble de Nantes sont disponible ici : voiture, train et v\u00e9lo, on s'adapte \u00e0 vous.","robots":{"index":"index","follow":"follow","max-snippet":"max-snippet:-1","max-image-preview":"max-image-preview:large","max-video-preview":"max-video-preview:-1"},"canonical":"https:\/\/www.randocabane.fr\/index.php\/en-route-pour-le-vignoble-nantais\/","og_locale":"fr_FR","og_type":"article","og_title":"Vignoble - En route pour le vignoble Nantais ! - Randocabane","og_description":"D\u00e9couvrez le vignoble Nantais ! Tous les acc\u00e8s au vignoble de Nantes sont disponible ici : voiture, train et v\u00e9lo, on s'adapte \u00e0 vous.","og_url":"https:\/\/www.randocabane.fr\/index.php\/en-route-pour-le-vignoble-nantais\/","og_site_name":"Randocabane","article_modified_time":"2025-11-26T10:53:09+00:00","og_image":[{"url":"https:\/\/www.randocabane.fr\/wp-content\/uploads\/2021\/03\/map-300x236.jpg","type":"","width":"","height":""}],"twitter_card":"summary_large_image","twitter_misc":{"Dur\u00e9e de lecture estim\u00e9e":"3 minutes"},"schema":{"@context":"https:\/\/schema.org","@graph":[{"@type":"WebPage","@id":"https:\/\/www.randocabane.fr\/index.php\/en-route-pour-le-vignoble-nantais\/","url":"https:\/\/www.randocabane.fr\/index.php\/en-route-pour-le-vignoble-nantais\/","name":"Vignoble - En route pour le vignoble Nantais ! - Randocabane","isPartOf":{"@id":"https:\/\/www.randocabane.fr\/#website"},"primaryImageOfPage":{"@id":"https:\/\/www.randocabane.fr\/index.php\/en-route-pour-le-vignoble-nantais\/#primaryimage"},"image":{"@id":"https:\/\/www.randocabane.fr\/index.php\/en-route-pour-le-vignoble-nantais\/#primaryimage"},"thumbnailUrl":"https:\/\/www.randocabane.fr\/wp-content\/uploads\/2021\/03\/map-300x236.jpg","datePublished":"2021-03-19T18:44:14+00:00","dateModified":"2025-11-26T10:53:09+00:00","description":"D\u00e9couvrez le vignoble Nantais ! Tous les acc\u00e8s au vignoble de Nantes sont disponible ici : voiture, train et v\u00e9lo, on s'adapte \u00e0 vous.","breadcrumb":{"@id":"https:\/\/www.randocabane.fr\/index.php\/en-route-pour-le-vignoble-nantais\/#breadcrumb"},"inLanguage":"fr-FR","potentialAction":[{"@type":"ReadAction","target":["https:\/\/www.randocabane.fr\/index.php\/en-route-pour-le-vignoble-nantais\/"]}]},{"@type":"ImageObject","inLanguage":"fr-FR","@id":"https:\/\/www.randocabane.fr\/index.php\/en-route-pour-le-vignoble-nantais\/#primaryimage","url":"https:\/\/www.randocabane.fr\/wp-content\/uploads\/2021\/03\/map-300x236.jpg","contentUrl":"https:\/\/www.randocabane.fr\/wp-content\/uploads\/2021\/03\/map-300x236.jpg"},{"@type":"BreadcrumbList","@id":"https:\/\/www.randocabane.fr\/index.php\/en-route-pour-le-vignoble-nantais\/#breadcrumb","itemListElement":[{"@type":"ListItem","position":1,"name":"Accueil","item":"https:\/\/www.randocabane.fr\/"},{"@type":"ListItem","position":2,"name":"En route pour le vignoble Nantais !"}]},{"@type":"WebSite","@id":"https:\/\/www.randocabane.fr\/#website","url":"https:\/\/www.randocabane.fr\/","name":"Randocabane","description":"De cabane en cabane","publisher":{"@id":"https:\/\/www.randocabane.fr\/#organization"},"potentialAction":[{"@type":"SearchAction","target":{"@type":"EntryPoint","urlTemplate":"https:\/\/www.randocabane.fr\/?s={search_term_string}"},"query-input":{"@type":"PropertyValueSpecification","valueRequired":true,"valueName":"search_term_string"}}],"inLanguage":"fr-FR"},{"@type":"Organization","@id":"https:\/\/www.randocabane.fr\/#organization","name":"Randocabane","url":"https:\/\/www.randocabane.fr\/","logo":{"@type":"ImageObject","inLanguage":"fr-FR","@id":"https:\/\/www.randocabane.fr\/#\/schema\/logo\/image\/","url":"https:\/\/www.randocabane.fr\/wp-content\/uploads\/2020\/12\/cropped-logo-randocabane-500.jpg","contentUrl":"https:\/\/www.randocabane.fr\/wp-content\/uploads\/2020\/12\/cropped-logo-randocabane-500.jpg","width":500,"height":335,"caption":"Randocabane"},"image":{"@id":"https:\/\/www.randocabane.fr\/#\/schema\/logo\/image\/"}}]}},"_links":{"self":[{"href":"https:\/\/www.randocabane.fr\/index.php\/wp-json\/wp\/v2\/pages\/1603","targetHints":{"allow":["GET"]}}],"collection":[{"href":"https:\/\/www.randocabane.fr\/index.php\/wp-json\/wp\/v2\/pages"}],"about":[{"href":"https:\/\/www.randocabane.fr\/index.php\/wp-json\/wp\/v2\/types\/page"}],"author":[{"embeddable":true,"href":"https:\/\/www.randocabane.fr\/index.php\/wp-json\/wp\/v2\/users\/2"}],"replies":[{"embeddable":true,"href":"https:\/\/www.randocabane.fr\/index.php\/wp-json\/wp\/v2\/comments?post=1603"}],"version-history":[{"count":81,"href":"https:\/\/www.randocabane.fr\/index.php\/wp-json\/wp\/v2\/pages\/1603\/revisions"}],"predecessor-version":[{"id":3449,"href":"https:\/\/www.randocabane.fr\/index.php\/wp-json\/wp\/v2\/pages\/1603\/revisions\/3449"}],"wp:attachment":[{"href":"https:\/\/www.randocabane.fr\/index.php\/wp-json\/wp\/v2\/media?parent=1603"}],"curies":[{"name":"wp","href":"https:\/\/api.w.org\/{rel}","templated":true}]}}