{"id":1683,"date":"2021-02-25T19:45:38","date_gmt":"2021-02-25T18:45:38","guid":{"rendered":"http:\/\/www.randocabane.fr\/?page_id=1683"},"modified":"2025-08-14T09:17:22","modified_gmt":"2025-08-14T07:17:22","slug":"cgv-randocabane","status":"publish","type":"page","link":"https:\/\/www.randocabane.fr\/index.php\/cgv-randocabane\/","title":{"rendered":"Conditions g\u00e9n\u00e9rales de ventes"},"content":{"rendered":"\n<p>Conditions g\u00e9n\u00e9rales de vente de prestations de services en ligne \u00e0 des consommateurs particuliers<\/p>\n\n\n\n<p>Pr\u00e9ambule<\/p>\n\n\n\n<p>Les pr\u00e9sentes conditions g\u00e9n\u00e9rales de vente s&#8217;appliquent \u00e0 toutes les prestations de services conclues sur le site Internet RandoCabane.<br>Le site Internet RandoCabane est un service de :<\/p>\n\n\n\n<ul class=\"wp-block-list\">\n<li>la soci\u00e9t\u00e9 Franck Pasquier<\/li>\n\n\n\n<li>situ\u00e9e \u00e0 : 35 rue de la combe 44690 Saint Fiacre sur Maine<\/li>\n\n\n\n<li>adresse URL du site : https:\/\/www.randocabane.fr<\/li>\n\n\n\n<li>adresse mail : fpasquier@randocabane.fr<\/li>\n\n\n\n<li>t\u00e9l\u00e9phone : 0643924728<br>Le client d\u00e9clare avoir pris connaissance et avoir accept\u00e9 les conditions g\u00e9n\u00e9rales de vente ant\u00e9rieurement \u00e0 la passation de la commande. La validation de la commande vaut donc acceptation des conditions g\u00e9n\u00e9rales de vente.<\/li>\n<\/ul>\n\n\n\n<p>Article 1 &#8211; Contenu et champ d&#8217;application<\/p>\n\n\n\n<p>Les pr\u00e9sentes conditions g\u00e9n\u00e9rales de vente s&#8217;appliquent de plein droit aux prestations de services suivantes : Nuit\u00e9e en Cabane de Randonn\u00e9e et services associ\u00e9s.<br>Elles s&#8217;appliquent \u00e0 l&#8217;exclusion de toutes autres conditions, et notamment celles applicables pour les ventes sur internet ou au moyen d&#8217;autres circuits de distribution et de commercialisation.<br>La vente est r\u00e9put\u00e9e conclue \u00e0 la date d&#8217;acceptation de la commande ou \u00e0 l&#8217;achat imm\u00e9diat par le vendeur.<br>Toute commande ou achat imm\u00e9diat implique l&#8217;adh\u00e9sion sans r\u00e9serve aux pr\u00e9sentes conditions g\u00e9n\u00e9rales de vente qui pr\u00e9valent sur toutes autres conditions, \u00e0 l&#8217;exception de celles qui ont \u00e9t\u00e9 accept\u00e9es express\u00e9ment par le vendeur.<br>L&#8217;acheteur d\u00e9clare avoir pris connaissance des pr\u00e9sentes conditions g\u00e9n\u00e9rales de vente et les avoir accept\u00e9es avant son achat imm\u00e9diat ou la passation de sa commande.<\/p>\n\n\n\n<p>Article 2 &#8211; Informations pr\u00e9contractuelles<\/p>\n\n\n\n<p>Pr\u00e9alablement \u00e0 l&#8217;achat imm\u00e9diat ou \u00e0 la passation de la commande et \u00e0 la conclusion du contrat, ces conditions g\u00e9n\u00e9rales de vente sont communiqu\u00e9es \u00e0 l&#8217;acheteur, qui reconna\u00eet les avoir re\u00e7ues.<br>Sont transmises \u00e0 l&#8217;acheteur, de mani\u00e8re claire et compr\u00e9hensible, les informations suivantes :<\/p>\n\n\n\n<ul class=\"wp-block-list\">\n<li>les caract\u00e9ristiques essentielles du service ;<\/li>\n\n\n\n<li>le prix du service ou le mode de calcul du prix et, s&#8217;il y a lieu, tous les frais suppl\u00e9mentaires de transport, de livraison ou d&#8217;affranchissement et tous les autres frais \u00e9ventuels ;<\/li>\n\n\n\n<li>la date ou le d\u00e9lai auquel le prestataire s&#8217;engage \u00e0 ex\u00e9cuter le service, quel que soit son prix, et toute autre condition contractuelle ;<\/li>\n\n\n\n<li>les informations relatives \u00e0 l&#8217;identit\u00e9 du prestataire, \u00e0 ses coordonn\u00e9es postales, t\u00e9l\u00e9phoniques et \u00e9lectroniques, et \u00e0 ses activit\u00e9s ;<\/li>\n\n\n\n<li>les modalit\u00e9s pr\u00e9vues pour le traitement des r\u00e9clamations ;<\/li>\n\n\n\n<li>la dur\u00e9e du contrat, lorsqu&#8217;il est conclu \u00e0 dur\u00e9e d\u00e9termin\u00e9e, ou les conditions de sa r\u00e9siliation en cas de contrat \u00e0 dur\u00e9e ind\u00e9termin\u00e9e ;<\/li>\n\n\n\n<li>en ce qui concerne le contenu num\u00e9rique toute interop\u00e9rabilit\u00e9 pertinente de ce contenu avec certains mat\u00e9riels ou logiciels dont le professionnel a ou devrait raisonnablement avoir connaissance.<\/li>\n<\/ul>\n\n\n\n<p>Le prestataire de services doit \u00e9galement communiquer \u00e0 l&#8217;acheteur, ou mettre \u00e0 sa disposition, les informations suivantes :<\/p>\n\n\n\n<ul class=\"wp-block-list\">\n<li>statut et forme juridique, coordonn\u00e9es permettant d&#8217;entrer en contact rapidement et de communiquer directement avec lui ;<\/li>\n\n\n\n<li>le cas \u00e9ch\u00e9ant, le num\u00e9ro d&#8217;inscription au registre du commerce et des soci\u00e9t\u00e9s ou au r\u00e9pertoire des m\u00e9tiers ;<\/li>\n\n\n\n<li>pour les activit\u00e9s soumises \u00e0 un r\u00e9gime d&#8217;autorisation, le nom et l&#8217;adresse de l&#8217;autorit\u00e9 l&#8217;ayant d\u00e9livr\u00e9e ;<\/li>\n\n\n\n<li>pour le prestataire assujetti \u00e0 la taxe sur la valeur ajout\u00e9e et identifi\u00e9 par un num\u00e9ro individuel en application de l&#8217;article 286 ter du code g\u00e9n\u00e9ral des imp\u00f4ts, son num\u00e9ro individuel d&#8217;identification ;<\/li>\n\n\n\n<li>pour le prestataire membre d&#8217;une profession r\u00e9glement\u00e9e, son titre professionnel, l&#8217;\u00c9tat membre de l&#8217;UE dans lequel il a \u00e9t\u00e9 octroy\u00e9 ainsi que le nom de l&#8217;ordre ou de l&#8217;organisme professionnel aupr\u00e8s duquel il est inscrit ;<\/li>\n\n\n\n<li>l&#8217;\u00e9ventuelle garantie financi\u00e8re ou assurance de responsabilit\u00e9 professionnelle souscrite par lui, les coordonn\u00e9es de l&#8217;assureur ou du garant ainsi que la couverture g\u00e9ographique du contrat ou de l&#8217;engagement.<\/li>\n<\/ul>\n\n\n\n<p>Article 3 &#8211; Commande<\/p>\n\n\n\n<p>Par commande, il faut entendre tout ordre portant sur les prestations figurant sur les tarifs du vendeur, et accept\u00e9 par lui, accompagn\u00e9 du paiement de l&#8217;acompte \u00e9ventuellement pr\u00e9vu sur le bon de commande.<br>Toute commande, pour \u00eatre valable, doit \u00eatre \u00e9tablie sur les bons de commande du vendeur, \u00e0 la disposition de la client\u00e8le dans ses magasins.<br>Toute commande parvenue au vendeur est r\u00e9put\u00e9e ferme et d\u00e9finitive.<br>Elle entra\u00eene adh\u00e9sion et acceptation pleine et enti\u00e8re des pr\u00e9sentes conditions g\u00e9n\u00e9rales de vente et obligation de paiement des produits command\u00e9s.<br>L&#8217;acheteur dispose d&#8217;un droit de r\u00e9tractation de 14 jours \u00e0 compter de la conclusion du contrat, sauf exception pr\u00e9vue par l&#8217;article L.211-28 du Code de la consommation.<\/p>\n\n\n\n<p>Article 4 &#8211; Devis<\/p>\n\n\n\n<p>Pour les services donnant lieu \u00e0 l&#8217;\u00e9tablissement d&#8217;un devis pr\u00e9alable, la vente ne sera consid\u00e9r\u00e9e comme d\u00e9finitive qu&#8217;apr\u00e8s \u00e9tablissement d&#8217;un devis par le prestataire et envoi \u00e0 l&#8217;acheteur de la confirmation de l&#8217;acceptation de la commande.<br>Les devis \u00e9tablis par le prestataire ont une dur\u00e9e de validit\u00e9 de 30 jours.<\/p>\n\n\n\n<p>Article 5 &#8211; Ex\u00e9cution de la prestation et r\u00e9solution du contrat<\/p>\n\n\n\n<p>Sauf conditions particuli\u00e8res expresses propres \u00e0 la vente, l&#8217;ex\u00e9cution de la prestation s&#8217;effectuera dans le d\u00e9lai de 2 jours minimum \u00e0 compter de la r\u00e9ception par le vendeur d&#8217;une commande en bonne et due forme.<br>En cas de manquement du vendeur \u00e0 son obligation d&#8217;ex\u00e9cution \u00e0 la date ou \u00e0 l&#8217;expiration du d\u00e9lai pr\u00e9vu ci-dessus, ou, \u00e0 d\u00e9faut, au plus tard 30 jours apr\u00e8s la conclusion du contrat, l&#8217;acheteur peut r\u00e9soudre le contrat, dans les conditions des articles L. 216-2 et L. 216-3 et L. 216-4 du code de la consommation, par lettre recommand\u00e9e avec demande d&#8217;avis de r\u00e9ception ou par un \u00e9crit sur un autre support durable, si, apr\u00e8s avoir enjoint, selon les m\u00eames modalit\u00e9s, le professionnel de fournir le service dans un d\u00e9lai suppl\u00e9mentaire raisonnable, ce dernier ne s&#8217;est pas ex\u00e9cut\u00e9 dans ce d\u00e9lai.<br>Le contrat est consid\u00e9r\u00e9 comme r\u00e9solu \u00e0 la r\u00e9ception par le professionnel de la lettre ou de l&#8217;\u00e9crit l&#8217;informant de cette r\u00e9solution, \u00e0 moins que le professionnel ne se soit ex\u00e9cut\u00e9 entre-temps.<br>N\u00e9anmoins, l&#8217;acheteur peut imm\u00e9diatement r\u00e9soudre le contrat lorsque le professionnel refuse de fournir le service ou lorsqu&#8217;il n&#8217;ex\u00e9cute pas son obligation de fourniture du service \u00e0 la date pr\u00e9vue, si cette date ou ce d\u00e9lai constitue pour l&#8217;acheteur une condition essentielle du contrat. Cette condition essentielle r\u00e9sulte des circonstances qui entourent la conclusion du contrat ou d&#8217;une demande expresse du consommateur avant la conclusion du contrat.<br>Les frais et les risques li\u00e9s \u00e0 cette op\u00e9ration sont \u00e0 la charge exclusive du prestataire.<br>Hormis cas de force majeure, l&#8217;acompte vers\u00e9 \u00e0 la commande est acquis de plein droit et ne peut donner lieu \u00e0 aucun remboursement.<\/p>\n\n\n\n<p>Article 6- Exceptions au d\u00e9lai de r\u00e9tractation<\/p>\n\n\n\n<p>Le d\u00e9lai de r\u00e9tractation de 14 jours ne concerne pas la ou les situations ci-dessous \u00e9num\u00e9r\u00e9es:<\/p>\n\n\n\n<ul class=\"wp-block-list\">\n<li>La prestation concerne des services d&#8217;h\u00e9bergement (h\u00f4tellerie, camping\u2026).<\/li>\n<\/ul>\n\n\n\n<p>Annulation de la commande<br>En cas d&#8217;annulation de la commande par l&#8217;acheteur, apr\u00e8s acceptation du vendeur, pour quelque raison que ce soit hormis la force majeure, une somme correspondant \u00e0 50 % du montant de l&#8217;achat sera acquise au vendeur, \u00e0 titre de dommages et int\u00e9r\u00eats, en r\u00e9paration du pr\u00e9judice ainsi subi.<\/p>\n\n\n\n<p>Article 7 &#8211; Prix<\/p>\n\n\n\n<p>Les prix sont fermes et d\u00e9finitifs. Sauf conditions particuli\u00e8res expresses propres \u00e0 la vente, les prix des prestations effectu\u00e9es sont ceux figurant dans le catalogue des prix au jour de la commande.<br>Ils sont exprim\u00e9s en monnaie l\u00e9gale et stipul\u00e9s toutes taxes comprises.<\/p>\n\n\n\n<p>Article 8 &#8211; Paiement<\/p>\n\n\n\n<p>Sauf autres modalit\u00e9s pr\u00e9vues express\u00e9ment par les conditions particuli\u00e8res, le paiement du prix s&#8217;effectue comptant \u00e0 la commande. Aucune commande ne pourra \u00eatre prise en compte \u00e0 d\u00e9faut d&#8217;un complet paiement \u00e0 cette date.<br>Une somme pay\u00e9e d&#8217;avance calcul\u00e9e selon les modalit\u00e9s suivantes : 50% d&#8217;acompte, est exig\u00e9e lors de la passation de la commande par l&#8217;acheteur.<br>L&#8217;acompte sera vers\u00e9 via le syst\u00e8me de paiement en ligne. Les ch\u00e8ques vacances seront accept\u00e9s sur place, pour le r\u00e8glement du solde ou des suppl\u00e9ments.<br>Les paiements effectu\u00e9s par l&#8217;acheteur ne seront consid\u00e9r\u00e9s comme d\u00e9finitifs qu&#8217;apr\u00e8s encaissement effectif des sommes dues par le prestataire.<br>Une facture sera remise \u00e0 l&#8217;acheteur sur simple demande.<\/p>\n\n\n\n<p>Article 9 &#8211; Garanties &#8211; G\u00e9n\u00e9ralit\u00e9s<\/p>\n\n\n\n<p>9-1 Garantie l\u00e9gale de conformit\u00e9<br>Nantes Wine Tour est garant de la conformit\u00e9 du bien vendu au contrat, permettant \u00e0 l&#8217;acheteur de formuler une demande au titre de la garantie l\u00e9gale de conformit\u00e9 pr\u00e9vue aux articles L. 217-4 et suivants du code de la consommation.<br>En cas de mise en oeuvre de la garantie l\u00e9gale de conformit\u00e9, il est rappel\u00e9 que :<\/p>\n\n\n\n<ul class=\"wp-block-list\">\n<li>l&#8217;acheteur b\u00e9n\u00e9ficie d&#8217;un d\u00e9lai de 2 ans \u00e0 compter de la d\u00e9livrance du bien pour agir ;<\/li>\n\n\n\n<li>l&#8217;acheteur peut choisir entre la r\u00e9paration ou le remplacement du bien, sous r\u00e9serve des conditions de co\u00fbt pr\u00e9vues par l&#8217;article L. 217-17 du code de la consommation ;<\/li>\n\n\n\n<li>l&#8217;acheteur n\u2019a pas \u00e0 apporter la preuve de la non-conformit\u00e9 du bien durant les 24 mois en cas de biens neufs (6 mois en cas de biens d&#8217;occasion), suivant la d\u00e9livrance du bien.<\/li>\n<\/ul>\n\n\n\n<p>9-2 Garantie l\u00e9gales des vices cach\u00e9s<br>Conform\u00e9ment aux articles 1641 et suivants du code civil, Nantes Wine Tour est garant des vices cach\u00e9s pouvant affecter le bien vendu. Il appartiendra \u00e0 l&#8217;acheteur de prouver que les vices existaient \u00e0 la vente du bien et sont de nature \u00e0 rendre le bien impropre \u00e0 l&#8217;usage auquel il est destin\u00e9. Cette garantie doit \u00eatre mise en oeuvre dans un d\u00e9lai de deux ans \u00e0 compter de la d\u00e9couverte du vice.<br>L&#8217;acheteur peut choisir entre la r\u00e9solution de la vente ou une r\u00e9duction du prix conform\u00e9ment \u00e0 l&#8217;article 1644 du code civil.<\/p>\n\n\n\n<p>Article 10 &#8211; Propri\u00e9t\u00e9 intellectuelle<\/p>\n\n\n\n<p>Tous les documents techniques, produits, dessins, photographies remis aux acheteurs demeurent la propri\u00e9t\u00e9 exclusive de Nantes Wine Tour, seul titulaire des droits de propri\u00e9t\u00e9 intellectuelle sur ces documents, et doivent lui \u00eatre rendus \u00e0 sa demande.<br>Les acheteurs clients s&#8217;engagent \u00e0 ne faire aucun usage de ces documents, susceptible de porter atteinte aux droits de propri\u00e9t\u00e9 industrielle ou intellectuelle du fournisseur et s&#8217;engagent \u00e0 ne les divulguer \u00e0 aucun tiers.<\/p>\n\n\n\n<p>Article 11 &#8211; Juridiction comp\u00e9tente<\/p>\n\n\n\n<p>Tous les litiges auxquels les op\u00e9rations d&#8217;achat et de vente conclues en application des pr\u00e9sentes conditions g\u00e9n\u00e9rales de vente pourraient donner lieu, concernant tant leur validit\u00e9, leur interpr\u00e9tation, leur ex\u00e9cution, leur r\u00e9siliation, leurs cons\u00e9quences et leurs suites et qui n&#8217;auraient pas pu \u00eatre r\u00e9solus \u00e0 l&#8217;amiable entre le vendeur et le client, seront soumis aux tribunaux comp\u00e9tents dans les conditions de droit commun.<br>Pour la d\u00e9finition de la juridiction comp\u00e9tente, le vendeur \u00e9lit domicile \u00e0 35 rue de la combe 44690 Saint Fiacre sur Maine.<\/p>\n\n\n\n<p>Article 12 &#8211; Langue du contrat<\/p>\n\n\n\n<p>Les pr\u00e9sentes conditions g\u00e9n\u00e9rales de vente sont r\u00e9dig\u00e9es en langue fran\u00e7aise. Dans le cas o\u00f9 elles seraient traduites en une ou plusieurs langues \u00e9trang\u00e8res, seul le texte fran\u00e7ais ferait foi en cas de litige.<\/p>\n\n\n\n<p>Article 13 &#8211; M\u00e9diation et r\u00e8glement des litiges<\/p>\n\n\n\n<p>L&#8217;acheteur peut recourir \u00e0 une m\u00e9diation conventionnelle, notamment aupr\u00e8s de la Commission de la m\u00e9diation de la consommation ou aupr\u00e8s des instances de m\u00e9diation sectorielles existantes, ou \u00e0 tout mode alternatif de r\u00e8glement des diff\u00e9rends (conciliation, par exemple) en cas de contestation.<\/p>\n\n\n\n<p>Conform\u00e9ment \u00e0 l\u2019article 14 du R\u00e8glement (UE) n\u00b0524\/2013, la Commission Europ\u00e9enne a mis en place une plateforme de R\u00e8glement en Ligne des Litiges, facilitant le r\u00e8glement ind\u00e9pendant par voie extrajudiciaire des litiges en ligne entre consommateurs et professionnels de l\u2019Union europ\u00e9enne. Cette plateforme est accessible au lien suivant : https:\/\/webgate.ec.europa.eu\/odr\/.<\/p>\n\n\n\n<p>Article 14 &#8211; Loi applicable<\/p>\n\n\n\n<p>Les pr\u00e9sentes conditions g\u00e9n\u00e9rales sont soumises \u00e0 l&#8217;application du droit fran\u00e7ais.<br>Il en est ainsi pour les r\u00e8gles de fond comme pour les r\u00e8gles de forme. En cas de litige ou de r\u00e9clamation, l&#8217;acheteur s&#8217;adressera en priorit\u00e9 au vendeur pour obtenir une solution amiable.<\/p>\n\n\n\n<p><\/p>\n\n\n\n<p><a href=\"https:\/\/www.randocabane.fr\/#contact\">Nous contacter<\/a><\/p>\n\n\n\n<p><\/p>\n","protected":false},"excerpt":{"rendered":"<p>Conditions g\u00e9n\u00e9rales de vente de prestations de services en ligne \u00e0 des consommateurs particuliers Pr\u00e9ambule Les pr\u00e9sentes conditions g\u00e9n\u00e9rales de vente s&#8217;appliquent \u00e0 toutes les prestations de services conclues sur &#8230;<\/p>\n","protected":false},"author":2,"featured_media":0,"parent":0,"menu_order":5,"comment_status":"closed","ping_status":"closed","template":"","meta":{"footnotes":""},"class_list":["post-1683","page","type-page","status-publish","hentry"],"yoast_head":"<!-- This site is optimized with the Yoast SEO plugin v26.4 - https:\/\/yoast.com\/wordpress\/plugins\/seo\/ -->\n<title>Conditions g\u00e9n\u00e9rales de ventes - Organiser sa randonn\u00e9e - Randocabane<\/title>\n<meta name=\"description\" content=\"Conditions G\u00e9n\u00e9rales de Ventes des prestations RandoCabane de la soci\u00e9t\u00e9 Nantes Wine Tour - Nuit\u00e9es en cabane et prestations annexes.\" \/>\n<meta name=\"robots\" content=\"index, follow, max-snippet:-1, max-image-preview:large, max-video-preview:-1\" \/>\n<link rel=\"canonical\" href=\"https:\/\/www.randocabane.fr\/index.php\/cgv-randocabane\/\" \/>\n<meta property=\"og:locale\" content=\"fr_FR\" \/>\n<meta property=\"og:type\" content=\"article\" \/>\n<meta property=\"og:title\" content=\"Conditions g\u00e9n\u00e9rales de ventes - Organiser sa randonn\u00e9e - Randocabane\" \/>\n<meta property=\"og:description\" content=\"Conditions G\u00e9n\u00e9rales de Ventes des prestations RandoCabane de la soci\u00e9t\u00e9 Nantes Wine Tour - Nuit\u00e9es en cabane et prestations annexes.\" \/>\n<meta property=\"og:url\" content=\"https:\/\/www.randocabane.fr\/index.php\/cgv-randocabane\/\" \/>\n<meta property=\"og:site_name\" content=\"Randocabane\" \/>\n<meta property=\"article:modified_time\" content=\"2025-08-14T07:17:22+00:00\" \/>\n<meta name=\"twitter:card\" content=\"summary_large_image\" \/>\n<meta name=\"twitter:label1\" content=\"Dur\u00e9e de lecture estim\u00e9e\" \/>\n\t<meta name=\"twitter:data1\" content=\"10 minutes\" \/>\n<script type=\"application\/ld+json\" class=\"yoast-schema-graph\">{\"@context\":\"https:\/\/schema.org\",\"@graph\":[{\"@type\":\"WebPage\",\"@id\":\"https:\/\/www.randocabane.fr\/index.php\/cgv-randocabane\/\",\"url\":\"https:\/\/www.randocabane.fr\/index.php\/cgv-randocabane\/\",\"name\":\"Conditions g\u00e9n\u00e9rales de ventes - Organiser sa randonn\u00e9e - Randocabane\",\"isPartOf\":{\"@id\":\"https:\/\/www.randocabane.fr\/#website\"},\"datePublished\":\"2021-02-25T18:45:38+00:00\",\"dateModified\":\"2025-08-14T07:17:22+00:00\",\"description\":\"Conditions G\u00e9n\u00e9rales de Ventes des prestations RandoCabane de la soci\u00e9t\u00e9 Nantes Wine Tour - Nuit\u00e9es en cabane et prestations annexes.\",\"breadcrumb\":{\"@id\":\"https:\/\/www.randocabane.fr\/index.php\/cgv-randocabane\/#breadcrumb\"},\"inLanguage\":\"fr-FR\",\"potentialAction\":[{\"@type\":\"ReadAction\",\"target\":[\"https:\/\/www.randocabane.fr\/index.php\/cgv-randocabane\/\"]}]},{\"@type\":\"BreadcrumbList\",\"@id\":\"https:\/\/www.randocabane.fr\/index.php\/cgv-randocabane\/#breadcrumb\",\"itemListElement\":[{\"@type\":\"ListItem\",\"position\":1,\"name\":\"Accueil\",\"item\":\"https:\/\/www.randocabane.fr\/\"},{\"@type\":\"ListItem\",\"position\":2,\"name\":\"Conditions g\u00e9n\u00e9rales de ventes\"}]},{\"@type\":\"WebSite\",\"@id\":\"https:\/\/www.randocabane.fr\/#website\",\"url\":\"https:\/\/www.randocabane.fr\/\",\"name\":\"Randocabane\",\"description\":\"De cabane en cabane\",\"publisher\":{\"@id\":\"https:\/\/www.randocabane.fr\/#organization\"},\"potentialAction\":[{\"@type\":\"SearchAction\",\"target\":{\"@type\":\"EntryPoint\",\"urlTemplate\":\"https:\/\/www.randocabane.fr\/?s={search_term_string}\"},\"query-input\":{\"@type\":\"PropertyValueSpecification\",\"valueRequired\":true,\"valueName\":\"search_term_string\"}}],\"inLanguage\":\"fr-FR\"},{\"@type\":\"Organization\",\"@id\":\"https:\/\/www.randocabane.fr\/#organization\",\"name\":\"Randocabane\",\"url\":\"https:\/\/www.randocabane.fr\/\",\"logo\":{\"@type\":\"ImageObject\",\"inLanguage\":\"fr-FR\",\"@id\":\"https:\/\/www.randocabane.fr\/#\/schema\/logo\/image\/\",\"url\":\"https:\/\/www.randocabane.fr\/wp-content\/uploads\/2020\/12\/cropped-logo-randocabane-500.jpg\",\"contentUrl\":\"https:\/\/www.randocabane.fr\/wp-content\/uploads\/2020\/12\/cropped-logo-randocabane-500.jpg\",\"width\":500,\"height\":335,\"caption\":\"Randocabane\"},\"image\":{\"@id\":\"https:\/\/www.randocabane.fr\/#\/schema\/logo\/image\/\"}}]}<\/script>\n<!-- \/ Yoast SEO plugin. -->","yoast_head_json":{"title":"Conditions g\u00e9n\u00e9rales de ventes - Organiser sa randonn\u00e9e - Randocabane","description":"Conditions G\u00e9n\u00e9rales de Ventes des prestations RandoCabane de la soci\u00e9t\u00e9 Nantes Wine Tour - Nuit\u00e9es en cabane et prestations annexes.","robots":{"index":"index","follow":"follow","max-snippet":"max-snippet:-1","max-image-preview":"max-image-preview:large","max-video-preview":"max-video-preview:-1"},"canonical":"https:\/\/www.randocabane.fr\/index.php\/cgv-randocabane\/","og_locale":"fr_FR","og_type":"article","og_title":"Conditions g\u00e9n\u00e9rales de ventes - Organiser sa randonn\u00e9e - Randocabane","og_description":"Conditions G\u00e9n\u00e9rales de Ventes des prestations RandoCabane de la soci\u00e9t\u00e9 Nantes Wine Tour - Nuit\u00e9es en cabane et prestations annexes.","og_url":"https:\/\/www.randocabane.fr\/index.php\/cgv-randocabane\/","og_site_name":"Randocabane","article_modified_time":"2025-08-14T07:17:22+00:00","twitter_card":"summary_large_image","twitter_misc":{"Dur\u00e9e de lecture estim\u00e9e":"10 minutes"},"schema":{"@context":"https:\/\/schema.org","@graph":[{"@type":"WebPage","@id":"https:\/\/www.randocabane.fr\/index.php\/cgv-randocabane\/","url":"https:\/\/www.randocabane.fr\/index.php\/cgv-randocabane\/","name":"Conditions g\u00e9n\u00e9rales de ventes - Organiser sa randonn\u00e9e - Randocabane","isPartOf":{"@id":"https:\/\/www.randocabane.fr\/#website"},"datePublished":"2021-02-25T18:45:38+00:00","dateModified":"2025-08-14T07:17:22+00:00","description":"Conditions G\u00e9n\u00e9rales de Ventes des prestations RandoCabane de la soci\u00e9t\u00e9 Nantes Wine Tour - Nuit\u00e9es en cabane et prestations annexes.","breadcrumb":{"@id":"https:\/\/www.randocabane.fr\/index.php\/cgv-randocabane\/#breadcrumb"},"inLanguage":"fr-FR","potentialAction":[{"@type":"ReadAction","target":["https:\/\/www.randocabane.fr\/index.php\/cgv-randocabane\/"]}]},{"@type":"BreadcrumbList","@id":"https:\/\/www.randocabane.fr\/index.php\/cgv-randocabane\/#breadcrumb","itemListElement":[{"@type":"ListItem","position":1,"name":"Accueil","item":"https:\/\/www.randocabane.fr\/"},{"@type":"ListItem","position":2,"name":"Conditions g\u00e9n\u00e9rales de ventes"}]},{"@type":"WebSite","@id":"https:\/\/www.randocabane.fr\/#website","url":"https:\/\/www.randocabane.fr\/","name":"Randocabane","description":"De cabane en cabane","publisher":{"@id":"https:\/\/www.randocabane.fr\/#organization"},"potentialAction":[{"@type":"SearchAction","target":{"@type":"EntryPoint","urlTemplate":"https:\/\/www.randocabane.fr\/?s={search_term_string}"},"query-input":{"@type":"PropertyValueSpecification","valueRequired":true,"valueName":"search_term_string"}}],"inLanguage":"fr-FR"},{"@type":"Organization","@id":"https:\/\/www.randocabane.fr\/#organization","name":"Randocabane","url":"https:\/\/www.randocabane.fr\/","logo":{"@type":"ImageObject","inLanguage":"fr-FR","@id":"https:\/\/www.randocabane.fr\/#\/schema\/logo\/image\/","url":"https:\/\/www.randocabane.fr\/wp-content\/uploads\/2020\/12\/cropped-logo-randocabane-500.jpg","contentUrl":"https:\/\/www.randocabane.fr\/wp-content\/uploads\/2020\/12\/cropped-logo-randocabane-500.jpg","width":500,"height":335,"caption":"Randocabane"},"image":{"@id":"https:\/\/www.randocabane.fr\/#\/schema\/logo\/image\/"}}]}},"_links":{"self":[{"href":"https:\/\/www.randocabane.fr\/index.php\/wp-json\/wp\/v2\/pages\/1683","targetHints":{"allow":["GET"]}}],"collection":[{"href":"https:\/\/www.randocabane.fr\/index.php\/wp-json\/wp\/v2\/pages"}],"about":[{"href":"https:\/\/www.randocabane.fr\/index.php\/wp-json\/wp\/v2\/types\/page"}],"author":[{"embeddable":true,"href":"https:\/\/www.randocabane.fr\/index.php\/wp-json\/wp\/v2\/users\/2"}],"replies":[{"embeddable":true,"href":"https:\/\/www.randocabane.fr\/index.php\/wp-json\/wp\/v2\/comments?post=1683"}],"version-history":[{"count":3,"href":"https:\/\/www.randocabane.fr\/index.php\/wp-json\/wp\/v2\/pages\/1683\/revisions"}],"predecessor-version":[{"id":3439,"href":"https:\/\/www.randocabane.fr\/index.php\/wp-json\/wp\/v2\/pages\/1683\/revisions\/3439"}],"wp:attachment":[{"href":"https:\/\/www.randocabane.fr\/index.php\/wp-json\/wp\/v2\/media?parent=1683"}],"curies":[{"name":"wp","href":"https:\/\/api.w.org\/{rel}","templated":true}]}}