{"id":1941,"date":"2021-03-28T12:48:55","date_gmt":"2021-03-28T10:48:55","guid":{"rendered":"http:\/\/www.randocabane.fr\/?page_id=1941"},"modified":"2026-03-26T18:42:40","modified_gmt":"2026-03-26T17:42:40","slug":"les-services-randocabane","status":"publish","type":"page","link":"https:\/\/www.randocabane.fr\/index.php\/les-services-randocabane\/","title":{"rendered":"Tarifs et services RandoCabane"},"content":{"rendered":"\n<p><\/p>\n\n\n\n<h2 class=\"wp-block-heading\">Tarifs Cabanes 2026<\/h2>\n\n\n\n<p class=\"has-electric-grass-gradient-background has-text-color has-background\" style=\"color:#121289\"><strong>Tarif de base : 22\u20ac la cabane + 13\u20ac par adulte ou + 9\u20ac par enfant (4 couchages 1 lit double et 2 lits simples).<\/strong><\/p>\n\n\n\n<h3 class=\"wp-block-heading has-luminous-vivid-orange-color has-text-color\"><strong>Dans ma cabane :<\/strong><\/h3>\n\n\n\n<h4 class=\"wp-block-heading has-text-color\" style=\"color:#121289\"><strong>Je dors :  Oreiller + Taie jetable + Couverture polaire dans le tarif de base<\/strong><\/h4>\n\n\n\n<p class=\"has-text-color\" style=\"color:#121289\"><strong>Draps, Serviette de toilette en suppl\u00e9ment (\u00e0 choisir dans la phase de r\u00e9servation) <\/strong><\/p>\n\n\n\n<p class=\"has-text-color\" style=\"color:#121289\">Dans un objectif \u00e9cologique nous encourageons le fait de venir avec son sac de couchage ou &#8220;sac \u00e0 viande&#8221;.<br>Les draps sont en option :<br>Kit draps jetables lit 1 pers. : 7\u20ac<br>Kit draps jetables lit 2 pers. : 10\u20ac<br>Kit draps coton lit 1 pers. : 12\u20ac<br>Kit draps coton lit 2 pers. : 15\u20ac<br>Kit serviettes de toilette : 7\u20ac pour la cabane<\/p>\n\n\n\n<p class=\"has-text-color\" style=\"color:#121289\">Chauffage d&#8217;appoint + Prise \u00e9lectriques pour recharger vos divers accessoires&#8230;<\/p>\n\n\n\n<h3 class=\"wp-block-heading\">Petite visite de la cabane :<\/h3>\n\n\n\n<div class=\"wp-block-media-text is-stacked-on-mobile\"><figure class=\"wp-block-media-text__media\"><video controls src=\"http:\/\/www.randocabane.fr\/wp-content\/uploads\/2026\/03\/RandoCabane2026music.mp4\"><\/video><\/figure><div class=\"wp-block-media-text__content\">\n<h4 class=\"wp-block-heading\">Les 4 cabanes sont identiques<\/h4>\n\n\n\n<p>Sur la gauche le quatri\u00e8me couchage qui se bascule en 10s, possibilit\u00e9 de rentrer les v\u00e9los si vous \u00eates 2 personnes. Sinon local v\u00e9lo s\u00e9curis\u00e9 \u00e0 disposition.<\/p>\n<\/div><\/div>\n\n\n\n<hr class=\"wp-block-separator has-alpha-channel-opacity\"\/>\n\n\n\n<h4 class=\"wp-block-heading has-vivid-purple-color has-text-color has-link-color wp-elements-aa47c2c77f1ac7807202c3bc54b2dd61\">J&#8217;ai faim : je commande ou je cuisine<\/h4>\n\n\n\n<p class=\"has-vivid-purple-color has-text-color has-link-color wp-elements-937a74bce52c6777daaa4da28703989a\"><strong>A disposition dans la cabane :<\/strong><\/p>\n\n\n\n<ul class=\"wp-block-list\">\n<li class=\"has-vivid-purple-color has-text-color has-link-color wp-elements-089f6ac9aeaa0b2cf384cda28cf42ce7\">Kit vaisselle pour 4 personnes : Couverts, assiettes, verres, tasses, bols, tire bouchon, torchon<\/li>\n\n\n\n<li class=\"has-vivid-purple-color has-text-color has-link-color wp-elements-5e6442a81774fead15ad846b6ce32ca4\">Bouilloire, Micro-ondes,Mini R\u00e9frig\u00e9rateur<\/li>\n\n\n\n<li class=\"has-vivid-purple-color has-text-color has-link-color wp-elements-4b30409544dfec960ca85ee7d6ba11fd\">Table devant la cabane et petite table \u00e0 l&#8217;int\u00e9rieur<\/li>\n\n\n\n<li class=\"has-vivid-purple-color has-text-color has-link-color wp-elements-7ebba78bd7bd6f800830fcad58eb87af\"><strong>Je commande : voir ci-dessous, j&#8217;ai un super boucher !<\/strong><\/li>\n\n\n\n<li class=\"has-vivid-purple-color has-text-color has-link-color wp-elements-0576b53095c60b60aec6ff7ea9e29a22\">Sinon, si vous \u00eates p\u00eacheur, il y a des gros poissons dans la S\u00e8vre Nantaise \ud83d\ude09<\/li>\n<\/ul>\n\n\n\n<h4 class=\"wp-block-heading has-vivid-green-cyan-color has-text-color has-link-color wp-elements-89033f7b2a241efad543bd404a897362\">Je me lave et plus<\/h4>\n\n\n\n<ul class=\"wp-block-list\">\n<li class=\"has-vivid-green-cyan-color has-text-color has-link-color wp-elements-564ff6b829a4bf958a6bfbaa61711075\">Douches au local commun, lavabo<\/li>\n\n\n\n<li class=\"has-vivid-green-cyan-color has-text-color has-link-color wp-elements-1dc68978be83abc7f3006fd911f1b09c\">Toilettes s\u00e8ches sur le site<\/li>\n\n\n\n<li class=\"has-vivid-green-cyan-color has-text-color has-link-color wp-elements-7456b91d2299129d6dc8559c8c244a92\">La vaisselle sous l&#8217;abri du bloc sanitaire<\/li>\n\n\n\n<li class=\"has-vivid-green-cyan-color has-text-color has-link-color wp-elements-d54062c1150651e17f406d6e24eeb8e1\">Bien s\u00fbr je trie mes d\u00e9chets&#8230;<\/li>\n<\/ul>\n\n\n\n<h4 class=\"wp-block-heading has-luminous-vivid-amber-color has-text-color has-link-color wp-elements-7b62e066131051dca457176253796479\">A disposition au local commun :<\/h4>\n\n\n\n<p class=\"has-luminous-vivid-amber-color has-text-color has-link-color wp-elements-58ab7e8e3ce640ce3bc51c92efb90ff9\">The big Micro-ondes et r\u00e9frig\u00e9rateur commun, Plats, \u00e9gouttoir, po\u00eale et casserole,&#8230;<\/p>\n\n\n\n<p class=\"has-luminous-vivid-amber-color has-text-color has-link-color wp-elements-bf8307bcfaaed252544023dc094f8455\">Barbecue avec sarments ou charbon de bois et accessoires<\/p>\n\n\n\n<p class=\"has-luminous-vivid-amber-color has-text-color has-link-color wp-elements-0de034e58760d9fe0cc9d7f3df36667b\"><\/p>\n\n\n\n<p>R\u00e9servation par t\u00e9l\u00e9phone au 06 43 92 47 28.<\/p>\n\n\n\n<div class=\"wp-block-columns is-layout-flex wp-container-core-columns-is-layout-1 wp-block-columns-is-layout-flex\">\n<div class=\"wp-block-column is-layout-flow wp-block-column-is-layout-flow\" style=\"flex-basis:25%\"><div class=\"wp-block-image\">\n<figure class=\"aligncenter size-full is-resized\"><img loading=\"lazy\" decoding=\"async\" width=\"600\" height=\"600\" src=\"http:\/\/www.randocabane.fr\/wp-content\/uploads\/2021\/03\/LOGO-ICE.jpg\" alt=\"\" class=\"wp-image-2128\" style=\"width:164px;height:auto\" srcset=\"https:\/\/www.randocabane.fr\/wp-content\/uploads\/2021\/03\/LOGO-ICE.jpg 600w, https:\/\/www.randocabane.fr\/wp-content\/uploads\/2021\/03\/LOGO-ICE-300x300.jpg 300w, https:\/\/www.randocabane.fr\/wp-content\/uploads\/2021\/03\/LOGO-ICE-150x150.jpg 150w\" sizes=\"auto, (max-width: 600px) 100vw, 600px\" \/><\/figure><\/div><\/div>\n\n\n\n<div class=\"wp-block-column is-layout-flow wp-block-column-is-layout-flow\" style=\"flex-basis:50%\"><div class=\"wp-block-image\">\n<figure class=\"aligncenter size-full is-resized\"><img loading=\"lazy\" decoding=\"async\" width=\"769\" height=\"515\" src=\"https:\/\/www.randocabane.fr\/wp-content\/uploads\/2025\/02\/tampon-encreur-saint-fiacre-sur-maine-compostelle-1.jpg\" alt=\"Saint Fiacre sur Maine sur les chemins de Saint Jacques de Compostelle\" class=\"wp-image-3386\" style=\"width:248px;height:auto\" srcset=\"https:\/\/www.randocabane.fr\/wp-content\/uploads\/2025\/02\/tampon-encreur-saint-fiacre-sur-maine-compostelle-1.jpg 769w, https:\/\/www.randocabane.fr\/wp-content\/uploads\/2025\/02\/tampon-encreur-saint-fiacre-sur-maine-compostelle-1-300x201.jpg 300w\" sizes=\"auto, (max-width: 769px) 100vw, 769px\" \/><\/figure><\/div><\/div>\n\n\n\n<div class=\"wp-block-column is-layout-flow wp-block-column-is-layout-flow\" style=\"flex-basis:25%\">\n<p class=\"has-text-align-left\"><strong>Sur pr\u00e9sentation de la Credential, tarif pr\u00e9f\u00e9rentiel sur la formule RandoCabane.<\/strong><\/p>\n<\/div>\n<\/div>\n\n\n\n<h2 class=\"wp-block-heading\">Des services \u00e0 la carte pour vous accompagner en randonn\u00e9e<\/h2>\n\n\n\n<p>Nous mettons \u00e0 votre disposition de nombreuses prestations pour vous satisfaire, c&#8217;est simple : c&#8217;est \u00e0 la carte. Quelques exemples : livraison du petit d\u00e9jeuner, pique-nique, guidages pour des randonn\u00e9es \u00e0 th\u00e8me, transfert \u00e0 partir de votre lieu d&#8217;arriv\u00e9e, transfert de bagages, accompagnement pour des d\u00e9gustations chez nos vignerons partenaires &#8230;<\/p>\n\n\n\n<p>Vous pouvez ajouter ces services lors de la r\u00e9servation de votre cabane ou les pr\u00e9voir plus tard en <a href=\"https:\/\/www.randocabane.fr\/#contact\">nous contactant<\/a>.<\/p>\n\n\n\n<h2 class=\"wp-block-heading has-text-align-center\">Les prestations de RandoCabane<\/h2>\n\n\n\n<h3 class=\"wp-block-heading has-text-color\" style=\"color:#b07e4a\">Les services d&#8217;accompagnement<\/h3>\n\n\n\n<div class=\"wp-block-media-text alignwide has-media-on-the-right is-stacked-on-mobile\" style=\"grid-template-columns:auto 30%\"><div class=\"wp-block-media-text__content\">\n<p><strong>Accompagnement \u00e0 pied &#8211; Oenotourisme  de  2h00 <\/strong>: Forfait  80\u20ac pour les Cabaneurs (1 \u00e0 6 pers.)<\/p>\n\n\n\n<p><strong>Accompagnement \u00e0 pied en soir\u00e9e &#8211; Oenotourisme &#8211; 2h00  :<\/strong> Forfait 70\u20ac pour les Cabaneurs (1 \u00e0 6 pers.)<\/p>\n\n\n\n<p><strong>Accompagnement \u00e0 pied &#8211; D\u00e9couverte du Patrimoine<\/strong><\/p>\n\n\n\n<ul class=\"wp-block-list\">\n<li>D\u00e9couverte du patrimoine de Clisson<\/li>\n\n\n\n<li>D\u00e9couverte d&#8217;un  Village Vigneron et de la S\u00e8vre Nantaise<\/li>\n<\/ul>\n\n\n\n<p><strong>RandoCabane est \u00e0 l&#8217;\u00e9coute de vos envies alors <a href=\"https:\/\/www.randocabane.fr\/#contact\">consultez-nous<\/a> pour concevoir et d\u00e9couvrir nos visites sur la journ\u00e9e ou demi-journ\u00e9e.<\/strong><\/p>\n<\/div><figure class=\"wp-block-media-text__media\"><img loading=\"lazy\" decoding=\"async\" width=\"600\" height=\"600\" src=\"https:\/\/www.randocabane.fr\/wp-content\/uploads\/2021\/03\/rando-groupe.jpg\" alt=\"\" class=\"wp-image-2453 size-full\" srcset=\"https:\/\/www.randocabane.fr\/wp-content\/uploads\/2021\/03\/rando-groupe.jpg 600w, https:\/\/www.randocabane.fr\/wp-content\/uploads\/2021\/03\/rando-groupe-300x300.jpg 300w, https:\/\/www.randocabane.fr\/wp-content\/uploads\/2021\/03\/rando-groupe-150x150.jpg 150w\" sizes=\"auto, (max-width: 600px) 100vw, 600px\" \/><\/figure><\/div>\n\n\n\n<hr class=\"wp-block-separator has-text-color has-css-opacity has-background is-style-default\" style=\"background-color:#89c767;color:#89c767\"\/>\n\n\n\n<h3 class=\"wp-block-heading has-text-color\" style=\"color:#b07e4a\">Les services de restauration<\/h3>\n\n\n\n<div class=\"wp-block-columns is-layout-flex wp-container-core-columns-is-layout-2 wp-block-columns-is-layout-flex\">\n<div class=\"wp-block-column has-electric-grass-gradient-background has-background is-layout-flow wp-block-column-is-layout-flow\">\n<p><strong>Le petit d\u00e9jeuner<\/strong> (8,5\u20ac\/pers)<\/p>\n\n\n\n<p><strong>La formule pique-nique<\/strong> (formule adulte : 14\u20ac, formule enfant de 4 \u00e0 12 ans : 8,50\u20ac)<\/p>\n<\/div>\n\n\n\n<div class=\"wp-block-column is-layout-flow wp-block-column-is-layout-flow\">\n<p class=\"has-electric-grass-gradient-background has-background\"><strong>La formule barbecue<\/strong> (formule adulte : 19\u20ac, formule enfant de 4 \u00e0 12 ans : 11\u20ac)<\/p>\n\n\n\n<p class=\"has-electric-grass-gradient-background has-background\"><strong>Le TOP  : <\/strong>La Planche vigneronne <strong>pour 2<\/strong> et ses sucreries \u00e0 30\u20ac<\/p>\n\n\n\n<p><strong>En option <\/strong>(une bouteille de vin de nos partenaires vignerons)<\/p>\n<\/div>\n<\/div>\n\n\n\n<p class=\"has-text-align-center\"><strong>Un r\u00e9gime particulier ? Pas de souci nos formules s&#8217;adaptent \u00e0 vous !<\/strong><\/p>\n\n\n\n<p class=\"has-text-align-center\"><em>Les formules sont compos\u00e9es principalement de produits locaux. Elles peuvent varier l\u00e9g\u00e8rement en fonction de l&#8217;approvisionnement de nos partenaires locaux.<\/em><\/p>\n\n\n\n<figure class=\"wp-block-gallery aligncenter has-nested-images columns-default is-cropped wp-block-gallery-1 is-layout-flex wp-block-gallery-is-layout-flex\">\n<figure class=\"wp-block-image size-large\"><img loading=\"lazy\" decoding=\"async\" width=\"600\" height=\"400\" data-id=\"2091\" src=\"https:\/\/www.randocabane.fr\/wp-content\/uploads\/2021\/03\/Barbecue.png\" alt=\"Barbecue - services\" class=\"wp-image-2091\" srcset=\"https:\/\/www.randocabane.fr\/wp-content\/uploads\/2021\/03\/Barbecue.png 600w, https:\/\/www.randocabane.fr\/wp-content\/uploads\/2021\/03\/Barbecue-300x200.png 300w\" sizes=\"auto, (max-width: 600px) 100vw, 600px\" \/><figcaption class=\"wp-element-caption\">Formule Barbecue<\/figcaption><\/figure>\n\n\n\n<figure class=\"wp-block-image size-large\"><img loading=\"lazy\" decoding=\"async\" width=\"600\" height=\"421\" data-id=\"2092\" src=\"https:\/\/www.randocabane.fr\/wp-content\/uploads\/2021\/03\/petit-dej-avec-main.png\" alt=\"Petit dej main\" class=\"wp-image-2092\" srcset=\"https:\/\/www.randocabane.fr\/wp-content\/uploads\/2021\/03\/petit-dej-avec-main.png 600w, https:\/\/www.randocabane.fr\/wp-content\/uploads\/2021\/03\/petit-dej-avec-main-300x211.png 300w\" sizes=\"auto, (max-width: 600px) 100vw, 600px\" \/><figcaption class=\"wp-element-caption\">Petit-d\u00e9jeuner<\/figcaption><\/figure>\n\n\n\n<figure class=\"wp-block-image size-large\"><img loading=\"lazy\" decoding=\"async\" width=\"600\" height=\"400\" data-id=\"2095\" src=\"https:\/\/www.randocabane.fr\/wp-content\/uploads\/2021\/03\/Photo-pique-nique.png\" alt=\"pique nique - services\" class=\"wp-image-2095\" srcset=\"https:\/\/www.randocabane.fr\/wp-content\/uploads\/2021\/03\/Photo-pique-nique.png 600w, https:\/\/www.randocabane.fr\/wp-content\/uploads\/2021\/03\/Photo-pique-nique-300x200.png 300w\" sizes=\"auto, (max-width: 600px) 100vw, 600px\" \/><figcaption class=\"wp-element-caption\">Formule pique-nique<\/figcaption><\/figure>\n\n\n\n<figure class=\"wp-block-image size-large\"><img loading=\"lazy\" decoding=\"async\" width=\"600\" height=\"400\" data-id=\"2094\" src=\"https:\/\/www.randocabane.fr\/wp-content\/uploads\/2021\/03\/petit-dej-plateau.png\" alt=\"petit dej plateau\" class=\"wp-image-2094\" srcset=\"https:\/\/www.randocabane.fr\/wp-content\/uploads\/2021\/03\/petit-dej-plateau.png 600w, https:\/\/www.randocabane.fr\/wp-content\/uploads\/2021\/03\/petit-dej-plateau-300x200.png 300w\" sizes=\"auto, (max-width: 600px) 100vw, 600px\" \/><figcaption class=\"wp-element-caption\">Petit-d\u00e9jeuner<\/figcaption><\/figure>\n\n\n\n<figure class=\"wp-block-image size-large\"><img loading=\"lazy\" decoding=\"async\" width=\"600\" height=\"400\" data-id=\"2093\" src=\"https:\/\/www.randocabane.fr\/wp-content\/uploads\/2021\/03\/Petit-dej-transport.png\" alt=\"Panier transport - services\" class=\"wp-image-2093\" srcset=\"https:\/\/www.randocabane.fr\/wp-content\/uploads\/2021\/03\/Petit-dej-transport.png 600w, https:\/\/www.randocabane.fr\/wp-content\/uploads\/2021\/03\/Petit-dej-transport-300x200.png 300w\" sizes=\"auto, (max-width: 600px) 100vw, 600px\" \/><figcaption class=\"wp-element-caption\">Livraison \u00e0 la cabane<\/figcaption><\/figure>\n\n\n\n<figure class=\"wp-block-image size-full\"><img loading=\"lazy\" decoding=\"async\" width=\"1000\" height=\"667\" data-id=\"3178\" src=\"https:\/\/www.randocabane.fr\/wp-content\/uploads\/2023\/05\/planche-vigneronne.jpg\" alt=\"\" class=\"wp-image-3178\" srcset=\"https:\/\/www.randocabane.fr\/wp-content\/uploads\/2023\/05\/planche-vigneronne.jpg 1000w, https:\/\/www.randocabane.fr\/wp-content\/uploads\/2023\/05\/planche-vigneronne-300x200.jpg 300w, https:\/\/www.randocabane.fr\/wp-content\/uploads\/2023\/05\/planche-vigneronne-768x512.jpg 768w\" sizes=\"auto, (max-width: 1000px) 100vw, 1000px\" \/><figcaption class=\"wp-element-caption\">Planche vigneronne<\/figcaption><\/figure>\n<\/figure>\n\n\n\n<h4 class=\"wp-block-heading has-text-align-center\">Nous sommes \u00e0 votre \u00e9coute : si vous avez besoin de conseils <a href=\"https:\/\/www.randocabane.fr\/#contact\">contactez-nous<\/a> !<\/h4>\n","protected":false},"excerpt":{"rendered":"<p>Tarifs Cabanes 2026 Tarif de base : 22\u20ac la cabane + 13\u20ac par adulte ou + 9\u20ac par enfant (4 couchages 1 lit double et 2 lits simples). Dans ma &#8230;<\/p>\n","protected":false},"author":2,"featured_media":0,"parent":0,"menu_order":0,"comment_status":"closed","ping_status":"closed","template":"","meta":{"footnotes":""},"class_list":["post-1941","page","type-page","status-publish","hentry"],"yoast_head":"<!-- This site is optimized with the Yoast SEO plugin v26.4 - https:\/\/yoast.com\/wordpress\/plugins\/seo\/ -->\n<title>Tarifs et services RandoCabane - s\u00e9jour dans le vignoble - Randocabane<\/title>\n<meta name=\"description\" content=\"D\u00e9couvrez les nombreux services que propose RandoCabane. Agr\u00e9menter votre s\u00e9jour par des visites guid\u00e9e, des transfert ou de la restauration.\" \/>\n<meta name=\"robots\" content=\"index, follow, max-snippet:-1, max-image-preview:large, max-video-preview:-1\" \/>\n<link rel=\"canonical\" href=\"https:\/\/www.randocabane.fr\/index.php\/les-services-randocabane\/\" \/>\n<meta property=\"og:locale\" content=\"fr_FR\" \/>\n<meta property=\"og:type\" content=\"article\" \/>\n<meta property=\"og:title\" content=\"Tarifs et services RandoCabane - s\u00e9jour dans le vignoble - Randocabane\" \/>\n<meta property=\"og:description\" content=\"D\u00e9couvrez les nombreux services que propose RandoCabane. Agr\u00e9menter votre s\u00e9jour par des visites guid\u00e9e, des transfert ou de la restauration.\" \/>\n<meta property=\"og:url\" content=\"https:\/\/www.randocabane.fr\/index.php\/les-services-randocabane\/\" \/>\n<meta property=\"og:site_name\" content=\"Randocabane\" \/>\n<meta property=\"article:modified_time\" content=\"2026-03-26T17:42:40+00:00\" \/>\n<meta property=\"og:image\" content=\"https:\/\/www.randocabane.fr\/wp-content\/uploads\/2021\/03\/LOGO-ICE.jpg\" \/>\n\t<meta property=\"og:image:width\" content=\"600\" \/>\n\t<meta property=\"og:image:height\" content=\"600\" \/>\n\t<meta property=\"og:image:type\" content=\"image\/jpeg\" \/>\n<meta name=\"twitter:card\" content=\"summary_large_image\" \/>\n<meta name=\"twitter:label1\" content=\"Dur\u00e9e de lecture estim\u00e9e\" \/>\n\t<meta name=\"twitter:data1\" content=\"5 minutes\" \/>\n<script type=\"application\/ld+json\" class=\"yoast-schema-graph\">{\"@context\":\"https:\/\/schema.org\",\"@graph\":[{\"@type\":\"WebPage\",\"@id\":\"https:\/\/www.randocabane.fr\/index.php\/les-services-randocabane\/\",\"url\":\"https:\/\/www.randocabane.fr\/index.php\/les-services-randocabane\/\",\"name\":\"Tarifs et services RandoCabane - s\u00e9jour dans le vignoble - Randocabane\",\"isPartOf\":{\"@id\":\"https:\/\/www.randocabane.fr\/#website\"},\"primaryImageOfPage\":{\"@id\":\"https:\/\/www.randocabane.fr\/index.php\/les-services-randocabane\/#primaryimage\"},\"image\":{\"@id\":\"https:\/\/www.randocabane.fr\/index.php\/les-services-randocabane\/#primaryimage\"},\"thumbnailUrl\":\"http:\/\/www.randocabane.fr\/wp-content\/uploads\/2021\/03\/LOGO-ICE.jpg\",\"datePublished\":\"2021-03-28T10:48:55+00:00\",\"dateModified\":\"2026-03-26T17:42:40+00:00\",\"description\":\"D\u00e9couvrez les nombreux services que propose RandoCabane. Agr\u00e9menter votre s\u00e9jour par des visites guid\u00e9e, des transfert ou de la restauration.\",\"breadcrumb\":{\"@id\":\"https:\/\/www.randocabane.fr\/index.php\/les-services-randocabane\/#breadcrumb\"},\"inLanguage\":\"fr-FR\",\"potentialAction\":[{\"@type\":\"ReadAction\",\"target\":[\"https:\/\/www.randocabane.fr\/index.php\/les-services-randocabane\/\"]}]},{\"@type\":\"ImageObject\",\"inLanguage\":\"fr-FR\",\"@id\":\"https:\/\/www.randocabane.fr\/index.php\/les-services-randocabane\/#primaryimage\",\"url\":\"https:\/\/www.randocabane.fr\/wp-content\/uploads\/2021\/03\/LOGO-ICE.jpg\",\"contentUrl\":\"https:\/\/www.randocabane.fr\/wp-content\/uploads\/2021\/03\/LOGO-ICE.jpg\",\"width\":600,\"height\":600},{\"@type\":\"BreadcrumbList\",\"@id\":\"https:\/\/www.randocabane.fr\/index.php\/les-services-randocabane\/#breadcrumb\",\"itemListElement\":[{\"@type\":\"ListItem\",\"position\":1,\"name\":\"Accueil\",\"item\":\"https:\/\/www.randocabane.fr\/\"},{\"@type\":\"ListItem\",\"position\":2,\"name\":\"Tarifs et services RandoCabane\"}]},{\"@type\":\"WebSite\",\"@id\":\"https:\/\/www.randocabane.fr\/#website\",\"url\":\"https:\/\/www.randocabane.fr\/\",\"name\":\"Randocabane\",\"description\":\"De cabane en cabane\",\"publisher\":{\"@id\":\"https:\/\/www.randocabane.fr\/#organization\"},\"potentialAction\":[{\"@type\":\"SearchAction\",\"target\":{\"@type\":\"EntryPoint\",\"urlTemplate\":\"https:\/\/www.randocabane.fr\/?s={search_term_string}\"},\"query-input\":{\"@type\":\"PropertyValueSpecification\",\"valueRequired\":true,\"valueName\":\"search_term_string\"}}],\"inLanguage\":\"fr-FR\"},{\"@type\":\"Organization\",\"@id\":\"https:\/\/www.randocabane.fr\/#organization\",\"name\":\"Randocabane\",\"url\":\"https:\/\/www.randocabane.fr\/\",\"logo\":{\"@type\":\"ImageObject\",\"inLanguage\":\"fr-FR\",\"@id\":\"https:\/\/www.randocabane.fr\/#\/schema\/logo\/image\/\",\"url\":\"https:\/\/www.randocabane.fr\/wp-content\/uploads\/2020\/12\/cropped-logo-randocabane-500.jpg\",\"contentUrl\":\"https:\/\/www.randocabane.fr\/wp-content\/uploads\/2020\/12\/cropped-logo-randocabane-500.jpg\",\"width\":500,\"height\":335,\"caption\":\"Randocabane\"},\"image\":{\"@id\":\"https:\/\/www.randocabane.fr\/#\/schema\/logo\/image\/\"}}]}<\/script>\n<!-- \/ Yoast SEO plugin. -->","yoast_head_json":{"title":"Tarifs et services RandoCabane - s\u00e9jour dans le vignoble - Randocabane","description":"D\u00e9couvrez les nombreux services que propose RandoCabane. Agr\u00e9menter votre s\u00e9jour par des visites guid\u00e9e, des transfert ou de la restauration.","robots":{"index":"index","follow":"follow","max-snippet":"max-snippet:-1","max-image-preview":"max-image-preview:large","max-video-preview":"max-video-preview:-1"},"canonical":"https:\/\/www.randocabane.fr\/index.php\/les-services-randocabane\/","og_locale":"fr_FR","og_type":"article","og_title":"Tarifs et services RandoCabane - s\u00e9jour dans le vignoble - Randocabane","og_description":"D\u00e9couvrez les nombreux services que propose RandoCabane. Agr\u00e9menter votre s\u00e9jour par des visites guid\u00e9e, des transfert ou de la restauration.","og_url":"https:\/\/www.randocabane.fr\/index.php\/les-services-randocabane\/","og_site_name":"Randocabane","article_modified_time":"2026-03-26T17:42:40+00:00","og_image":[{"width":600,"height":600,"url":"https:\/\/www.randocabane.fr\/wp-content\/uploads\/2021\/03\/LOGO-ICE.jpg","type":"image\/jpeg"}],"twitter_card":"summary_large_image","twitter_misc":{"Dur\u00e9e de lecture estim\u00e9e":"5 minutes"},"schema":{"@context":"https:\/\/schema.org","@graph":[{"@type":"WebPage","@id":"https:\/\/www.randocabane.fr\/index.php\/les-services-randocabane\/","url":"https:\/\/www.randocabane.fr\/index.php\/les-services-randocabane\/","name":"Tarifs et services RandoCabane - s\u00e9jour dans le vignoble - Randocabane","isPartOf":{"@id":"https:\/\/www.randocabane.fr\/#website"},"primaryImageOfPage":{"@id":"https:\/\/www.randocabane.fr\/index.php\/les-services-randocabane\/#primaryimage"},"image":{"@id":"https:\/\/www.randocabane.fr\/index.php\/les-services-randocabane\/#primaryimage"},"thumbnailUrl":"http:\/\/www.randocabane.fr\/wp-content\/uploads\/2021\/03\/LOGO-ICE.jpg","datePublished":"2021-03-28T10:48:55+00:00","dateModified":"2026-03-26T17:42:40+00:00","description":"D\u00e9couvrez les nombreux services que propose RandoCabane. Agr\u00e9menter votre s\u00e9jour par des visites guid\u00e9e, des transfert ou de la restauration.","breadcrumb":{"@id":"https:\/\/www.randocabane.fr\/index.php\/les-services-randocabane\/#breadcrumb"},"inLanguage":"fr-FR","potentialAction":[{"@type":"ReadAction","target":["https:\/\/www.randocabane.fr\/index.php\/les-services-randocabane\/"]}]},{"@type":"ImageObject","inLanguage":"fr-FR","@id":"https:\/\/www.randocabane.fr\/index.php\/les-services-randocabane\/#primaryimage","url":"https:\/\/www.randocabane.fr\/wp-content\/uploads\/2021\/03\/LOGO-ICE.jpg","contentUrl":"https:\/\/www.randocabane.fr\/wp-content\/uploads\/2021\/03\/LOGO-ICE.jpg","width":600,"height":600},{"@type":"BreadcrumbList","@id":"https:\/\/www.randocabane.fr\/index.php\/les-services-randocabane\/#breadcrumb","itemListElement":[{"@type":"ListItem","position":1,"name":"Accueil","item":"https:\/\/www.randocabane.fr\/"},{"@type":"ListItem","position":2,"name":"Tarifs et services RandoCabane"}]},{"@type":"WebSite","@id":"https:\/\/www.randocabane.fr\/#website","url":"https:\/\/www.randocabane.fr\/","name":"Randocabane","description":"De cabane en cabane","publisher":{"@id":"https:\/\/www.randocabane.fr\/#organization"},"potentialAction":[{"@type":"SearchAction","target":{"@type":"EntryPoint","urlTemplate":"https:\/\/www.randocabane.fr\/?s={search_term_string}"},"query-input":{"@type":"PropertyValueSpecification","valueRequired":true,"valueName":"search_term_string"}}],"inLanguage":"fr-FR"},{"@type":"Organization","@id":"https:\/\/www.randocabane.fr\/#organization","name":"Randocabane","url":"https:\/\/www.randocabane.fr\/","logo":{"@type":"ImageObject","inLanguage":"fr-FR","@id":"https:\/\/www.randocabane.fr\/#\/schema\/logo\/image\/","url":"https:\/\/www.randocabane.fr\/wp-content\/uploads\/2020\/12\/cropped-logo-randocabane-500.jpg","contentUrl":"https:\/\/www.randocabane.fr\/wp-content\/uploads\/2020\/12\/cropped-logo-randocabane-500.jpg","width":500,"height":335,"caption":"Randocabane"},"image":{"@id":"https:\/\/www.randocabane.fr\/#\/schema\/logo\/image\/"}}]}},"_links":{"self":[{"href":"https:\/\/www.randocabane.fr\/index.php\/wp-json\/wp\/v2\/pages\/1941","targetHints":{"allow":["GET"]}}],"collection":[{"href":"https:\/\/www.randocabane.fr\/index.php\/wp-json\/wp\/v2\/pages"}],"about":[{"href":"https:\/\/www.randocabane.fr\/index.php\/wp-json\/wp\/v2\/types\/page"}],"author":[{"embeddable":true,"href":"https:\/\/www.randocabane.fr\/index.php\/wp-json\/wp\/v2\/users\/2"}],"replies":[{"embeddable":true,"href":"https:\/\/www.randocabane.fr\/index.php\/wp-json\/wp\/v2\/comments?post=1941"}],"version-history":[{"count":67,"href":"https:\/\/www.randocabane.fr\/index.php\/wp-json\/wp\/v2\/pages\/1941\/revisions"}],"predecessor-version":[{"id":3489,"href":"https:\/\/www.randocabane.fr\/index.php\/wp-json\/wp\/v2\/pages\/1941\/revisions\/3489"}],"wp:attachment":[{"href":"https:\/\/www.randocabane.fr\/index.php\/wp-json\/wp\/v2\/media?parent=1941"}],"curies":[{"name":"wp","href":"https:\/\/api.w.org\/{rel}","templated":true}]}}