{"id":2078,"date":"2021-03-19T10:23:21","date_gmt":"2021-03-19T09:23:21","guid":{"rendered":"http:\/\/www.randocabane.fr\/?page_id=2078"},"modified":"2025-02-18T08:44:09","modified_gmt":"2025-02-18T07:44:09","slug":"randonnees-a-velo","status":"publish","type":"page","link":"https:\/\/www.randocabane.fr\/index.php\/randonnees-a-velo\/","title":{"rendered":"Itin\u00e9raires \u00e0 v\u00e9lo au d\u00e9part ou vers les h\u00e9bergements Randocabane"},"content":{"rendered":"\n<p class=\"has-text-align-center\">D\u00e9couvrez des randonn\u00e9es \u00e0 v\u00e9lo pour vos balades dans le vignoble Nantais. Vous n&#8217;avez pas de v\u00e9lo ? Faites appel \u00e0 notre partenaire : <a href=\"https:\/\/www.bikentour.com\/\" target=\"_blank\" rel=\"noreferrer noopener\">Bike&#8217;N Tour<\/a>.<\/p>\n\n\n\n<p class=\"has-text-align-center\">Envie d&#8217;une&nbsp;<strong>randonn\u00e9e personnalis\u00e9e<\/strong>&nbsp;? RandoCabane s&#8217;occupe de tout :&nbsp;<a href=\"https:\/\/www.randocabane.fr\/#contact\">contactez-nous<\/a>&nbsp;!<\/p>\n\n\n\n<h2 class=\"wp-block-heading\">La V\u00e9lid\u00e9ale : Nantes &#8211; Clisson ou Clisson &#8211; Nantes<\/h2>\n\n\n\n<div class=\"wp-block-media-text alignwide is-stacked-on-mobile\"><figure class=\"wp-block-media-text__media\"><a class=\"vers le site La V\u00e9lid\u00e9ale\" href=\"https:\/\/www.lavelideale.fr\/itineraire\/clisson-nantes\" target=\"_blank\" rel=\"vers le site La V\u00e9lid\u00e9ale noopener\"><img loading=\"lazy\" decoding=\"async\" width=\"500\" height=\"231\" src=\"https:\/\/www.randocabane.fr\/wp-content\/uploads\/2025\/01\/velideale-nantes-clisson.jpg\" alt=\"Itin\u00e9raire v\u00e9lo La V\u00e9lid\u00e9ale _ Nantes Clisson ou Clisson vers Nantes\" class=\"wp-image-3272 size-full\" srcset=\"https:\/\/www.randocabane.fr\/wp-content\/uploads\/2025\/01\/velideale-nantes-clisson.jpg 500w, https:\/\/www.randocabane.fr\/wp-content\/uploads\/2025\/01\/velideale-nantes-clisson-300x139.jpg 300w\" sizes=\"auto, (max-width: 500px) 100vw, 500px\" \/><\/a><\/figure><div class=\"wp-block-media-text__content\">\n<h3 class=\"wp-block-heading\">Depuis les Machines de l&#8217;Ile \u00e0 Nantes 25km<\/h3>\n\n\n\n<p>Au <strong>kilom\u00e8tre 21<\/strong> <strong>(K21) <\/strong>\u00e0 la Haie-Fouassi\u00e8re, prendre \u00e0 droite en direction de Saint Fiacre sur Maine, les cabanes sont \u00e0 moins de 4 km.<\/p>\n\n\n\n<p>Profitez des commerces pour votre ravitaillement, Restauration  <a href=\"https:\/\/www.facebook.com\/LeRabelaisLaHayeFouassiere\" target=\"_blank\" rel=\"noreferrer noopener\">Le Rabelais<\/a>, ravitaillement <a href=\"https:\/\/www.maisonfricaud.fr\" target=\"_blank\" rel=\"noreferrer noopener\">Maison Fricaud<\/a>, Boulangeries, <a href=\"https:\/\/www.facebook.com\/p\/PROXI-La-Haye-100070781246009\/\" target=\"_blank\" rel=\"noreferrer noopener\">Proxi<\/a>.<\/p>\n\n\n\n<p><strong><a href=\"http:\/\/www.randocabane.fr\/wp-content\/uploads\/2025\/01\/la-velideale-nantes-nantes.gpx\">Trace GPX<\/a><\/strong>  Nantes &#8211; Clisson &#8211; Cugand<\/p>\n\n\n\n<div class=\"wp-block-media-text alignwide is-stacked-on-mobile\"><figure class=\"wp-block-media-text__media\"><img loading=\"lazy\" decoding=\"async\" width=\"200\" height=\"205\" src=\"https:\/\/www.randocabane.fr\/wp-content\/uploads\/2025\/01\/velideale-randocabane.jpg\" alt=\"De la V\u00e9lid\u00e9ale aux cabanes de Saint Fiacre sur Maine\" class=\"wp-image-3273 size-full\"\/><\/figure><div class=\"wp-block-media-text__content\">\n<h4 class=\"wp-block-heading\">K21 vers RandoCabane<\/h4>\n\n\n\n<p>Itin\u00e9raire sur route en cours de s\u00e9curisation. <\/p>\n\n\n\n<p class=\"has-vivid-red-color has-text-color has-link-color wp-elements-c517daed89d0b930789e4babe6bc1877\"><strong>Prudence<\/strong> dans le secteur avant et apr\u00e8s le pont traversant la S\u00e8vre Nantaise.<\/p>\n\n\n\n<p>Pause au Port tr\u00e8s sympa !<\/p>\n\n\n\n<p><a href=\"http:\/\/www.randocabane.fr\/wp-content\/uploads\/2025\/01\/Jonction-RandoCabane-Velideale.gpx\" target=\"_blank\" rel=\"noreferrer noopener nofollow\"><strong>Trace GPX<\/strong><\/a> de la jonction<\/p>\n<\/div><\/div>\n<\/div><\/div>\n\n\n\n<hr class=\"wp-block-separator has-alpha-channel-opacity\"\/>\n\n\n\n<div class=\"wp-block-media-text alignwide has-media-on-the-right is-stacked-on-mobile\"><div class=\"wp-block-media-text__content\">\n<h3 class=\"wp-block-heading\">Depuis la gare de Clisson 21km<\/h3>\n\n\n\n<p>Au<strong> kilom\u00e8tre 17 (K17) <\/strong>\u00e0 la Haie-Fouassi\u00e8re, prendre \u00e0 gauche en direction de Saint Fiacre sur Maine, les cabanes sont \u00e0 moins de 4 km.<\/p>\n\n\n\n<p>Profitez des commerces pour votre ravitaillement, Restauration  <a href=\"https:\/\/www.facebook.com\/LeRabelaisLaHayeFouassiere\" target=\"_blank\" rel=\"noreferrer noopener\">Le Rabelais<\/a>, ravitaillement <a href=\"https:\/\/www.maisonfricaud.fr\" target=\"_blank\" rel=\"noreferrer noopener\">Maison Fricaud<\/a>, Boulangeries, <a href=\"https:\/\/www.facebook.com\/p\/PROXI-La-Haye-100070781246009\/\" target=\"_blank\" rel=\"noreferrer noopener\">Proxi<\/a>.<\/p>\n\n\n\n<p><strong><a href=\"http:\/\/www.randocabane.fr\/wp-content\/uploads\/2025\/01\/la-velideale-clisson-nantes.gpx\">Trace GPX<\/a><\/strong>  Nantes &#8211; Clisson &#8211; Cugand<\/p>\n\n\n\n<div class=\"wp-block-media-text alignwide is-stacked-on-mobile\"><figure class=\"wp-block-media-text__media\"><img loading=\"lazy\" decoding=\"async\" width=\"200\" height=\"205\" src=\"https:\/\/www.randocabane.fr\/wp-content\/uploads\/2025\/01\/velideale-randocabane.jpg\" alt=\"De la V\u00e9lid\u00e9ale aux cabanes de Saint Fiacre sur Maine\" class=\"wp-image-3273 size-full\"\/><\/figure><div class=\"wp-block-media-text__content\">\n<h4 class=\"wp-block-heading\">K17 vers RandoCabane<\/h4>\n\n\n\n<p>Itin\u00e9raire sur route en cours de s\u00e9curisation. <\/p>\n\n\n\n<p class=\"has-vivid-red-color has-text-color has-link-color wp-elements-c517daed89d0b930789e4babe6bc1877\"><strong>Prudence<\/strong> dans le secteur avant et apr\u00e8s le pont traversant la S\u00e8vre Nantaise.<\/p>\n\n\n\n<p>Pause au Port tr\u00e8s sympa !<\/p>\n\n\n\n<p><a href=\"http:\/\/www.randocabane.fr\/wp-content\/uploads\/2025\/01\/Jonction-RandoCabane-Velideale.gpx\" target=\"_blank\" rel=\"noreferrer noopener nofollow\"><strong>Trace GPX<\/strong><\/a> de la jonction<\/p>\n<\/div><\/div>\n<\/div><figure class=\"wp-block-media-text__media\"><a href=\"https:\/\/www.lavelideale.fr\/itineraire\/clisson-nantes\" target=\"_blank\" rel=\"noreferrer noopener\"><img loading=\"lazy\" decoding=\"async\" width=\"500\" height=\"227\" src=\"http:\/\/www.randocabane.fr\/wp-content\/uploads\/2025\/01\/velideale-clisson-nantes.jpg\" alt=\"Itin\u00e9raire v\u00e9lo Clisson Nantes via la V\u00e9lid\u00e9ale\" class=\"wp-image-3275 size-full\" srcset=\"https:\/\/www.randocabane.fr\/wp-content\/uploads\/2025\/01\/velideale-clisson-nantes.jpg 500w, https:\/\/www.randocabane.fr\/wp-content\/uploads\/2025\/01\/velideale-clisson-nantes-300x136.jpg 300w\" sizes=\"auto, (max-width: 500px) 100vw, 500px\" \/><\/a><\/figure><\/div>\n\n\n\n<hr class=\"wp-block-separator has-alpha-channel-opacity\"\/>\n\n\n\n<div class=\"wp-block-columns is-layout-flex wp-container-core-columns-is-layout-1 wp-block-columns-is-layout-flex\">\n<div class=\"wp-block-column is-layout-flow wp-block-column-is-layout-flow\">\n<h3 class=\"wp-block-heading has-text-align-center\">Accueil Cyclistes<\/h3>\n\n\n\n<p>Parc priv\u00e9, avec acc\u00e8s par digicode et boite \u00e0 clefs<\/p>\n\n\n\n<p>Bloc sanitaire, douches, toilettes s\u00e8ches, point lessive, \u00e9tendoir \u00e0 la cabane et abrit\u00e9 en cas de mauvais temps.<\/p>\n\n\n\n<p>1 Kit vaisselle 4 pers. par cabane<\/p>\n\n\n\n<p>Petit r\u00e9frig\u00e9rateur et micro-onde dans <a href=\"https:\/\/www.randocabane.fr\/index.php\/la-cabane-des-rochers\/\"><strong>chaque cabane<\/strong><\/a> et dans le bloc sanitaire.<\/p>\n\n\n\n<p>R\u00e9chaud \u00e0 gaz et barbecue sur demande.<\/p>\n<\/div>\n\n\n\n<div class=\"wp-block-column is-layout-flow wp-block-column-is-layout-flow\">\n<h3 class=\"wp-block-heading has-text-align-center\">Accueil V\u00e9los<\/h3>\n\n\n\n<p>Garage \u00e0 v\u00e9los ferm\u00e9<\/p>\n\n\n\n<p>VAE : 3 prises \u00e9lectriques par cabane pour recharge<\/p>\n\n\n\n<p>Point de lavage et ses brosses<\/p>\n\n\n\n<p>Kit de r\u00e9paration, outils de maintenance<\/p>\n\n\n\n<p>Pied d&#8217;atelier v\u00e9lo<\/p>\n\n\n\n<p>Compresseur et sa soufflette <\/p>\n<\/div>\n\n\n\n<div class=\"wp-block-column is-layout-flow wp-block-column-is-layout-flow\">\n<h3 class=\"wp-block-heading has-text-align-center\">Services Plus<\/h3>\n\n\n\n<p>Conseils personnalis\u00e9s, les bonnes adresses.<\/p>\n\n\n\n<p>Petit-d\u00e9jeuner, commande \u00e0 votre arriv\u00e9e.<\/p>\n\n\n\n<p><a href=\"https:\/\/www.randocabane.fr\/index.php\/les-services-randocabane\/\">Repas et pique-nique<\/a>  sur commande 24h avant votre arriv\u00e9e.<\/p>\n\n\n\n<p>Transfert de bagages sur r\u00e9servation.<\/p>\n<\/div>\n<\/div>\n\n\n<div class=\"wp-block-image\">\n<figure class=\"aligncenter size-large\"><img loading=\"lazy\" decoding=\"async\" width=\"1024\" height=\"233\" src=\"https:\/\/www.randocabane.fr\/wp-content\/uploads\/2025\/02\/accueil-velo-2025-1-1024x233.jpg\" alt=\"\" class=\"wp-image-3380\" srcset=\"https:\/\/www.randocabane.fr\/wp-content\/uploads\/2025\/02\/accueil-velo-2025-1-1024x233.jpg 1024w, https:\/\/www.randocabane.fr\/wp-content\/uploads\/2025\/02\/accueil-velo-2025-1-300x68.jpg 300w, https:\/\/www.randocabane.fr\/wp-content\/uploads\/2025\/02\/accueil-velo-2025-1-768x175.jpg 768w, https:\/\/www.randocabane.fr\/wp-content\/uploads\/2025\/02\/accueil-velo-2025-1.jpg 1266w\" sizes=\"auto, (max-width: 1024px) 100vw, 1024px\" \/><\/figure><\/div>\n\n\n<hr class=\"wp-block-separator has-alpha-channel-opacity\"\/>\n\n\n\n<h2 class=\"wp-block-heading\">Circuits v\u00e9lo au d\u00e9part des cabanes<\/h2>\n\n\n\n<div class=\"wp-block-media-text alignwide is-stacked-on-mobile\" style=\"grid-template-columns:48% auto\"><figure class=\"wp-block-media-text__media\"><a href=\"https:\/\/www.levignobledenantes-tourisme.com\/circuit-et-randonnee\/boucle-circuits-vignoble-a-velo-entre-sevre-et-marais\/\" target=\"_blank\" rel=\"noreferrer noopener\"><img loading=\"lazy\" decoding=\"async\" width=\"585\" height=\"361\" src=\"https:\/\/www.randocabane.fr\/wp-content\/uploads\/2025\/01\/boucle-vignoble-et-marais.jpg\" alt=\"\" class=\"wp-image-3283 size-full\" srcset=\"https:\/\/www.randocabane.fr\/wp-content\/uploads\/2025\/01\/boucle-vignoble-et-marais.jpg 585w, https:\/\/www.randocabane.fr\/wp-content\/uploads\/2025\/01\/boucle-vignoble-et-marais-300x185.jpg 300w\" sizes=\"auto, (max-width: 585px) 100vw, 585px\" \/><\/a><\/figure><div class=\"wp-block-media-text__content\">\n<p><\/p>\n\n\n\n<h3 class=\"wp-block-heading\">Entre S\u00e8vre et Marais &#8211; 43km <\/h3>\n\n\n\n<p>Les cabanes sont \u00e0 5,5km de ce circuit du vignoble de <strong>32km<\/strong>, balisage du Vignoble \u00e0 v\u00e9lo. <\/p>\n\n\n\n<p>Ravitaillement dans les communes de la Haie Fouassi\u00e8re, La Chapelle Heulin, Mouzillon, Le Pallet.<\/p>\n\n\n\n<p><strong><a href=\"http:\/\/www.randocabane.fr\/wp-content\/uploads\/2025\/01\/Boucle-velo-cycling-route-Entre-Sevre-et-marais.gpx\" target=\"_blank\" rel=\"noreferrer noopener nofollow\">Trace GPX<\/a> <\/strong>de la boucle Entre S\u00e8vre et Marais.<\/p>\n\n\n\n<div class=\"wp-block-media-text alignwide is-stacked-on-mobile\"><figure class=\"wp-block-media-text__media\"><img loading=\"lazy\" decoding=\"async\" width=\"627\" height=\"317\" src=\"https:\/\/www.randocabane.fr\/wp-content\/uploads\/2025\/01\/connexion-sevre-et-marais.jpg\" alt=\"\" class=\"wp-image-3284 size-full\" srcset=\"https:\/\/www.randocabane.fr\/wp-content\/uploads\/2025\/01\/connexion-sevre-et-marais.jpg 627w, https:\/\/www.randocabane.fr\/wp-content\/uploads\/2025\/01\/connexion-sevre-et-marais-300x152.jpg 300w\" sizes=\"auto, (max-width: 627px) 100vw, 627px\" \/><\/figure><div class=\"wp-block-media-text__content\">\n<h4 class=\"wp-block-heading\">Jonction vers la Boucle<\/h4>\n\n\n\n<p>Des cabanes au lieu dit Montifault en passant par le bourg de la Haie-Fouassi\u00e8re.<\/p>\n\n\n\n<p><strong><a href=\"http:\/\/www.randocabane.fr\/wp-content\/uploads\/2025\/01\/Jonction-RandoCabane-Montifault-.gpx\" target=\"_blank\" rel=\"noreferrer noopener nofollow\">Trace GPX<\/a><\/strong> de la jonction<\/p>\n\n\n\n<p class=\"has-vivid-red-color has-text-color has-link-color wp-elements-c517daed89d0b930789e4babe6bc1877\"><strong>Prudence<\/strong> dans le secteur avant et apr\u00e8s le pont traversant la S\u00e8vre Nantaise.<\/p>\n<\/div><\/div>\n<\/div><\/div>\n\n\n\n<hr class=\"wp-block-separator has-alpha-channel-opacity\"\/>\n\n\n\n<h2 class=\"wp-block-heading has-text-align-center\">Les boucles du Vignoble \u00e0 V\u00e9lo et plus<\/h2>\n\n\n\n<div class=\"wp-block-media-text alignwide is-stacked-on-mobile\" style=\"grid-template-columns:20% auto\"><figure class=\"wp-block-media-text__media\"><img loading=\"lazy\" decoding=\"async\" width=\"1024\" height=\"806\" src=\"http:\/\/www.randocabane.fr\/wp-content\/uploads\/2024\/12\/Logo-couleur-web-1024x806.jpg\" alt=\"Destination Vignoble Nantais\" class=\"wp-image-3266 size-full\" srcset=\"https:\/\/www.randocabane.fr\/wp-content\/uploads\/2024\/12\/Logo-couleur-web-1024x806.jpg 1024w, https:\/\/www.randocabane.fr\/wp-content\/uploads\/2024\/12\/Logo-couleur-web-300x236.jpg 300w, https:\/\/www.randocabane.fr\/wp-content\/uploads\/2024\/12\/Logo-couleur-web-768x605.jpg 768w, https:\/\/www.randocabane.fr\/wp-content\/uploads\/2024\/12\/Logo-couleur-web-1536x1210.jpg 1536w, https:\/\/www.randocabane.fr\/wp-content\/uploads\/2024\/12\/Logo-couleur-web-2048x1613.jpg 2048w\" sizes=\"auto, (max-width: 1024px) 100vw, 1024px\" \/><\/figure><div class=\"wp-block-media-text__content\">\n<p>Les boucles \u00e0 <a href=\"https:\/\/www.levignobledenantes-tourisme.com\/la-rando\/a-velo\/\" target=\"_blank\" rel=\"noreferrer noopener\">t\u00e9l\u00e9charger<\/a> sur le site de l&#8217;Office du Tourisme du Vignoble de Nantes.<\/p>\n<\/div><\/div>\n\n\n\n<figure class=\"wp-block-gallery has-nested-images columns-default is-cropped wp-block-gallery-1 is-layout-flex wp-block-gallery-is-layout-flex\">\n<figure class=\"wp-block-image size-large\"><img loading=\"lazy\" decoding=\"async\" width=\"1024\" height=\"683\" data-id=\"1637\" src=\"https:\/\/www.randocabane.fr\/wp-content\/uploads\/2021\/02\/AdobeStock_175759814-1024x683.jpeg\" alt=\"randonn\u00e9e \u00e0 v\u00e9lo\" class=\"wp-image-1637\" srcset=\"https:\/\/www.randocabane.fr\/wp-content\/uploads\/2021\/02\/AdobeStock_175759814-1024x683.jpeg 1024w, https:\/\/www.randocabane.fr\/wp-content\/uploads\/2021\/02\/AdobeStock_175759814-300x200.jpeg 300w, https:\/\/www.randocabane.fr\/wp-content\/uploads\/2021\/02\/AdobeStock_175759814-768x512.jpeg 768w, https:\/\/www.randocabane.fr\/wp-content\/uploads\/2021\/02\/AdobeStock_175759814-1536x1024.jpeg 1536w, https:\/\/www.randocabane.fr\/wp-content\/uploads\/2021\/02\/AdobeStock_175759814-2048x1365.jpeg 2048w\" sizes=\"auto, (max-width: 1024px) 100vw, 1024px\" \/><\/figure>\n\n\n\n<figure class=\"wp-block-image size-large\"><img loading=\"lazy\" decoding=\"async\" width=\"1024\" height=\"637\" data-id=\"1639\" src=\"https:\/\/www.randocabane.fr\/wp-content\/uploads\/2021\/02\/AdobeStock_332077867-1024x637.jpeg\" alt=\"Randonn\u00e9e \u00e0 v\u00e9lo \" class=\"wp-image-1639\" srcset=\"https:\/\/www.randocabane.fr\/wp-content\/uploads\/2021\/02\/AdobeStock_332077867-1024x637.jpeg 1024w, https:\/\/www.randocabane.fr\/wp-content\/uploads\/2021\/02\/AdobeStock_332077867-300x187.jpeg 300w, https:\/\/www.randocabane.fr\/wp-content\/uploads\/2021\/02\/AdobeStock_332077867-768x478.jpeg 768w, https:\/\/www.randocabane.fr\/wp-content\/uploads\/2021\/02\/AdobeStock_332077867-1536x956.jpeg 1536w, https:\/\/www.randocabane.fr\/wp-content\/uploads\/2021\/02\/AdobeStock_332077867-2048x1275.jpeg 2048w, https:\/\/www.randocabane.fr\/wp-content\/uploads\/2021\/02\/AdobeStock_332077867-480x300.jpeg 480w\" sizes=\"auto, (max-width: 1024px) 100vw, 1024px\" \/><\/figure>\n<\/figure>\n\n\n\n<p class=\"has-text-align-center\">Page \u00e0 consulter r\u00e9guli\u00e8rement, elle va certainement s\u2019enrichir prochainement.<\/p>\n\n\n\n<p><\/p>\n","protected":false},"excerpt":{"rendered":"<p>D\u00e9couvrez des randonn\u00e9es \u00e0 v\u00e9lo pour vos balades dans le vignoble Nantais. Vous n&#8217;avez pas de v\u00e9lo ? Faites appel \u00e0 notre partenaire : Bike&#8217;N Tour. Envie d&#8217;une&nbsp;randonn\u00e9e personnalis\u00e9e&nbsp;? RandoCabane &#8230;<\/p>\n","protected":false},"author":2,"featured_media":0,"parent":0,"menu_order":3,"comment_status":"closed","ping_status":"closed","template":"","meta":{"footnotes":""},"class_list":["post-2078","page","type-page","status-publish","hentry"],"yoast_head":"<!-- This site is optimized with the Yoast SEO plugin v26.4 - https:\/\/yoast.com\/wordpress\/plugins\/seo\/ -->\n<title>Itin\u00e9raires \u00e0 v\u00e9lo au d\u00e9part ou vers les h\u00e9bergements Randocabane - Organiser sa randonn\u00e9e - Randocabane<\/title>\n<meta name=\"description\" content=\"Envie de randonn\u00e9es \u00e0 v\u00e9lo ? D\u00e9couvrez les parcours de RandoCabane et profitez d&#039;une nuit au milieu du vignoble dans l&#039;une de nos cabanes.\" \/>\n<meta name=\"robots\" content=\"index, follow, max-snippet:-1, max-image-preview:large, max-video-preview:-1\" \/>\n<link rel=\"canonical\" href=\"https:\/\/www.randocabane.fr\/index.php\/randonnees-a-velo\/\" \/>\n<meta property=\"og:locale\" content=\"fr_FR\" \/>\n<meta property=\"og:type\" content=\"article\" \/>\n<meta property=\"og:title\" content=\"Itin\u00e9raires \u00e0 v\u00e9lo au d\u00e9part ou vers les h\u00e9bergements Randocabane - Organiser sa randonn\u00e9e - Randocabane\" \/>\n<meta property=\"og:description\" content=\"Envie de randonn\u00e9es \u00e0 v\u00e9lo ? D\u00e9couvrez les parcours de RandoCabane et profitez d&#039;une nuit au milieu du vignoble dans l&#039;une de nos cabanes.\" \/>\n<meta property=\"og:url\" content=\"https:\/\/www.randocabane.fr\/index.php\/randonnees-a-velo\/\" \/>\n<meta property=\"og:site_name\" content=\"Randocabane\" \/>\n<meta property=\"article:modified_time\" content=\"2025-02-18T07:44:09+00:00\" \/>\n<meta property=\"og:image\" content=\"https:\/\/www.randocabane.fr\/wp-content\/uploads\/2025\/01\/velideale-nantes-clisson.jpg\" \/>\n<meta name=\"twitter:card\" content=\"summary_large_image\" \/>\n<meta name=\"twitter:label1\" content=\"Dur\u00e9e de lecture estim\u00e9e\" \/>\n\t<meta name=\"twitter:data1\" content=\"5 minutes\" \/>\n<script type=\"application\/ld+json\" class=\"yoast-schema-graph\">{\"@context\":\"https:\/\/schema.org\",\"@graph\":[{\"@type\":\"WebPage\",\"@id\":\"https:\/\/www.randocabane.fr\/index.php\/randonnees-a-velo\/\",\"url\":\"https:\/\/www.randocabane.fr\/index.php\/randonnees-a-velo\/\",\"name\":\"Itin\u00e9raires \u00e0 v\u00e9lo au d\u00e9part ou vers les h\u00e9bergements Randocabane - Organiser sa randonn\u00e9e - Randocabane\",\"isPartOf\":{\"@id\":\"https:\/\/www.randocabane.fr\/#website\"},\"primaryImageOfPage\":{\"@id\":\"https:\/\/www.randocabane.fr\/index.php\/randonnees-a-velo\/#primaryimage\"},\"image\":{\"@id\":\"https:\/\/www.randocabane.fr\/index.php\/randonnees-a-velo\/#primaryimage\"},\"thumbnailUrl\":\"https:\/\/www.randocabane.fr\/wp-content\/uploads\/2025\/01\/velideale-nantes-clisson.jpg\",\"datePublished\":\"2021-03-19T09:23:21+00:00\",\"dateModified\":\"2025-02-18T07:44:09+00:00\",\"description\":\"Envie de randonn\u00e9es \u00e0 v\u00e9lo ? D\u00e9couvrez les parcours de RandoCabane et profitez d'une nuit au milieu du vignoble dans l'une de nos cabanes.\",\"breadcrumb\":{\"@id\":\"https:\/\/www.randocabane.fr\/index.php\/randonnees-a-velo\/#breadcrumb\"},\"inLanguage\":\"fr-FR\",\"potentialAction\":[{\"@type\":\"ReadAction\",\"target\":[\"https:\/\/www.randocabane.fr\/index.php\/randonnees-a-velo\/\"]}]},{\"@type\":\"ImageObject\",\"inLanguage\":\"fr-FR\",\"@id\":\"https:\/\/www.randocabane.fr\/index.php\/randonnees-a-velo\/#primaryimage\",\"url\":\"https:\/\/www.randocabane.fr\/wp-content\/uploads\/2025\/01\/velideale-nantes-clisson.jpg\",\"contentUrl\":\"https:\/\/www.randocabane.fr\/wp-content\/uploads\/2025\/01\/velideale-nantes-clisson.jpg\",\"width\":500,\"height\":231},{\"@type\":\"BreadcrumbList\",\"@id\":\"https:\/\/www.randocabane.fr\/index.php\/randonnees-a-velo\/#breadcrumb\",\"itemListElement\":[{\"@type\":\"ListItem\",\"position\":1,\"name\":\"Accueil\",\"item\":\"https:\/\/www.randocabane.fr\/\"},{\"@type\":\"ListItem\",\"position\":2,\"name\":\"Itin\u00e9raires \u00e0 v\u00e9lo au d\u00e9part ou vers les h\u00e9bergements Randocabane\"}]},{\"@type\":\"WebSite\",\"@id\":\"https:\/\/www.randocabane.fr\/#website\",\"url\":\"https:\/\/www.randocabane.fr\/\",\"name\":\"Randocabane\",\"description\":\"De cabane en cabane\",\"publisher\":{\"@id\":\"https:\/\/www.randocabane.fr\/#organization\"},\"potentialAction\":[{\"@type\":\"SearchAction\",\"target\":{\"@type\":\"EntryPoint\",\"urlTemplate\":\"https:\/\/www.randocabane.fr\/?s={search_term_string}\"},\"query-input\":{\"@type\":\"PropertyValueSpecification\",\"valueRequired\":true,\"valueName\":\"search_term_string\"}}],\"inLanguage\":\"fr-FR\"},{\"@type\":\"Organization\",\"@id\":\"https:\/\/www.randocabane.fr\/#organization\",\"name\":\"Randocabane\",\"url\":\"https:\/\/www.randocabane.fr\/\",\"logo\":{\"@type\":\"ImageObject\",\"inLanguage\":\"fr-FR\",\"@id\":\"https:\/\/www.randocabane.fr\/#\/schema\/logo\/image\/\",\"url\":\"https:\/\/www.randocabane.fr\/wp-content\/uploads\/2020\/12\/cropped-logo-randocabane-500.jpg\",\"contentUrl\":\"https:\/\/www.randocabane.fr\/wp-content\/uploads\/2020\/12\/cropped-logo-randocabane-500.jpg\",\"width\":500,\"height\":335,\"caption\":\"Randocabane\"},\"image\":{\"@id\":\"https:\/\/www.randocabane.fr\/#\/schema\/logo\/image\/\"}}]}<\/script>\n<!-- \/ Yoast SEO plugin. -->","yoast_head_json":{"title":"Itin\u00e9raires \u00e0 v\u00e9lo au d\u00e9part ou vers les h\u00e9bergements Randocabane - Organiser sa randonn\u00e9e - Randocabane","description":"Envie de randonn\u00e9es \u00e0 v\u00e9lo ? D\u00e9couvrez les parcours de RandoCabane et profitez d'une nuit au milieu du vignoble dans l'une de nos cabanes.","robots":{"index":"index","follow":"follow","max-snippet":"max-snippet:-1","max-image-preview":"max-image-preview:large","max-video-preview":"max-video-preview:-1"},"canonical":"https:\/\/www.randocabane.fr\/index.php\/randonnees-a-velo\/","og_locale":"fr_FR","og_type":"article","og_title":"Itin\u00e9raires \u00e0 v\u00e9lo au d\u00e9part ou vers les h\u00e9bergements Randocabane - Organiser sa randonn\u00e9e - Randocabane","og_description":"Envie de randonn\u00e9es \u00e0 v\u00e9lo ? D\u00e9couvrez les parcours de RandoCabane et profitez d'une nuit au milieu du vignoble dans l'une de nos cabanes.","og_url":"https:\/\/www.randocabane.fr\/index.php\/randonnees-a-velo\/","og_site_name":"Randocabane","article_modified_time":"2025-02-18T07:44:09+00:00","og_image":[{"url":"https:\/\/www.randocabane.fr\/wp-content\/uploads\/2025\/01\/velideale-nantes-clisson.jpg","type":"","width":"","height":""}],"twitter_card":"summary_large_image","twitter_misc":{"Dur\u00e9e de lecture estim\u00e9e":"5 minutes"},"schema":{"@context":"https:\/\/schema.org","@graph":[{"@type":"WebPage","@id":"https:\/\/www.randocabane.fr\/index.php\/randonnees-a-velo\/","url":"https:\/\/www.randocabane.fr\/index.php\/randonnees-a-velo\/","name":"Itin\u00e9raires \u00e0 v\u00e9lo au d\u00e9part ou vers les h\u00e9bergements Randocabane - Organiser sa randonn\u00e9e - Randocabane","isPartOf":{"@id":"https:\/\/www.randocabane.fr\/#website"},"primaryImageOfPage":{"@id":"https:\/\/www.randocabane.fr\/index.php\/randonnees-a-velo\/#primaryimage"},"image":{"@id":"https:\/\/www.randocabane.fr\/index.php\/randonnees-a-velo\/#primaryimage"},"thumbnailUrl":"https:\/\/www.randocabane.fr\/wp-content\/uploads\/2025\/01\/velideale-nantes-clisson.jpg","datePublished":"2021-03-19T09:23:21+00:00","dateModified":"2025-02-18T07:44:09+00:00","description":"Envie de randonn\u00e9es \u00e0 v\u00e9lo ? D\u00e9couvrez les parcours de RandoCabane et profitez d'une nuit au milieu du vignoble dans l'une de nos cabanes.","breadcrumb":{"@id":"https:\/\/www.randocabane.fr\/index.php\/randonnees-a-velo\/#breadcrumb"},"inLanguage":"fr-FR","potentialAction":[{"@type":"ReadAction","target":["https:\/\/www.randocabane.fr\/index.php\/randonnees-a-velo\/"]}]},{"@type":"ImageObject","inLanguage":"fr-FR","@id":"https:\/\/www.randocabane.fr\/index.php\/randonnees-a-velo\/#primaryimage","url":"https:\/\/www.randocabane.fr\/wp-content\/uploads\/2025\/01\/velideale-nantes-clisson.jpg","contentUrl":"https:\/\/www.randocabane.fr\/wp-content\/uploads\/2025\/01\/velideale-nantes-clisson.jpg","width":500,"height":231},{"@type":"BreadcrumbList","@id":"https:\/\/www.randocabane.fr\/index.php\/randonnees-a-velo\/#breadcrumb","itemListElement":[{"@type":"ListItem","position":1,"name":"Accueil","item":"https:\/\/www.randocabane.fr\/"},{"@type":"ListItem","position":2,"name":"Itin\u00e9raires \u00e0 v\u00e9lo au d\u00e9part ou vers les h\u00e9bergements Randocabane"}]},{"@type":"WebSite","@id":"https:\/\/www.randocabane.fr\/#website","url":"https:\/\/www.randocabane.fr\/","name":"Randocabane","description":"De cabane en cabane","publisher":{"@id":"https:\/\/www.randocabane.fr\/#organization"},"potentialAction":[{"@type":"SearchAction","target":{"@type":"EntryPoint","urlTemplate":"https:\/\/www.randocabane.fr\/?s={search_term_string}"},"query-input":{"@type":"PropertyValueSpecification","valueRequired":true,"valueName":"search_term_string"}}],"inLanguage":"fr-FR"},{"@type":"Organization","@id":"https:\/\/www.randocabane.fr\/#organization","name":"Randocabane","url":"https:\/\/www.randocabane.fr\/","logo":{"@type":"ImageObject","inLanguage":"fr-FR","@id":"https:\/\/www.randocabane.fr\/#\/schema\/logo\/image\/","url":"https:\/\/www.randocabane.fr\/wp-content\/uploads\/2020\/12\/cropped-logo-randocabane-500.jpg","contentUrl":"https:\/\/www.randocabane.fr\/wp-content\/uploads\/2020\/12\/cropped-logo-randocabane-500.jpg","width":500,"height":335,"caption":"Randocabane"},"image":{"@id":"https:\/\/www.randocabane.fr\/#\/schema\/logo\/image\/"}}]}},"_links":{"self":[{"href":"https:\/\/www.randocabane.fr\/index.php\/wp-json\/wp\/v2\/pages\/2078","targetHints":{"allow":["GET"]}}],"collection":[{"href":"https:\/\/www.randocabane.fr\/index.php\/wp-json\/wp\/v2\/pages"}],"about":[{"href":"https:\/\/www.randocabane.fr\/index.php\/wp-json\/wp\/v2\/types\/page"}],"author":[{"embeddable":true,"href":"https:\/\/www.randocabane.fr\/index.php\/wp-json\/wp\/v2\/users\/2"}],"replies":[{"embeddable":true,"href":"https:\/\/www.randocabane.fr\/index.php\/wp-json\/wp\/v2\/comments?post=2078"}],"version-history":[{"count":41,"href":"https:\/\/www.randocabane.fr\/index.php\/wp-json\/wp\/v2\/pages\/2078\/revisions"}],"predecessor-version":[{"id":3382,"href":"https:\/\/www.randocabane.fr\/index.php\/wp-json\/wp\/v2\/pages\/2078\/revisions\/3382"}],"wp:attachment":[{"href":"https:\/\/www.randocabane.fr\/index.php\/wp-json\/wp\/v2\/media?parent=2078"}],"curies":[{"name":"wp","href":"https:\/\/api.w.org\/{rel}","templated":true}]}}