{"id":2108,"date":"2021-03-22T11:21:41","date_gmt":"2021-03-22T10:21:41","guid":{"rendered":"http:\/\/www.randocabane.fr\/?page_id=2108"},"modified":"2025-01-25T19:28:58","modified_gmt":"2025-01-25T18:28:58","slug":"randonnees-en-canoe-ou-kayak","status":"publish","type":"page","link":"https:\/\/www.randocabane.fr\/index.php\/randonnees-en-canoe-ou-kayak\/","title":{"rendered":"Naviguez en cano\u00eb \/ kayak au d\u00e9part ou vers les h\u00e9bergements RandoCabane"},"content":{"rendered":"\n<p class=\"has-text-align-center\">Naviguez entre S\u00e8vre et Maine au travers du vignoble de Nantes et d\u00e9couvrez nos diff\u00e9rents partenaires pour vos randonn\u00e9es en cano\u00eb \/ kayak.<\/p>\n\n\n\n<p class=\"has-text-align-center\"><strong>La S\u00e8vre Nantaise et la Maine sont navigables dans les deux sens de mai \u00e0 septembre. <\/strong><\/p>\n\n\n\n<p class=\"has-text-align-center\">Envie d&#8217;une&nbsp;<strong>randonn\u00e9e personnalis\u00e9e<\/strong>&nbsp;? RandoCabane s&#8217;occupe de tout :&nbsp;<a href=\"https:\/\/www.randocabane.fr\/#contact\">contactez-nous<\/a>&nbsp;!<\/p>\n\n\n\n<h2 class=\"wp-block-heading\">Vertou &#8211; Loiry \u00e0 RandoCabane sur la S\u00e8vre Nantaise 7km<\/h2>\n\n\n\n<div class=\"wp-block-media-text alignwide is-stacked-on-mobile\" style=\"grid-template-columns:35% auto\"><figure class=\"wp-block-media-text__media\"><img loading=\"lazy\" decoding=\"async\" width=\"429\" height=\"224\" src=\"http:\/\/www.randocabane.fr\/wp-content\/uploads\/2025\/01\/Canoe-Vertou-Loiry-RandoCabane.jpg\" alt=\"Rando Cano\u00eb et bivouac RandoCabane\" class=\"wp-image-3304 size-full\" srcset=\"https:\/\/www.randocabane.fr\/wp-content\/uploads\/2025\/01\/Canoe-Vertou-Loiry-RandoCabane.jpg 429w, https:\/\/www.randocabane.fr\/wp-content\/uploads\/2025\/01\/Canoe-Vertou-Loiry-RandoCabane-300x157.jpg 300w\" sizes=\"auto, (max-width: 429px) 100vw, 429px\" \/><\/figure><div class=\"wp-block-media-text__content\">\n<p><\/p>\n\n\n\n<h3 class=\"wp-block-heading\">Au d\u00e9part du Club de Vertou &#8211; Parc du Loiry<\/h3>\n\n\n\n<p>Location possible au Club, sinon d\u00e9part possible au parc de la S\u00e8vre si vous avez votre embarcation.<\/p>\n\n\n\n<p>Pas de ravitaillement sur la parcours, restauration possible aux cabanes sur commande.<\/p>\n\n\n\n<p><a href=\"http:\/\/www.randocabane.fr\/wp-content\/uploads\/2025\/01\/Canoe-Vertou-Loiry-Randocabane.gpx\" target=\"_blank\" rel=\"noreferrer noopener nofollow\"><strong>Trace GPX<\/strong><\/a> de la Rando<\/p>\n<\/div><\/div>\n\n\n\n<hr class=\"wp-block-separator has-alpha-channel-opacity\"\/>\n\n\n\n<h2 class=\"wp-block-heading\">Au d\u00e9part des cabanes &#8211; D\u00e9couverte en famille<\/h2>\n\n\n\n<div class=\"wp-block-media-text is-stacked-on-mobile\" style=\"grid-template-columns:41% auto\"><figure class=\"wp-block-media-text__media\"><img loading=\"lazy\" decoding=\"async\" width=\"295\" height=\"188\" src=\"http:\/\/www.randocabane.fr\/wp-content\/uploads\/2025\/01\/Canoe-RandoCabane-Port-de-la-Haye-Fouasiere.jpg\" alt=\"RandoCabane cano\u00eb Haye Fouassi\u00e8re\" class=\"wp-image-3351 size-full\"\/><\/figure><div class=\"wp-block-media-text__content\">\n<h3 class=\"wp-block-heading\">La balade Cano\u00eb Famille 3km a\/r<\/h3>\n\n\n\n<p>Sur une rivi\u00e8re tranquille, la S\u00e8vre Nantaise, rejoignez le Port de la Haye Fouassi\u00e8re ou la Haie Fouassi\u00e8re&#8230;<\/p>\n\n\n\n<p>Au port, aire de jeux pour les petits, tyrolienne tr\u00e8s appr\u00e9ci\u00e9e, &#8220;j&#8217;ai bien dit les petits&#8221;.<\/p>\n\n\n\n<p>Commerces \u00e0 10mn \u00e0 pieds depuis le port, boulangeries, boucherie, restaurant, \u00e9picerie,&#8230;<\/p>\n\n\n\n<p><a href=\"http:\/\/www.randocabane.fr\/wp-content\/uploads\/2025\/01\/canoe-randocabane-port-la-haye-fouassiere.gpx\"><strong>Trace GPX<\/strong><\/a> de la Rando, test\u00e9e par Franck et sa famille de nombreuse fois.<\/p>\n<\/div><\/div>\n\n\n\n<hr class=\"wp-block-separator has-alpha-channel-opacity\"\/>\n\n\n\n<h2 class=\"wp-block-heading\">Au d\u00e9part de RandoCabane \u00e0 Saint Fiacre sur Maine<\/h2>\n\n\n\n<div class=\"wp-block-media-text has-media-on-the-right is-stacked-on-mobile\" style=\"grid-template-columns:auto 36%\"><div class=\"wp-block-media-text__content\">\n<h3 class=\"wp-block-heading\">Aller Retour vers Pont Caffino \u00e0 Ch\u00e2teau-Th\u00e9baud<\/h3>\n\n\n\n<p>18 km aller-retour en naviguant en cano\u00eb ou kayak sur la S\u00e8vre Nantais et la Maine. Suivant le type d&#8217;embarcation et votre \u00e9nergie 4 \u00e0 5h00 de randonn\u00e9e.<\/p>\n\n\n\n<p>Ravitaillement possible \u00e0 Ch\u00e2teau-Th\u00e9baud, guinguette sur le site de loisirs et restaurants dans la commune.<\/p>\n\n\n\n<p><strong><a href=\"http:\/\/www.randocabane.fr\/wp-content\/uploads\/2025\/01\/COURSE_329025977.gpx\">Trace GPX<\/a><\/strong> de la Rando<\/p>\n<\/div><figure class=\"wp-block-media-text__media\"><img loading=\"lazy\" decoding=\"async\" width=\"427\" height=\"334\" src=\"https:\/\/www.randocabane.fr\/wp-content\/uploads\/2025\/01\/Canoe-RandoCabane-Pont-Caffino.jpg\" alt=\"\" class=\"wp-image-3345 size-full\" srcset=\"https:\/\/www.randocabane.fr\/wp-content\/uploads\/2025\/01\/Canoe-RandoCabane-Pont-Caffino.jpg 427w, https:\/\/www.randocabane.fr\/wp-content\/uploads\/2025\/01\/Canoe-RandoCabane-Pont-Caffino-300x235.jpg 300w\" sizes=\"auto, (max-width: 427px) 100vw, 427px\" \/><\/figure><\/div>\n\n\n\n<hr class=\"wp-block-separator has-alpha-channel-opacity\"\/>\n\n\n\n<h2 class=\"wp-block-heading\">Les loueurs de cano\u00ebs ou kayaks<\/h2>\n\n\n\n<ul class=\"wp-block-list\">\n<li><a href=\"https:\/\/www.canoekayakvertou.com\/\" target=\"_blank\" rel=\"noreferrer noopener\">Club de Vertou<\/a><\/li>\n\n\n\n<li><a href=\"https:\/\/www.canoekayakchateauthebaud.fr\/\" target=\"_blank\" rel=\"noreferrer noopener\">Club de Ch\u00e2teau-Th\u00e9baud<\/a><\/li>\n\n\n\n<li><a href=\"https:\/\/www.ckclisson.fr\/\" target=\"_blank\" rel=\"noreferrer noopener\">Club de Clisson<\/a><\/li>\n\n\n\n<li>ou votre embarcation !<\/li>\n<\/ul>\n\n\n\r\n            <style>.wpgmza_table_category { display: none !important; }<\/style><style>.wpgmza_table_marker { display: none; }<\/style><style>.wpgmza_table_title { display: none; }<\/style><style>.wpgmza_table_address { display: none; }<\/style>\r\n            \r\n            \r\n            <a name='map8'><\/a>\r\n            \r\n            \r\n            \r\n            \r\n            <div class=\"wpgmza_map \"  id=\"wpgmza_map_8\" style=\"display:block; overflow:auto; width:100%; height:400px; float:left;\" data-settings='{\"id\":\"8\",\"map_title\":\"Itin\\u00e9raires Cano\\u00eb Kayak\",\"map_width\":\"100\",\"map_height\":\"400\",\"map_start_lat\":\"47.12498007612405\",\"map_start_lng\":\"-1.3810253878558956\",\"map_start_location\":\"\",\"map_start_zoom\":\"12\",\"default_marker\":\"\",\"type\":\"0\",\"alignment\":\"0\",\"directions_enabled\":\"0\",\"styling_enabled\":\"0\",\"styling_json\":\"\",\"active\":\"0\",\"kml\":\"\",\"bicycle\":\"0\",\"traffic\":\"0\",\"dbox\":\"1\",\"dbox_width\":\"100\",\"listmarkers\":\"0\",\"listmarkers_advanced\":\"0\",\"filterbycat\":\"0\",\"ugm_enabled\":\"0\",\"ugm_category_enabled\":\"0\",\"fusion\":\"\",\"map_width_type\":\"%\",\"map_height_type\":\"px\",\"mass_marker_support\":\"0\",\"ugm_access\":\"0\",\"order_markers_by\":\"1\",\"order_markers_choice\":\"1\",\"show_user_location\":\"0\",\"default_to\":\"\",\"other_settings\":{\"map_type\":1,\"sl_stroke_color\":\"#ff0000\",\"sl_fill_color\":\"#ff0000\",\"sl_stroke_opacity\":\"1\",\"sl_fill_opacity\":\"0.5\",\"transport_layer\":false,\"action\":\"wpgmza_save_map\",\"redirect_to\":\"\\\/wp-admin\\\/admin-post.php\",\"map_id\":\"8\",\"http_referer\":\"\\\/wp-admin\\\/admin.php?page=wp-google-maps-menu&amp;action=edit&amp;map_id=8\",\"wpgmza_id\":\"8\",\"wpgmza_start_location\":\"47.12498007612405,-1.3810253878558956\",\"wpgmza_start_zoom\":\"12\",\"wpgmza_dbox_width_type\":\"%\",\"default_from\":\"\",\"directions_behaviour\":\"default\",\"force_google_directions_app\":false,\"directions_route_origin_icon\":\"https:\\\/\\\/www.randocabane.fr\\\/wp-content\\\/plugins\\\/wp-google-maps\\\/images\\\/spotlight-poi2.png\",\"directions_origin_retina\":false,\"directions_route_destination_icon\":\"https:\\\/\\\/www.randocabane.fr\\\/wp-content\\\/plugins\\\/wp-google-maps\\\/images\\\/spotlight-poi2.png\",\"directions_destination_retina\":false,\"directions_route_stroke_color\":\"#4f8df5\",\"directions_route_stroke_weight\":\"4\",\"directions_route_stroke_opacity\":\"0.8\",\"store_locator_enabled\":false,\"store_locator_search_area\":\"radial\",\"wpgmza_store_locator_radius_style\":\"legacy\",\"wpgmza_store_locator_default_radius\":\"10\",\"store_locator_auto_area_max_zoom\":\"\",\"wpgmza_store_locator_restrict\":\"\",\"store_locator_distance\":false,\"wpgmza_store_locator_position\":false,\"store_locator_show_distance\":false,\"store_locator_category\":false,\"wpgmza_store_locator_use_their_location\":false,\"wpgmza_store_locator_bounce\":false,\"upload_default_sl_marker\":\"\",\"retina\":false,\"wpgmza_sl_animation\":\"0\",\"wpgmza_store_locator_hide_before_search\":false,\"store_locator_query_string\":\"\",\"store_locator_default_address\":\"\",\"store_locator_name_search\":false,\"store_locator_name_string\":\"\",\"store_locator_not_found_message\":\"\",\"wpgmza_map_align\":\"1\",\"upload_default_ul_marker\":\"\",\"jump_to_nearest_marker_on_initialization\":false,\"automatically_pan_to_users_location\":false,\"override_users_location_zoom_level\":false,\"override_users_location_zoom_levels\":\"\",\"show_distance_from_location\":false,\"map_max_zoom\":\"21\",\"map_min_zoom\":\"0\",\"click_open_link\":false,\"fit_maps_bounds_to_markers\":false,\"fit_maps_bounds_to_markers_after_filtering\":false,\"hide_point_of_interest\":false,\"wpgmza_zoom_on_marker_click\":false,\"wpgmza_zoom_on_marker_click_slider\":\"\",\"close_infowindow_on_map_click\":false,\"disable_lightbox_images\":false,\"use_Raw_Jpeg_Coordinates\":false,\"polygon_labels\":false,\"disable_polygon_info_windows\":false,\"enable_advanced_custom_fields_integration\":false,\"enable_toolset_woocommerce_integration\":false,\"only_load_markers_within_viewport\":false,\"iw_primary_color\":\"\",\"iw_accent_color\":\"\",\"iw_text_color\":\"\",\"wpgmza_listmarkers_by\":\"0\",\"wpgmza_marker_listing_position\":false,\"datatable_no_result_message\":\"\",\"remove_search_box_datables\":false,\"dataTable_pagination_style\":\"default\",\"datatable_search_string\":\"\",\"datatable_result_start\":\"\",\"datatable_result_of\":\"\",\"datatable_result_to\":\"\",\"datatable_result_total\":\"\",\"datatable_result_show\":\"\",\"datatable_result_entries\":\"\",\"wpgmza_savemap\":\"Enregistrer la carte \\u00bb\",\"shortcodeAttributes\":{\"id\":\"8\"}}}' data-map-id='8' data-shortcode-attributes='{\"id\":\"8\"}'> <\/div>\r\n            \r\n               \r\n        \n\n\n\n<p><em>Les itin\u00e9raires propos\u00e9s s&#8217;appuient en partie sur des circuits ou voies balis\u00e9es. Notre responsabilit\u00e9 ne pourra \u00eatre engag\u00e9e en cas de manquement sur la signalisation.<\/em><\/p>\n\n\n\n<hr class=\"wp-block-separator has-css-opacity\"\/>\n\n\n\n<h2 class=\"wp-block-heading\">Les rivi\u00e8res du Vignoble : S\u00e8vre et Maine<\/h2>\n\n\n\n<p>La S\u00e8vre Nantaise se jette dans la Loire \u00e0 Nantes, quelques kilom\u00e8tres en amont la Maine rejoint la S\u00e8vre. De confluence en confluence l&#8217;ensemble forme le bassin versant de la S\u00e8vre Nantaise. 2000 km de cours d&#8217;eau que l&#8217;on appelle le r\u00e9seau hydrographique, la navigation reste limit\u00e9e \u00e0 10% de ce magnifique ensemble.<\/p>\n\n\n\n<h3 class=\"wp-block-heading\">Id\u00e9es de randonn\u00e9es en cano\u00eb ou kayak<\/h3>\n\n\n\n<p><strong>De Vertou \u00e0 la <a href=\"http:\/\/www.randocabane.fr\/index.php\/cabane-de-la-sevre-reservation\/\">cabane de Saint Fiacre sur Maine<\/a> : 7 Km  &#8211; 1\/2 journ\u00e9e<\/strong> &#8211; Navigation sur la S\u00e8vre Nantaise<\/p>\n\n\n\n<p><strong>De Vertou \u00e0 Pont Caffino &#8211; S\u00e8vre et Maine :  8,5 Km &#8211; 1\/2 journ\u00e9e<\/strong> <\/p>\n\n\n\n<p><strong>Vertou &#8211; Pont- Caffino &#8211; Cabane de St Fiacre : 17 Km &#8211; Journ\u00e9e<\/strong>  &#8211; Navigation sur la S\u00e8vre Nantaise et la Maine<\/p>\n\n\n\n<p><strong>De Pont Caffino \u00e0 Clisson &#8211; Maine et S\u00e8vre :  26 Km &#8211; 2 jours<\/strong><\/p>\n\n\n\n<p><strong>De la Cabane de Saint Fiacre sur Maine \u00e0 Clisson ou l&#8217;inverse : 17 Km &#8211; Journ\u00e9e<\/strong> &#8211; Navigation sur la S\u00e8vre Nantaise<\/p>\n\n\n\n<figure class=\"wp-block-gallery has-nested-images columns-default is-cropped wp-block-gallery-1 is-layout-flex wp-block-gallery-is-layout-flex\">\n<figure class=\"wp-block-image size-large\"><img loading=\"lazy\" decoding=\"async\" width=\"1024\" height=\"683\" data-id=\"1967\" src=\"https:\/\/www.randocabane.fr\/wp-content\/uploads\/2021\/03\/canoe-kayak-sevre-1024x683.jpg\" alt=\"Randonn\u00e9es en cano\u00eb\" class=\"wp-image-1967\" srcset=\"https:\/\/www.randocabane.fr\/wp-content\/uploads\/2021\/03\/canoe-kayak-sevre-1024x683.jpg 1024w, https:\/\/www.randocabane.fr\/wp-content\/uploads\/2021\/03\/canoe-kayak-sevre-300x200.jpg 300w, https:\/\/www.randocabane.fr\/wp-content\/uploads\/2021\/03\/canoe-kayak-sevre-768x512.jpg 768w, https:\/\/www.randocabane.fr\/wp-content\/uploads\/2021\/03\/canoe-kayak-sevre.jpg 1200w\" sizes=\"auto, (max-width: 1024px) 100vw, 1024px\" \/><\/figure>\n\n\n\n<figure class=\"wp-block-image size-large\"><img loading=\"lazy\" decoding=\"async\" width=\"1024\" height=\"683\" data-id=\"2187\" src=\"https:\/\/www.randocabane.fr\/wp-content\/uploads\/2021\/03\/Bord-de-Loire-1024x683.jpg\" alt=\"Bord de Loire\" class=\"wp-image-2187\" srcset=\"https:\/\/www.randocabane.fr\/wp-content\/uploads\/2021\/03\/Bord-de-Loire-1024x683.jpg 1024w, https:\/\/www.randocabane.fr\/wp-content\/uploads\/2021\/03\/Bord-de-Loire-300x200.jpg 300w, https:\/\/www.randocabane.fr\/wp-content\/uploads\/2021\/03\/Bord-de-Loire-768x512.jpg 768w, https:\/\/www.randocabane.fr\/wp-content\/uploads\/2021\/03\/Bord-de-Loire.jpg 1200w\" sizes=\"auto, (max-width: 1024px) 100vw, 1024px\" \/><\/figure>\n\n\n\n<figure class=\"wp-block-image size-large\"><img loading=\"lazy\" decoding=\"async\" width=\"1024\" height=\"463\" data-id=\"1701\" src=\"https:\/\/www.randocabane.fr\/wp-content\/uploads\/2021\/03\/location-paddle-kayak-1024x463.jpg\" alt=\"Randonn\u00e9es en cano\u00eb\" class=\"wp-image-1701\" srcset=\"https:\/\/www.randocabane.fr\/wp-content\/uploads\/2021\/03\/location-paddle-kayak-1024x463.jpg 1024w, https:\/\/www.randocabane.fr\/wp-content\/uploads\/2021\/03\/location-paddle-kayak-300x136.jpg 300w, https:\/\/www.randocabane.fr\/wp-content\/uploads\/2021\/03\/location-paddle-kayak-768x347.jpg 768w, https:\/\/www.randocabane.fr\/wp-content\/uploads\/2021\/03\/location-paddle-kayak.jpg 1500w\" sizes=\"auto, (max-width: 1024px) 100vw, 1024px\" \/><\/figure>\n<\/figure>\n","protected":false},"excerpt":{"rendered":"<p>Naviguez entre S\u00e8vre et Maine au travers du vignoble de Nantes et d\u00e9couvrez nos diff\u00e9rents partenaires pour vos randonn\u00e9es en cano\u00eb \/ kayak. La S\u00e8vre Nantaise et la Maine sont &#8230;<\/p>\n","protected":false},"author":2,"featured_media":1630,"parent":0,"menu_order":3,"comment_status":"closed","ping_status":"closed","template":"","meta":{"footnotes":""},"class_list":["post-2108","page","type-page","status-publish","has-post-thumbnail","hentry"],"yoast_head":"<!-- This site is optimized with the Yoast SEO plugin v26.4 - https:\/\/yoast.com\/wordpress\/plugins\/seo\/ -->\n<title>Naviguez en cano\u00eb \/ kayak au d\u00e9part ou vers les h\u00e9bergements RandoCabane - Pr\u00e9parer sa randonn\u00e9e - Randocabane<\/title>\n<meta name=\"description\" content=\"Envie de randonn\u00e9es en cano\u00eb ? D\u00e9couvrez les parcours de RandoCabane et profitez d&#039;une nuit au milieu du vignoble dans l&#039;une de nos cabanes.\" \/>\n<meta name=\"robots\" content=\"index, follow, max-snippet:-1, max-image-preview:large, max-video-preview:-1\" \/>\n<link rel=\"canonical\" href=\"https:\/\/www.randocabane.fr\/index.php\/randonnees-en-canoe-ou-kayak\/\" \/>\n<meta property=\"og:locale\" content=\"fr_FR\" \/>\n<meta property=\"og:type\" content=\"article\" \/>\n<meta property=\"og:title\" content=\"Naviguez en cano\u00eb \/ kayak au d\u00e9part ou vers les h\u00e9bergements RandoCabane - Pr\u00e9parer sa randonn\u00e9e - Randocabane\" \/>\n<meta property=\"og:description\" content=\"Envie de randonn\u00e9es en cano\u00eb ? D\u00e9couvrez les parcours de RandoCabane et profitez d&#039;une nuit au milieu du vignoble dans l&#039;une de nos cabanes.\" \/>\n<meta property=\"og:url\" content=\"https:\/\/www.randocabane.fr\/index.php\/randonnees-en-canoe-ou-kayak\/\" \/>\n<meta property=\"og:site_name\" content=\"Randocabane\" \/>\n<meta property=\"article:modified_time\" content=\"2025-01-25T18:28:58+00:00\" \/>\n<meta property=\"og:image\" content=\"https:\/\/www.randocabane.fr\/wp-content\/uploads\/2021\/02\/AdobeStock_7365153-scaled.jpeg\" \/>\n\t<meta property=\"og:image:width\" content=\"2560\" \/>\n\t<meta property=\"og:image:height\" content=\"1682\" \/>\n\t<meta property=\"og:image:type\" content=\"image\/jpeg\" \/>\n<meta name=\"twitter:card\" content=\"summary_large_image\" \/>\n<meta name=\"twitter:label1\" content=\"Dur\u00e9e de lecture estim\u00e9e\" \/>\n\t<meta name=\"twitter:data1\" content=\"4 minutes\" \/>\n<script type=\"application\/ld+json\" class=\"yoast-schema-graph\">{\"@context\":\"https:\/\/schema.org\",\"@graph\":[{\"@type\":\"WebPage\",\"@id\":\"https:\/\/www.randocabane.fr\/index.php\/randonnees-en-canoe-ou-kayak\/\",\"url\":\"https:\/\/www.randocabane.fr\/index.php\/randonnees-en-canoe-ou-kayak\/\",\"name\":\"Naviguez en cano\u00eb \/ kayak au d\u00e9part ou vers les h\u00e9bergements RandoCabane - Pr\u00e9parer sa randonn\u00e9e - Randocabane\",\"isPartOf\":{\"@id\":\"https:\/\/www.randocabane.fr\/#website\"},\"primaryImageOfPage\":{\"@id\":\"https:\/\/www.randocabane.fr\/index.php\/randonnees-en-canoe-ou-kayak\/#primaryimage\"},\"image\":{\"@id\":\"https:\/\/www.randocabane.fr\/index.php\/randonnees-en-canoe-ou-kayak\/#primaryimage\"},\"thumbnailUrl\":\"https:\/\/www.randocabane.fr\/wp-content\/uploads\/2021\/02\/AdobeStock_7365153-scaled.jpeg\",\"datePublished\":\"2021-03-22T10:21:41+00:00\",\"dateModified\":\"2025-01-25T18:28:58+00:00\",\"description\":\"Envie de randonn\u00e9es en cano\u00eb ? D\u00e9couvrez les parcours de RandoCabane et profitez d'une nuit au milieu du vignoble dans l'une de nos cabanes.\",\"breadcrumb\":{\"@id\":\"https:\/\/www.randocabane.fr\/index.php\/randonnees-en-canoe-ou-kayak\/#breadcrumb\"},\"inLanguage\":\"fr-FR\",\"potentialAction\":[{\"@type\":\"ReadAction\",\"target\":[\"https:\/\/www.randocabane.fr\/index.php\/randonnees-en-canoe-ou-kayak\/\"]}]},{\"@type\":\"ImageObject\",\"inLanguage\":\"fr-FR\",\"@id\":\"https:\/\/www.randocabane.fr\/index.php\/randonnees-en-canoe-ou-kayak\/#primaryimage\",\"url\":\"https:\/\/www.randocabane.fr\/wp-content\/uploads\/2021\/02\/AdobeStock_7365153-scaled.jpeg\",\"contentUrl\":\"https:\/\/www.randocabane.fr\/wp-content\/uploads\/2021\/02\/AdobeStock_7365153-scaled.jpeg\",\"width\":2560,\"height\":1682},{\"@type\":\"BreadcrumbList\",\"@id\":\"https:\/\/www.randocabane.fr\/index.php\/randonnees-en-canoe-ou-kayak\/#breadcrumb\",\"itemListElement\":[{\"@type\":\"ListItem\",\"position\":1,\"name\":\"Accueil\",\"item\":\"https:\/\/www.randocabane.fr\/\"},{\"@type\":\"ListItem\",\"position\":2,\"name\":\"Naviguez en cano\u00eb \/ kayak au d\u00e9part ou vers les h\u00e9bergements RandoCabane\"}]},{\"@type\":\"WebSite\",\"@id\":\"https:\/\/www.randocabane.fr\/#website\",\"url\":\"https:\/\/www.randocabane.fr\/\",\"name\":\"Randocabane\",\"description\":\"De cabane en cabane\",\"publisher\":{\"@id\":\"https:\/\/www.randocabane.fr\/#organization\"},\"potentialAction\":[{\"@type\":\"SearchAction\",\"target\":{\"@type\":\"EntryPoint\",\"urlTemplate\":\"https:\/\/www.randocabane.fr\/?s={search_term_string}\"},\"query-input\":{\"@type\":\"PropertyValueSpecification\",\"valueRequired\":true,\"valueName\":\"search_term_string\"}}],\"inLanguage\":\"fr-FR\"},{\"@type\":\"Organization\",\"@id\":\"https:\/\/www.randocabane.fr\/#organization\",\"name\":\"Randocabane\",\"url\":\"https:\/\/www.randocabane.fr\/\",\"logo\":{\"@type\":\"ImageObject\",\"inLanguage\":\"fr-FR\",\"@id\":\"https:\/\/www.randocabane.fr\/#\/schema\/logo\/image\/\",\"url\":\"https:\/\/www.randocabane.fr\/wp-content\/uploads\/2020\/12\/cropped-logo-randocabane-500.jpg\",\"contentUrl\":\"https:\/\/www.randocabane.fr\/wp-content\/uploads\/2020\/12\/cropped-logo-randocabane-500.jpg\",\"width\":500,\"height\":335,\"caption\":\"Randocabane\"},\"image\":{\"@id\":\"https:\/\/www.randocabane.fr\/#\/schema\/logo\/image\/\"}}]}<\/script>\n<!-- \/ Yoast SEO plugin. -->","yoast_head_json":{"title":"Naviguez en cano\u00eb \/ kayak au d\u00e9part ou vers les h\u00e9bergements RandoCabane - Pr\u00e9parer sa randonn\u00e9e - Randocabane","description":"Envie de randonn\u00e9es en cano\u00eb ? D\u00e9couvrez les parcours de RandoCabane et profitez d'une nuit au milieu du vignoble dans l'une de nos cabanes.","robots":{"index":"index","follow":"follow","max-snippet":"max-snippet:-1","max-image-preview":"max-image-preview:large","max-video-preview":"max-video-preview:-1"},"canonical":"https:\/\/www.randocabane.fr\/index.php\/randonnees-en-canoe-ou-kayak\/","og_locale":"fr_FR","og_type":"article","og_title":"Naviguez en cano\u00eb \/ kayak au d\u00e9part ou vers les h\u00e9bergements RandoCabane - Pr\u00e9parer sa randonn\u00e9e - Randocabane","og_description":"Envie de randonn\u00e9es en cano\u00eb ? D\u00e9couvrez les parcours de RandoCabane et profitez d'une nuit au milieu du vignoble dans l'une de nos cabanes.","og_url":"https:\/\/www.randocabane.fr\/index.php\/randonnees-en-canoe-ou-kayak\/","og_site_name":"Randocabane","article_modified_time":"2025-01-25T18:28:58+00:00","og_image":[{"width":2560,"height":1682,"url":"https:\/\/www.randocabane.fr\/wp-content\/uploads\/2021\/02\/AdobeStock_7365153-scaled.jpeg","type":"image\/jpeg"}],"twitter_card":"summary_large_image","twitter_misc":{"Dur\u00e9e de lecture estim\u00e9e":"4 minutes"},"schema":{"@context":"https:\/\/schema.org","@graph":[{"@type":"WebPage","@id":"https:\/\/www.randocabane.fr\/index.php\/randonnees-en-canoe-ou-kayak\/","url":"https:\/\/www.randocabane.fr\/index.php\/randonnees-en-canoe-ou-kayak\/","name":"Naviguez en cano\u00eb \/ kayak au d\u00e9part ou vers les h\u00e9bergements RandoCabane - Pr\u00e9parer sa randonn\u00e9e - Randocabane","isPartOf":{"@id":"https:\/\/www.randocabane.fr\/#website"},"primaryImageOfPage":{"@id":"https:\/\/www.randocabane.fr\/index.php\/randonnees-en-canoe-ou-kayak\/#primaryimage"},"image":{"@id":"https:\/\/www.randocabane.fr\/index.php\/randonnees-en-canoe-ou-kayak\/#primaryimage"},"thumbnailUrl":"https:\/\/www.randocabane.fr\/wp-content\/uploads\/2021\/02\/AdobeStock_7365153-scaled.jpeg","datePublished":"2021-03-22T10:21:41+00:00","dateModified":"2025-01-25T18:28:58+00:00","description":"Envie de randonn\u00e9es en cano\u00eb ? D\u00e9couvrez les parcours de RandoCabane et profitez d'une nuit au milieu du vignoble dans l'une de nos cabanes.","breadcrumb":{"@id":"https:\/\/www.randocabane.fr\/index.php\/randonnees-en-canoe-ou-kayak\/#breadcrumb"},"inLanguage":"fr-FR","potentialAction":[{"@type":"ReadAction","target":["https:\/\/www.randocabane.fr\/index.php\/randonnees-en-canoe-ou-kayak\/"]}]},{"@type":"ImageObject","inLanguage":"fr-FR","@id":"https:\/\/www.randocabane.fr\/index.php\/randonnees-en-canoe-ou-kayak\/#primaryimage","url":"https:\/\/www.randocabane.fr\/wp-content\/uploads\/2021\/02\/AdobeStock_7365153-scaled.jpeg","contentUrl":"https:\/\/www.randocabane.fr\/wp-content\/uploads\/2021\/02\/AdobeStock_7365153-scaled.jpeg","width":2560,"height":1682},{"@type":"BreadcrumbList","@id":"https:\/\/www.randocabane.fr\/index.php\/randonnees-en-canoe-ou-kayak\/#breadcrumb","itemListElement":[{"@type":"ListItem","position":1,"name":"Accueil","item":"https:\/\/www.randocabane.fr\/"},{"@type":"ListItem","position":2,"name":"Naviguez en cano\u00eb \/ kayak au d\u00e9part ou vers les h\u00e9bergements RandoCabane"}]},{"@type":"WebSite","@id":"https:\/\/www.randocabane.fr\/#website","url":"https:\/\/www.randocabane.fr\/","name":"Randocabane","description":"De cabane en cabane","publisher":{"@id":"https:\/\/www.randocabane.fr\/#organization"},"potentialAction":[{"@type":"SearchAction","target":{"@type":"EntryPoint","urlTemplate":"https:\/\/www.randocabane.fr\/?s={search_term_string}"},"query-input":{"@type":"PropertyValueSpecification","valueRequired":true,"valueName":"search_term_string"}}],"inLanguage":"fr-FR"},{"@type":"Organization","@id":"https:\/\/www.randocabane.fr\/#organization","name":"Randocabane","url":"https:\/\/www.randocabane.fr\/","logo":{"@type":"ImageObject","inLanguage":"fr-FR","@id":"https:\/\/www.randocabane.fr\/#\/schema\/logo\/image\/","url":"https:\/\/www.randocabane.fr\/wp-content\/uploads\/2020\/12\/cropped-logo-randocabane-500.jpg","contentUrl":"https:\/\/www.randocabane.fr\/wp-content\/uploads\/2020\/12\/cropped-logo-randocabane-500.jpg","width":500,"height":335,"caption":"Randocabane"},"image":{"@id":"https:\/\/www.randocabane.fr\/#\/schema\/logo\/image\/"}}]}},"_links":{"self":[{"href":"https:\/\/www.randocabane.fr\/index.php\/wp-json\/wp\/v2\/pages\/2108","targetHints":{"allow":["GET"]}}],"collection":[{"href":"https:\/\/www.randocabane.fr\/index.php\/wp-json\/wp\/v2\/pages"}],"about":[{"href":"https:\/\/www.randocabane.fr\/index.php\/wp-json\/wp\/v2\/types\/page"}],"author":[{"embeddable":true,"href":"https:\/\/www.randocabane.fr\/index.php\/wp-json\/wp\/v2\/users\/2"}],"replies":[{"embeddable":true,"href":"https:\/\/www.randocabane.fr\/index.php\/wp-json\/wp\/v2\/comments?post=2108"}],"version-history":[{"count":24,"href":"https:\/\/www.randocabane.fr\/index.php\/wp-json\/wp\/v2\/pages\/2108\/revisions"}],"predecessor-version":[{"id":3353,"href":"https:\/\/www.randocabane.fr\/index.php\/wp-json\/wp\/v2\/pages\/2108\/revisions\/3353"}],"wp:featuredmedia":[{"embeddable":true,"href":"https:\/\/www.randocabane.fr\/index.php\/wp-json\/wp\/v2\/media\/1630"}],"wp:attachment":[{"href":"https:\/\/www.randocabane.fr\/index.php\/wp-json\/wp\/v2\/media?parent=2108"}],"curies":[{"name":"wp","href":"https:\/\/api.w.org\/{rel}","templated":true}]}}