{"id":2380,"date":"2021-03-30T12:17:50","date_gmt":"2021-03-30T10:17:50","guid":{"rendered":"https:\/\/www.randocabane.fr\/?page_id=2380"},"modified":"2025-01-23T18:02:45","modified_gmt":"2025-01-23T17:02:45","slug":"idees-de-randonnees","status":"publish","type":"page","link":"https:\/\/www.randocabane.fr\/index.php\/idees-de-randonnees\/","title":{"rendered":"Id\u00e9es de randonn\u00e9es"},"content":{"rendered":"\n<div class=\"wp-block-columns are-vertically-aligned-center is-layout-flex wp-container-core-columns-is-layout-1 wp-block-columns-is-layout-flex\">\n<div class=\"wp-block-column is-vertically-aligned-center is-layout-flow wp-block-column-is-layout-flow\" style=\"flex-basis:22.22%\"><p><iframe loading=\"lazy\" id=\"widget_autocomplete_preview\"  width=\"150\" height=\"300\" frameborder=\"0\" src=\"https:\/\/meteofrance.com\/widget\/prevision\/441590##94C11F\" title=\"Pr\u00e9visions Saint-Fiacre-sur-Maine par M\u00e9t\u00e9o-France\"> <\/iframe><\/p>\n<\/div>\n\n\n\n<div class=\"wp-block-column is-vertically-aligned-center is-layout-flow wp-block-column-is-layout-flow\" style=\"flex-basis:44.45%\">\n<h2 class=\"wp-block-heading\">Des propositions de parcours dans les rubriques ci-dessous<\/h2>\n\n\n\n<p><\/p>\n\n\n\n<p>Nous vous <strong>sugg\u00e9rons<\/strong> des itin\u00e9raires de randonn\u00e9es \u00e0 pied, \u00e0 v\u00e9lo ou en cano\u00eb\/kayak au d\u00e9part de nos diff\u00e9rentes cabanes ou de points strat\u00e9giques de la r\u00e9gion du vignoble de Nantes.<\/p>\n\n\n\n<p class=\"has-text-align-left\">Retrouvez nos partenaires identifi\u00e9s sur les parcours par des ic\u00f4nes de couleur, n\u2019h\u00e9sitez pas \u00e0 leur rendre visite. Pour les domaines viticoles nous vous conseillons de les contacter avant votre passage.<\/p>\n<\/div>\n\n\n\n<div class=\"wp-block-column is-layout-flow wp-block-column-is-layout-flow\" style=\"flex-basis:33.33%\"><\/div>\n<\/div>\n\n\n\n<hr class=\"wp-block-separator has-alpha-channel-opacity\"\/>\n\n\n\n<div class=\"wp-block-columns is-layout-flex wp-container-core-columns-is-layout-2 wp-block-columns-is-layout-flex\">\n<div class=\"wp-block-column is-vertically-aligned-center is-layout-flow wp-block-column-is-layout-flow\">\n<div class=\"wp-block-buttons is-horizontal is-content-justification-center is-layout-flex wp-container-core-buttons-is-layout-1 wp-block-buttons-is-layout-flex\">\n<div class=\"wp-block-button\"><a class=\"wp-block-button__link has-white-color has-text-color has-background wp-element-button\" href=\"http:\/\/www.randocabane.fr\/index.php\/randonnees-pedestres\/\" style=\"background-color:#94c11f\">\u00c0 pied<\/a><\/div>\n<\/div>\n<\/div>\n\n\n\n<div class=\"wp-block-column is-layout-flow wp-block-column-is-layout-flow\">\n<div class=\"wp-block-buttons is-horizontal is-content-justification-center is-layout-flex wp-container-core-buttons-is-layout-2 wp-block-buttons-is-layout-flex\">\n<div class=\"wp-block-button\"><a class=\"wp-block-button__link has-white-color has-text-color has-background wp-element-button\" href=\"https:\/\/www.randocabane.fr\/index.php\/randonnees-a-velo\/\" style=\"background-color:#94c11f\">\u00c0 v\u00e9lo<\/a><\/div>\n<\/div>\n<\/div>\n\n\n\n<div class=\"wp-block-column is-layout-flow wp-block-column-is-layout-flow\">\n<div class=\"wp-block-buttons is-horizontal is-content-justification-center is-layout-flex wp-container-core-buttons-is-layout-3 wp-block-buttons-is-layout-flex\">\n<div class=\"wp-block-button\"><a class=\"wp-block-button__link has-white-color has-text-color has-background wp-element-button\" href=\"https:\/\/www.randocabane.fr\/index.php\/randonnees-en-canoe-ou-kayak\/\" style=\"background-color:#94c11f\">En cano\u00eb \/ Kayak<\/a><\/div>\n<\/div>\n<\/div>\n<\/div>\n\n\n\n<figure class=\"wp-block-gallery has-nested-images columns-default is-cropped wp-block-gallery-1 is-layout-flex wp-block-gallery-is-layout-flex\">\n<figure class=\"wp-block-image size-large\"><img loading=\"lazy\" decoding=\"async\" width=\"600\" height=\"400\" data-id=\"2218\" src=\"https:\/\/www.randocabane.fr\/wp-content\/uploads\/2021\/03\/visites-pe\u0301destres.png\" alt=\"visites-pe\u0301destres - id\u00e9es\" class=\"wp-image-2218\" srcset=\"https:\/\/www.randocabane.fr\/wp-content\/uploads\/2021\/03\/visites-pe\u0301destres.png 600w, https:\/\/www.randocabane.fr\/wp-content\/uploads\/2021\/03\/visites-pe\u0301destres-300x200.png 300w\" sizes=\"auto, (max-width: 600px) 100vw, 600px\" \/><\/figure>\n\n\n\n<figure class=\"wp-block-image size-large\"><img loading=\"lazy\" decoding=\"async\" width=\"1024\" height=\"683\" data-id=\"1975\" src=\"https:\/\/www.randocabane.fr\/wp-content\/uploads\/2021\/03\/velo-vignoble-1024x683.jpg\" alt=\"velo-vignoble \" class=\"wp-image-1975\" srcset=\"https:\/\/www.randocabane.fr\/wp-content\/uploads\/2021\/03\/velo-vignoble-1024x683.jpg 1024w, https:\/\/www.randocabane.fr\/wp-content\/uploads\/2021\/03\/velo-vignoble-300x200.jpg 300w, https:\/\/www.randocabane.fr\/wp-content\/uploads\/2021\/03\/velo-vignoble-768x512.jpg 768w, https:\/\/www.randocabane.fr\/wp-content\/uploads\/2021\/03\/velo-vignoble.jpg 1200w\" sizes=\"auto, (max-width: 1024px) 100vw, 1024px\" \/><\/figure>\n\n\n\n<figure class=\"wp-block-image size-large\"><img loading=\"lazy\" decoding=\"async\" width=\"1024\" height=\"683\" data-id=\"1967\" src=\"https:\/\/www.randocabane.fr\/wp-content\/uploads\/2021\/03\/canoe-kayak-sevre-1024x683.jpg\" alt=\"Randonn\u00e9es en cano\u00eb - id\u00e9es\" class=\"wp-image-1967\" srcset=\"https:\/\/www.randocabane.fr\/wp-content\/uploads\/2021\/03\/canoe-kayak-sevre-1024x683.jpg 1024w, https:\/\/www.randocabane.fr\/wp-content\/uploads\/2021\/03\/canoe-kayak-sevre-300x200.jpg 300w, https:\/\/www.randocabane.fr\/wp-content\/uploads\/2021\/03\/canoe-kayak-sevre-768x512.jpg 768w, https:\/\/www.randocabane.fr\/wp-content\/uploads\/2021\/03\/canoe-kayak-sevre.jpg 1200w\" sizes=\"auto, (max-width: 1024px) 100vw, 1024px\" \/><\/figure>\n<\/figure>\n\n\n\n<p>D\u00e9couvrez des circuits sur l&#8217;office du <a href=\"https:\/\/www.levignobledenantes-tourisme.com\/la-rando\/\" target=\"_blank\" rel=\"noreferrer noopener\">tourisme du vignoble de Nantes<\/a><\/p>\n","protected":false},"excerpt":{"rendered":"<p>Des propositions de parcours dans les rubriques ci-dessous Nous vous sugg\u00e9rons des itin\u00e9raires de randonn\u00e9es \u00e0 pied, \u00e0 v\u00e9lo ou en cano\u00eb\/kayak au d\u00e9part de nos diff\u00e9rentes cabanes ou de &#8230;<\/p>\n","protected":false},"author":2,"featured_media":0,"parent":0,"menu_order":3,"comment_status":"closed","ping_status":"closed","template":"","meta":{"footnotes":""},"class_list":["post-2380","page","type-page","status-publish","hentry"],"yoast_head":"<!-- This site is optimized with the Yoast SEO plugin v26.4 - https:\/\/yoast.com\/wordpress\/plugins\/seo\/ -->\n<title>Id\u00e9es de randonn\u00e9es - pr\u00e9parer sa randonn\u00e9e - Randocabane<\/title>\n<meta name=\"description\" content=\"D\u00e9couvrez des id\u00e9es de randonn\u00e9es dans le vignoble de Nantes. R\u00e9servez votre s\u00e9jour avec RandoCabane et voyagez au travers du vignoble.\" \/>\n<meta name=\"robots\" content=\"index, follow, max-snippet:-1, max-image-preview:large, max-video-preview:-1\" \/>\n<link rel=\"canonical\" href=\"https:\/\/www.randocabane.fr\/index.php\/idees-de-randonnees\/\" \/>\n<meta property=\"og:locale\" content=\"fr_FR\" \/>\n<meta property=\"og:type\" content=\"article\" \/>\n<meta property=\"og:title\" content=\"Id\u00e9es de randonn\u00e9es - pr\u00e9parer sa randonn\u00e9e - Randocabane\" \/>\n<meta property=\"og:description\" content=\"D\u00e9couvrez des id\u00e9es de randonn\u00e9es dans le vignoble de Nantes. R\u00e9servez votre s\u00e9jour avec RandoCabane et voyagez au travers du vignoble.\" \/>\n<meta property=\"og:url\" content=\"https:\/\/www.randocabane.fr\/index.php\/idees-de-randonnees\/\" \/>\n<meta property=\"og:site_name\" content=\"Randocabane\" \/>\n<meta property=\"article:modified_time\" content=\"2025-01-23T17:02:45+00:00\" \/>\n<meta property=\"og:image\" content=\"https:\/\/www.randocabane.fr\/wp-content\/uploads\/2021\/03\/velo-vignoble-1024x683.jpg\" \/>\n<meta name=\"twitter:card\" content=\"summary_large_image\" \/>\n<meta name=\"twitter:label1\" content=\"Dur\u00e9e de lecture estim\u00e9e\" \/>\n\t<meta name=\"twitter:data1\" content=\"2 minutes\" \/>\n<script type=\"application\/ld+json\" class=\"yoast-schema-graph\">{\"@context\":\"https:\/\/schema.org\",\"@graph\":[{\"@type\":\"WebPage\",\"@id\":\"https:\/\/www.randocabane.fr\/index.php\/idees-de-randonnees\/\",\"url\":\"https:\/\/www.randocabane.fr\/index.php\/idees-de-randonnees\/\",\"name\":\"Id\u00e9es de randonn\u00e9es - pr\u00e9parer sa randonn\u00e9e - Randocabane\",\"isPartOf\":{\"@id\":\"https:\/\/www.randocabane.fr\/#website\"},\"primaryImageOfPage\":{\"@id\":\"https:\/\/www.randocabane.fr\/index.php\/idees-de-randonnees\/#primaryimage\"},\"image\":{\"@id\":\"https:\/\/www.randocabane.fr\/index.php\/idees-de-randonnees\/#primaryimage\"},\"thumbnailUrl\":\"https:\/\/www.randocabane.fr\/wp-content\/uploads\/2021\/03\/velo-vignoble-1024x683.jpg\",\"datePublished\":\"2021-03-30T10:17:50+00:00\",\"dateModified\":\"2025-01-23T17:02:45+00:00\",\"description\":\"D\u00e9couvrez des id\u00e9es de randonn\u00e9es dans le vignoble de Nantes. R\u00e9servez votre s\u00e9jour avec RandoCabane et voyagez au travers du vignoble.\",\"breadcrumb\":{\"@id\":\"https:\/\/www.randocabane.fr\/index.php\/idees-de-randonnees\/#breadcrumb\"},\"inLanguage\":\"fr-FR\",\"potentialAction\":[{\"@type\":\"ReadAction\",\"target\":[\"https:\/\/www.randocabane.fr\/index.php\/idees-de-randonnees\/\"]}]},{\"@type\":\"ImageObject\",\"inLanguage\":\"fr-FR\",\"@id\":\"https:\/\/www.randocabane.fr\/index.php\/idees-de-randonnees\/#primaryimage\",\"url\":\"https:\/\/www.randocabane.fr\/wp-content\/uploads\/2021\/03\/velo-vignoble-1024x683.jpg\",\"contentUrl\":\"https:\/\/www.randocabane.fr\/wp-content\/uploads\/2021\/03\/velo-vignoble-1024x683.jpg\"},{\"@type\":\"BreadcrumbList\",\"@id\":\"https:\/\/www.randocabane.fr\/index.php\/idees-de-randonnees\/#breadcrumb\",\"itemListElement\":[{\"@type\":\"ListItem\",\"position\":1,\"name\":\"Accueil\",\"item\":\"https:\/\/www.randocabane.fr\/\"},{\"@type\":\"ListItem\",\"position\":2,\"name\":\"Id\u00e9es de randonn\u00e9es\"}]},{\"@type\":\"WebSite\",\"@id\":\"https:\/\/www.randocabane.fr\/#website\",\"url\":\"https:\/\/www.randocabane.fr\/\",\"name\":\"Randocabane\",\"description\":\"De cabane en cabane\",\"publisher\":{\"@id\":\"https:\/\/www.randocabane.fr\/#organization\"},\"potentialAction\":[{\"@type\":\"SearchAction\",\"target\":{\"@type\":\"EntryPoint\",\"urlTemplate\":\"https:\/\/www.randocabane.fr\/?s={search_term_string}\"},\"query-input\":{\"@type\":\"PropertyValueSpecification\",\"valueRequired\":true,\"valueName\":\"search_term_string\"}}],\"inLanguage\":\"fr-FR\"},{\"@type\":\"Organization\",\"@id\":\"https:\/\/www.randocabane.fr\/#organization\",\"name\":\"Randocabane\",\"url\":\"https:\/\/www.randocabane.fr\/\",\"logo\":{\"@type\":\"ImageObject\",\"inLanguage\":\"fr-FR\",\"@id\":\"https:\/\/www.randocabane.fr\/#\/schema\/logo\/image\/\",\"url\":\"https:\/\/www.randocabane.fr\/wp-content\/uploads\/2020\/12\/cropped-logo-randocabane-500.jpg\",\"contentUrl\":\"https:\/\/www.randocabane.fr\/wp-content\/uploads\/2020\/12\/cropped-logo-randocabane-500.jpg\",\"width\":500,\"height\":335,\"caption\":\"Randocabane\"},\"image\":{\"@id\":\"https:\/\/www.randocabane.fr\/#\/schema\/logo\/image\/\"}}]}<\/script>\n<!-- \/ Yoast SEO plugin. -->","yoast_head_json":{"title":"Id\u00e9es de randonn\u00e9es - pr\u00e9parer sa randonn\u00e9e - Randocabane","description":"D\u00e9couvrez des id\u00e9es de randonn\u00e9es dans le vignoble de Nantes. R\u00e9servez votre s\u00e9jour avec RandoCabane et voyagez au travers du vignoble.","robots":{"index":"index","follow":"follow","max-snippet":"max-snippet:-1","max-image-preview":"max-image-preview:large","max-video-preview":"max-video-preview:-1"},"canonical":"https:\/\/www.randocabane.fr\/index.php\/idees-de-randonnees\/","og_locale":"fr_FR","og_type":"article","og_title":"Id\u00e9es de randonn\u00e9es - pr\u00e9parer sa randonn\u00e9e - Randocabane","og_description":"D\u00e9couvrez des id\u00e9es de randonn\u00e9es dans le vignoble de Nantes. R\u00e9servez votre s\u00e9jour avec RandoCabane et voyagez au travers du vignoble.","og_url":"https:\/\/www.randocabane.fr\/index.php\/idees-de-randonnees\/","og_site_name":"Randocabane","article_modified_time":"2025-01-23T17:02:45+00:00","og_image":[{"url":"https:\/\/www.randocabane.fr\/wp-content\/uploads\/2021\/03\/velo-vignoble-1024x683.jpg","type":"","width":"","height":""}],"twitter_card":"summary_large_image","twitter_misc":{"Dur\u00e9e de lecture estim\u00e9e":"2 minutes"},"schema":{"@context":"https:\/\/schema.org","@graph":[{"@type":"WebPage","@id":"https:\/\/www.randocabane.fr\/index.php\/idees-de-randonnees\/","url":"https:\/\/www.randocabane.fr\/index.php\/idees-de-randonnees\/","name":"Id\u00e9es de randonn\u00e9es - pr\u00e9parer sa randonn\u00e9e - Randocabane","isPartOf":{"@id":"https:\/\/www.randocabane.fr\/#website"},"primaryImageOfPage":{"@id":"https:\/\/www.randocabane.fr\/index.php\/idees-de-randonnees\/#primaryimage"},"image":{"@id":"https:\/\/www.randocabane.fr\/index.php\/idees-de-randonnees\/#primaryimage"},"thumbnailUrl":"https:\/\/www.randocabane.fr\/wp-content\/uploads\/2021\/03\/velo-vignoble-1024x683.jpg","datePublished":"2021-03-30T10:17:50+00:00","dateModified":"2025-01-23T17:02:45+00:00","description":"D\u00e9couvrez des id\u00e9es de randonn\u00e9es dans le vignoble de Nantes. R\u00e9servez votre s\u00e9jour avec RandoCabane et voyagez au travers du vignoble.","breadcrumb":{"@id":"https:\/\/www.randocabane.fr\/index.php\/idees-de-randonnees\/#breadcrumb"},"inLanguage":"fr-FR","potentialAction":[{"@type":"ReadAction","target":["https:\/\/www.randocabane.fr\/index.php\/idees-de-randonnees\/"]}]},{"@type":"ImageObject","inLanguage":"fr-FR","@id":"https:\/\/www.randocabane.fr\/index.php\/idees-de-randonnees\/#primaryimage","url":"https:\/\/www.randocabane.fr\/wp-content\/uploads\/2021\/03\/velo-vignoble-1024x683.jpg","contentUrl":"https:\/\/www.randocabane.fr\/wp-content\/uploads\/2021\/03\/velo-vignoble-1024x683.jpg"},{"@type":"BreadcrumbList","@id":"https:\/\/www.randocabane.fr\/index.php\/idees-de-randonnees\/#breadcrumb","itemListElement":[{"@type":"ListItem","position":1,"name":"Accueil","item":"https:\/\/www.randocabane.fr\/"},{"@type":"ListItem","position":2,"name":"Id\u00e9es de randonn\u00e9es"}]},{"@type":"WebSite","@id":"https:\/\/www.randocabane.fr\/#website","url":"https:\/\/www.randocabane.fr\/","name":"Randocabane","description":"De cabane en cabane","publisher":{"@id":"https:\/\/www.randocabane.fr\/#organization"},"potentialAction":[{"@type":"SearchAction","target":{"@type":"EntryPoint","urlTemplate":"https:\/\/www.randocabane.fr\/?s={search_term_string}"},"query-input":{"@type":"PropertyValueSpecification","valueRequired":true,"valueName":"search_term_string"}}],"inLanguage":"fr-FR"},{"@type":"Organization","@id":"https:\/\/www.randocabane.fr\/#organization","name":"Randocabane","url":"https:\/\/www.randocabane.fr\/","logo":{"@type":"ImageObject","inLanguage":"fr-FR","@id":"https:\/\/www.randocabane.fr\/#\/schema\/logo\/image\/","url":"https:\/\/www.randocabane.fr\/wp-content\/uploads\/2020\/12\/cropped-logo-randocabane-500.jpg","contentUrl":"https:\/\/www.randocabane.fr\/wp-content\/uploads\/2020\/12\/cropped-logo-randocabane-500.jpg","width":500,"height":335,"caption":"Randocabane"},"image":{"@id":"https:\/\/www.randocabane.fr\/#\/schema\/logo\/image\/"}}]}},"_links":{"self":[{"href":"https:\/\/www.randocabane.fr\/index.php\/wp-json\/wp\/v2\/pages\/2380","targetHints":{"allow":["GET"]}}],"collection":[{"href":"https:\/\/www.randocabane.fr\/index.php\/wp-json\/wp\/v2\/pages"}],"about":[{"href":"https:\/\/www.randocabane.fr\/index.php\/wp-json\/wp\/v2\/types\/page"}],"author":[{"embeddable":true,"href":"https:\/\/www.randocabane.fr\/index.php\/wp-json\/wp\/v2\/users\/2"}],"replies":[{"embeddable":true,"href":"https:\/\/www.randocabane.fr\/index.php\/wp-json\/wp\/v2\/comments?post=2380"}],"version-history":[{"count":21,"href":"https:\/\/www.randocabane.fr\/index.php\/wp-json\/wp\/v2\/pages\/2380\/revisions"}],"predecessor-version":[{"id":3338,"href":"https:\/\/www.randocabane.fr\/index.php\/wp-json\/wp\/v2\/pages\/2380\/revisions\/3338"}],"wp:attachment":[{"href":"https:\/\/www.randocabane.fr\/index.php\/wp-json\/wp\/v2\/media?parent=2380"}],"curies":[{"name":"wp","href":"https:\/\/api.w.org\/{rel}","templated":true}]}}