{"id":2861,"date":"2021-05-10T12:39:31","date_gmt":"2021-05-10T10:39:31","guid":{"rendered":"https:\/\/www.randocabane.fr\/?page_id=2861"},"modified":"2026-01-16T14:50:43","modified_gmt":"2026-01-16T13:50:43","slug":"offrez-une-nuit-en-cabane-de-randonnee","status":"publish","type":"page","link":"https:\/\/www.randocabane.fr\/index.php\/offrez-une-nuit-en-cabane-de-randonnee\/","title":{"rendered":"Offrez une Nuit en Cabane de randonn\u00e9e"},"content":{"rendered":"<div class=\"wp-block-image\">\n<figure class=\"aligncenter size-full is-resized\"><img loading=\"lazy\" decoding=\"async\" width=\"661\" height=\"120\" src=\"https:\/\/www.randocabane.fr\/wp-content\/uploads\/2026\/01\/bon-cadeau-a-offrir.jpg\" alt=\"\" class=\"wp-image-3465\" style=\"width:501px;height:auto\" srcset=\"https:\/\/www.randocabane.fr\/wp-content\/uploads\/2026\/01\/bon-cadeau-a-offrir.jpg 661w, https:\/\/www.randocabane.fr\/wp-content\/uploads\/2026\/01\/bon-cadeau-a-offrir-300x54.jpg 300w\" sizes=\"auto, (max-width: 661px) 100vw, 661px\" \/><\/figure><\/div>\n\n\n<h2 class=\"wp-block-heading\">Cette page est d\u00e9di\u00e9e aux Bons Cadeaux RandoCabane pour la saison 2026<\/h2>\n\n\n\n<p>Voici quelques exemples de Cadeaux, vous souhaitez une formule adapt\u00e9e \u00e0 votre budget ou au nombre de personnes, merci de nous consulter, nous pr\u00e9parerons le package ensemble.<\/p>\n\n\n<div class=\"wp-block-image\">\n<figure class=\"aligncenter size-full\"><img loading=\"lazy\" decoding=\"async\" width=\"800\" height=\"170\" src=\"https:\/\/www.randocabane.fr\/wp-content\/uploads\/2022\/12\/a-la-carte-1.jpg\" alt=\"\" class=\"wp-image-3160\" srcset=\"https:\/\/www.randocabane.fr\/wp-content\/uploads\/2022\/12\/a-la-carte-1.jpg 800w, https:\/\/www.randocabane.fr\/wp-content\/uploads\/2022\/12\/a-la-carte-1-300x64.jpg 300w, https:\/\/www.randocabane.fr\/wp-content\/uploads\/2022\/12\/a-la-carte-1-768x163.jpg 768w\" sizes=\"auto, (max-width: 800px) 100vw, 800px\" \/><\/figure><\/div>\n\n<div class=\"easyloisirs_module\" data-hash=\"b12baf12157e19ebe1d0189c9b3b8ad0c40a5a1e\"><\/div>\n\n\n\n<figure class=\"wp-block-image size-large\"><img loading=\"lazy\" decoding=\"async\" width=\"1024\" height=\"76\" src=\"https:\/\/www.randocabane.fr\/wp-content\/uploads\/2026\/01\/bon-cadeau-a-offrir-2026-1024x76.jpg\" alt=\"\" class=\"wp-image-3469\" srcset=\"https:\/\/www.randocabane.fr\/wp-content\/uploads\/2026\/01\/bon-cadeau-a-offrir-2026-1024x76.jpg 1024w, https:\/\/www.randocabane.fr\/wp-content\/uploads\/2026\/01\/bon-cadeau-a-offrir-2026-300x22.jpg 300w, https:\/\/www.randocabane.fr\/wp-content\/uploads\/2026\/01\/bon-cadeau-a-offrir-2026-768x57.jpg 768w, https:\/\/www.randocabane.fr\/wp-content\/uploads\/2026\/01\/bon-cadeau-a-offrir-2026-1536x113.jpg 1536w, https:\/\/www.randocabane.fr\/wp-content\/uploads\/2026\/01\/bon-cadeau-a-offrir-2026.jpg 1666w\" sizes=\"auto, (max-width: 1024px) 100vw, 1024px\" \/><\/figure>\n\n\n\n<h2 class=\"wp-block-heading\">Nouveaut\u00e9 2026<\/h2>\n\n\n\n<h2 class=\"wp-block-heading\">Offre semaine du lundi au jeudi<\/h2>\n\n\n<div class=\"easyloisirs_module\" data-hash=\"e0fd9fe0ef7b6a3501c85215407eb202d3952433\"><\/div>\n\n\n\n<p><\/p>\n","protected":false},"excerpt":{"rendered":"<p>Cette page est d\u00e9di\u00e9e aux Bons Cadeaux RandoCabane pour la saison 2026 Voici quelques exemples de Cadeaux, vous souhaitez une formule adapt\u00e9e \u00e0 votre budget ou au nombre de personnes, &#8230;<\/p>\n","protected":false},"author":2,"featured_media":0,"parent":0,"menu_order":3,"comment_status":"closed","ping_status":"closed","template":"","meta":{"footnotes":""},"class_list":["post-2861","page","type-page","status-publish","hentry"],"yoast_head":"<!-- This site is optimized with the Yoast SEO plugin v26.4 - https:\/\/yoast.com\/wordpress\/plugins\/seo\/ -->\n<title>Offrez une Nuit en Cabane de randonn\u00e9e - Randocabane<\/title>\n<meta name=\"description\" content=\"Vous recherchez un cadeau original pour des amoureux de la randonn\u00e9e, offrez une nuit en cabane dans le vignoble de Nantes\" \/>\n<meta name=\"robots\" content=\"index, follow, max-snippet:-1, max-image-preview:large, max-video-preview:-1\" \/>\n<link rel=\"canonical\" href=\"https:\/\/www.randocabane.fr\/index.php\/offrez-une-nuit-en-cabane-de-randonnee\/\" \/>\n<meta property=\"og:locale\" content=\"fr_FR\" \/>\n<meta property=\"og:type\" content=\"article\" \/>\n<meta property=\"og:title\" content=\"Offrez une Nuit en Cabane de randonn\u00e9e - Randocabane\" \/>\n<meta property=\"og:description\" content=\"Vous recherchez un cadeau original pour des amoureux de la randonn\u00e9e, offrez une nuit en cabane dans le vignoble de Nantes\" \/>\n<meta property=\"og:url\" content=\"https:\/\/www.randocabane.fr\/index.php\/offrez-une-nuit-en-cabane-de-randonnee\/\" \/>\n<meta property=\"og:site_name\" content=\"Randocabane\" \/>\n<meta property=\"article:modified_time\" content=\"2026-01-16T13:50:43+00:00\" \/>\n<meta property=\"og:image\" content=\"https:\/\/www.randocabane.fr\/wp-content\/uploads\/2026\/01\/bon-cadeau-a-offrir.jpg\" \/>\n\t<meta property=\"og:image:width\" content=\"661\" \/>\n\t<meta property=\"og:image:height\" content=\"120\" \/>\n\t<meta property=\"og:image:type\" content=\"image\/jpeg\" \/>\n<meta name=\"twitter:card\" content=\"summary_large_image\" \/>\n<meta name=\"twitter:label1\" content=\"Dur\u00e9e de lecture estim\u00e9e\" \/>\n\t<meta name=\"twitter:data1\" content=\"1 minute\" \/>\n<script type=\"application\/ld+json\" class=\"yoast-schema-graph\">{\"@context\":\"https:\/\/schema.org\",\"@graph\":[{\"@type\":\"WebPage\",\"@id\":\"https:\/\/www.randocabane.fr\/index.php\/offrez-une-nuit-en-cabane-de-randonnee\/\",\"url\":\"https:\/\/www.randocabane.fr\/index.php\/offrez-une-nuit-en-cabane-de-randonnee\/\",\"name\":\"Offrez une Nuit en Cabane de randonn\u00e9e - Randocabane\",\"isPartOf\":{\"@id\":\"https:\/\/www.randocabane.fr\/#website\"},\"primaryImageOfPage\":{\"@id\":\"https:\/\/www.randocabane.fr\/index.php\/offrez-une-nuit-en-cabane-de-randonnee\/#primaryimage\"},\"image\":{\"@id\":\"https:\/\/www.randocabane.fr\/index.php\/offrez-une-nuit-en-cabane-de-randonnee\/#primaryimage\"},\"thumbnailUrl\":\"https:\/\/www.randocabane.fr\/wp-content\/uploads\/2026\/01\/bon-cadeau-a-offrir.jpg\",\"datePublished\":\"2021-05-10T10:39:31+00:00\",\"dateModified\":\"2026-01-16T13:50:43+00:00\",\"description\":\"Vous recherchez un cadeau original pour des amoureux de la randonn\u00e9e, offrez une nuit en cabane dans le vignoble de Nantes\",\"breadcrumb\":{\"@id\":\"https:\/\/www.randocabane.fr\/index.php\/offrez-une-nuit-en-cabane-de-randonnee\/#breadcrumb\"},\"inLanguage\":\"fr-FR\",\"potentialAction\":[{\"@type\":\"ReadAction\",\"target\":[\"https:\/\/www.randocabane.fr\/index.php\/offrez-une-nuit-en-cabane-de-randonnee\/\"]}]},{\"@type\":\"ImageObject\",\"inLanguage\":\"fr-FR\",\"@id\":\"https:\/\/www.randocabane.fr\/index.php\/offrez-une-nuit-en-cabane-de-randonnee\/#primaryimage\",\"url\":\"https:\/\/www.randocabane.fr\/wp-content\/uploads\/2026\/01\/bon-cadeau-a-offrir.jpg\",\"contentUrl\":\"https:\/\/www.randocabane.fr\/wp-content\/uploads\/2026\/01\/bon-cadeau-a-offrir.jpg\",\"width\":661,\"height\":120},{\"@type\":\"BreadcrumbList\",\"@id\":\"https:\/\/www.randocabane.fr\/index.php\/offrez-une-nuit-en-cabane-de-randonnee\/#breadcrumb\",\"itemListElement\":[{\"@type\":\"ListItem\",\"position\":1,\"name\":\"Accueil\",\"item\":\"https:\/\/www.randocabane.fr\/\"},{\"@type\":\"ListItem\",\"position\":2,\"name\":\"Offrez une Nuit en Cabane de randonn\u00e9e\"}]},{\"@type\":\"WebSite\",\"@id\":\"https:\/\/www.randocabane.fr\/#website\",\"url\":\"https:\/\/www.randocabane.fr\/\",\"name\":\"Randocabane\",\"description\":\"De cabane en cabane\",\"publisher\":{\"@id\":\"https:\/\/www.randocabane.fr\/#organization\"},\"potentialAction\":[{\"@type\":\"SearchAction\",\"target\":{\"@type\":\"EntryPoint\",\"urlTemplate\":\"https:\/\/www.randocabane.fr\/?s={search_term_string}\"},\"query-input\":{\"@type\":\"PropertyValueSpecification\",\"valueRequired\":true,\"valueName\":\"search_term_string\"}}],\"inLanguage\":\"fr-FR\"},{\"@type\":\"Organization\",\"@id\":\"https:\/\/www.randocabane.fr\/#organization\",\"name\":\"Randocabane\",\"url\":\"https:\/\/www.randocabane.fr\/\",\"logo\":{\"@type\":\"ImageObject\",\"inLanguage\":\"fr-FR\",\"@id\":\"https:\/\/www.randocabane.fr\/#\/schema\/logo\/image\/\",\"url\":\"https:\/\/www.randocabane.fr\/wp-content\/uploads\/2020\/12\/cropped-logo-randocabane-500.jpg\",\"contentUrl\":\"https:\/\/www.randocabane.fr\/wp-content\/uploads\/2020\/12\/cropped-logo-randocabane-500.jpg\",\"width\":500,\"height\":335,\"caption\":\"Randocabane\"},\"image\":{\"@id\":\"https:\/\/www.randocabane.fr\/#\/schema\/logo\/image\/\"}}]}<\/script>\n<!-- \/ Yoast SEO plugin. -->","yoast_head_json":{"title":"Offrez une Nuit en Cabane de randonn\u00e9e - Randocabane","description":"Vous recherchez un cadeau original pour des amoureux de la randonn\u00e9e, offrez une nuit en cabane dans le vignoble de Nantes","robots":{"index":"index","follow":"follow","max-snippet":"max-snippet:-1","max-image-preview":"max-image-preview:large","max-video-preview":"max-video-preview:-1"},"canonical":"https:\/\/www.randocabane.fr\/index.php\/offrez-une-nuit-en-cabane-de-randonnee\/","og_locale":"fr_FR","og_type":"article","og_title":"Offrez une Nuit en Cabane de randonn\u00e9e - Randocabane","og_description":"Vous recherchez un cadeau original pour des amoureux de la randonn\u00e9e, offrez une nuit en cabane dans le vignoble de Nantes","og_url":"https:\/\/www.randocabane.fr\/index.php\/offrez-une-nuit-en-cabane-de-randonnee\/","og_site_name":"Randocabane","article_modified_time":"2026-01-16T13:50:43+00:00","og_image":[{"width":661,"height":120,"url":"https:\/\/www.randocabane.fr\/wp-content\/uploads\/2026\/01\/bon-cadeau-a-offrir.jpg","type":"image\/jpeg"}],"twitter_card":"summary_large_image","twitter_misc":{"Dur\u00e9e de lecture estim\u00e9e":"1 minute"},"schema":{"@context":"https:\/\/schema.org","@graph":[{"@type":"WebPage","@id":"https:\/\/www.randocabane.fr\/index.php\/offrez-une-nuit-en-cabane-de-randonnee\/","url":"https:\/\/www.randocabane.fr\/index.php\/offrez-une-nuit-en-cabane-de-randonnee\/","name":"Offrez une Nuit en Cabane de randonn\u00e9e - Randocabane","isPartOf":{"@id":"https:\/\/www.randocabane.fr\/#website"},"primaryImageOfPage":{"@id":"https:\/\/www.randocabane.fr\/index.php\/offrez-une-nuit-en-cabane-de-randonnee\/#primaryimage"},"image":{"@id":"https:\/\/www.randocabane.fr\/index.php\/offrez-une-nuit-en-cabane-de-randonnee\/#primaryimage"},"thumbnailUrl":"https:\/\/www.randocabane.fr\/wp-content\/uploads\/2026\/01\/bon-cadeau-a-offrir.jpg","datePublished":"2021-05-10T10:39:31+00:00","dateModified":"2026-01-16T13:50:43+00:00","description":"Vous recherchez un cadeau original pour des amoureux de la randonn\u00e9e, offrez une nuit en cabane dans le vignoble de Nantes","breadcrumb":{"@id":"https:\/\/www.randocabane.fr\/index.php\/offrez-une-nuit-en-cabane-de-randonnee\/#breadcrumb"},"inLanguage":"fr-FR","potentialAction":[{"@type":"ReadAction","target":["https:\/\/www.randocabane.fr\/index.php\/offrez-une-nuit-en-cabane-de-randonnee\/"]}]},{"@type":"ImageObject","inLanguage":"fr-FR","@id":"https:\/\/www.randocabane.fr\/index.php\/offrez-une-nuit-en-cabane-de-randonnee\/#primaryimage","url":"https:\/\/www.randocabane.fr\/wp-content\/uploads\/2026\/01\/bon-cadeau-a-offrir.jpg","contentUrl":"https:\/\/www.randocabane.fr\/wp-content\/uploads\/2026\/01\/bon-cadeau-a-offrir.jpg","width":661,"height":120},{"@type":"BreadcrumbList","@id":"https:\/\/www.randocabane.fr\/index.php\/offrez-une-nuit-en-cabane-de-randonnee\/#breadcrumb","itemListElement":[{"@type":"ListItem","position":1,"name":"Accueil","item":"https:\/\/www.randocabane.fr\/"},{"@type":"ListItem","position":2,"name":"Offrez une Nuit en Cabane de randonn\u00e9e"}]},{"@type":"WebSite","@id":"https:\/\/www.randocabane.fr\/#website","url":"https:\/\/www.randocabane.fr\/","name":"Randocabane","description":"De cabane en cabane","publisher":{"@id":"https:\/\/www.randocabane.fr\/#organization"},"potentialAction":[{"@type":"SearchAction","target":{"@type":"EntryPoint","urlTemplate":"https:\/\/www.randocabane.fr\/?s={search_term_string}"},"query-input":{"@type":"PropertyValueSpecification","valueRequired":true,"valueName":"search_term_string"}}],"inLanguage":"fr-FR"},{"@type":"Organization","@id":"https:\/\/www.randocabane.fr\/#organization","name":"Randocabane","url":"https:\/\/www.randocabane.fr\/","logo":{"@type":"ImageObject","inLanguage":"fr-FR","@id":"https:\/\/www.randocabane.fr\/#\/schema\/logo\/image\/","url":"https:\/\/www.randocabane.fr\/wp-content\/uploads\/2020\/12\/cropped-logo-randocabane-500.jpg","contentUrl":"https:\/\/www.randocabane.fr\/wp-content\/uploads\/2020\/12\/cropped-logo-randocabane-500.jpg","width":500,"height":335,"caption":"Randocabane"},"image":{"@id":"https:\/\/www.randocabane.fr\/#\/schema\/logo\/image\/"}}]}},"_links":{"self":[{"href":"https:\/\/www.randocabane.fr\/index.php\/wp-json\/wp\/v2\/pages\/2861","targetHints":{"allow":["GET"]}}],"collection":[{"href":"https:\/\/www.randocabane.fr\/index.php\/wp-json\/wp\/v2\/pages"}],"about":[{"href":"https:\/\/www.randocabane.fr\/index.php\/wp-json\/wp\/v2\/types\/page"}],"author":[{"embeddable":true,"href":"https:\/\/www.randocabane.fr\/index.php\/wp-json\/wp\/v2\/users\/2"}],"replies":[{"embeddable":true,"href":"https:\/\/www.randocabane.fr\/index.php\/wp-json\/wp\/v2\/comments?post=2861"}],"version-history":[{"count":16,"href":"https:\/\/www.randocabane.fr\/index.php\/wp-json\/wp\/v2\/pages\/2861\/revisions"}],"predecessor-version":[{"id":3471,"href":"https:\/\/www.randocabane.fr\/index.php\/wp-json\/wp\/v2\/pages\/2861\/revisions\/3471"}],"wp:attachment":[{"href":"https:\/\/www.randocabane.fr\/index.php\/wp-json\/wp\/v2\/media?parent=2861"}],"curies":[{"name":"wp","href":"https:\/\/api.w.org\/{rel}","templated":true}]}}